{"id":13964,"date":"2025-10-01T08:47:00","date_gmt":"2025-10-01T08:47:00","guid":{"rendered":"https:\/\/hteck.fr\/product\/casque-audio-stereo-apple-lightning-mwty3zm-a-blanc\/"},"modified":"2025-10-01T08:47:00","modified_gmt":"2025-10-01T08:47:00","slug":"casque-audio-stereo-apple-lightning-mwty3zm-a-blanc","status":"publish","type":"product","link":"https:\/\/hteck.fr\/fr\/produit\/casque-audio-stereo-apple-lightning-mwty3zm-a-blanc\/","title":{"rendered":"Casque audio st\u00e9r\u00e9o Apple Lightning MWTY3ZM\/a, Blanc"},"content":{"rendered":"<p>Les \u00e9couteurs intra-auriculaires sont sp\u00e9cialement con\u00e7us pour se glisser derri\u00e8re le clip auriculaire et dans le canal auditif. Les meilleurs \u00e9couteurs intra-auriculaires vous permettent d&rsquo;\u00e9couter vos chansons pr\u00e9f\u00e9r\u00e9es, des livres audio ou de parler au t\u00e9l\u00e9phone de mani\u00e8re polyvalente et confortable. Le plus grand avantage de ce type d&rsquo;\u00e9couteurs est leur compacit\u00e9 &#8211; ils se glissent facilement dans une poche ou un sac \u00e0 main. La plupart des marques haut de gamme proposent aujourd&rsquo;hui un \u00e9tui rigide pour leurs \u00e9couteurs, les rendant difficiles \u00e0 casser et faciles \u00e0 transporter &#8211; plus besoin de s&rsquo;inqui\u00e9ter que les cordons ne se pincent ou ne s&#8217;emm\u00ealent. Un autre avantage de ces \u00e9couteurs est le confort. Certaines marques proposent des \u00e9couteurs personnalis\u00e9s qui s&rsquo;adaptent parfaitement \u00e0 vos oreilles. \u00c9tant donn\u00e9 qu&rsquo;ils sont situ\u00e9s dans le canal auditif, l&rsquo;isolation phonique est vraiment excellente. D&rsquo;un point de vue technique, la qualit\u00e9 sonore est meilleure car les \u00e9couteurs sont litt\u00e9ralement plus proches du tympan (il convient donc d&rsquo;\u00eatre prudent lors de l&rsquo;\u00e9coute de musique \u00e0 tr\u00e8s fort volume). De nos jours, le choix d&rsquo;\u00e9couteurs intra-auriculaires est tr\u00e8s vaste, vous pouvez donc opter pour des \u00e9couteurs intra-auriculaires sans fil ou filaires selon vos besoins.        <\/p>\n","protected":false},"excerpt":{"rendered":"<p>Les \u00e9couteurs intra-auriculaires sont sp\u00e9cialement con\u00e7us pour se glisser derri\u00e8re le clip auriculaire et dans le canal auditif. Les meilleurs<\/p>\n","protected":false},"featured_media":12192,"comment_status":"open","ping_status":"closed","template":"","meta":[],"product_brand":[123],"product_cat":[230,233],"product_tag":[757,609,756,759,755,760,761,758,644,689],"class_list":{"0":"post-13964","1":"product","2":"type-product","3":"status-publish","4":"has-post-thumbnail","6":"product_brand-apple","7":"product_cat-casques","8":"product_cat-filaire","9":"product_tag-audio-stereo","10":"product_tag-blanc","11":"product_tag-casque-filaire","12":"product_tag-compatible","13":"product_tag-ecouteurs-lightning","14":"product_tag-ecouteurs-pour-iphone","15":"product_tag-meilleurs-ecouteurs-apple","16":"product_tag-mwty3zm-a","17":"product_tag-original","18":"product_tag-pomme","20":"first","21":"instock","22":"shipping-taxable","23":"purchasable","24":"product-type-simple"},"_links":{"self":[{"href":"https:\/\/hteck.fr\/fr\/wp-json\/wp\/v2\/product\/13964","targetHints":{"allow":["GET"]}}],"collection":[{"href":"https:\/\/hteck.fr\/fr\/wp-json\/wp\/v2\/product"}],"about":[{"href":"https:\/\/hteck.fr\/fr\/wp-json\/wp\/v2\/types\/product"}],"replies":[{"embeddable":true,"href":"https:\/\/hteck.fr\/fr\/wp-json\/wp\/v2\/comments?post=13964"}],"version-history":[{"count":0,"href":"https:\/\/hteck.fr\/fr\/wp-json\/wp\/v2\/product\/13964\/revisions"}],"wp:featuredmedia":[{"embeddable":true,"href":"https:\/\/hteck.fr\/fr\/wp-json\/wp\/v2\/media\/12192"}],"wp:attachment":[{"href":"https:\/\/hteck.fr\/fr\/wp-json\/wp\/v2\/media?parent=13964"}],"wp:term":[{"taxonomy":"product_brand","embeddable":true,"href":"https:\/\/hteck.fr\/fr\/wp-json\/wp\/v2\/product_brand?post=13964"},{"taxonomy":"product_cat","embeddable":true,"href":"https:\/\/hteck.fr\/fr\/wp-json\/wp\/v2\/product_cat?post=13964"},{"taxonomy":"product_tag","embeddable":true,"href":"https:\/\/hteck.fr\/fr\/wp-json\/wp\/v2\/product_tag?post=13964"}],"curies":[{"name":"wp","href":"https:\/\/api.w.org\/{rel}","templated":true}]}}