{"id":13963,"date":"2025-10-01T08:47:01","date_gmt":"2025-10-01T08:47:01","guid":{"rendered":"https:\/\/hteck.fr\/product\/ecouteurs-apple-earpods-stereo-avec-jack-35-mm-mnhf2zm-a-blanc\/"},"modified":"2025-10-01T08:47:01","modified_gmt":"2025-10-01T08:47:01","slug":"ecouteurs-apple-earpods-stereo-avec-jack-35-mm-mnhf2zm-a-blanc","status":"publish","type":"product","link":"https:\/\/hteck.fr\/fr\/produit\/ecouteurs-apple-earpods-stereo-avec-jack-35-mm-mnhf2zm-a-blanc\/","title":{"rendered":"\u00c9couteurs Apple EarPods st\u00e9r\u00e9o avec jack 3,5 mm, MNHF2ZM\/a, Blanc"},"content":{"rendered":"<p>Contrairement aux \u00e9couteurs traditionnels de forme ronde, les EarPods ont \u00e9t\u00e9 con\u00e7us en se basant sur la morphologie de l&rsquo;oreille humaine. C&rsquo;est la raison pour laquelle ils offrent un confort sup\u00e9rieur \u00e0 un plus grand nombre d&rsquo;utilisateurs que tout autre type d&rsquo;\u00e9couteurs intra-auriculaires. <\/p>\n<p>Les haut-parleurs des EarPods ont \u00e9t\u00e9 con\u00e7us pour minimiser les fuites sonores et optimiser la sortie audio, vous offrant ainsi une qualit\u00e9 sonore exceptionnelle.<br \/>\nLes EarPods avec connecteur Lightning disposent \u00e9galement d&rsquo;une t\u00e9l\u00e9commande int\u00e9gr\u00e9e permettant d&rsquo;ajuster le volume, de contr\u00f4ler la lecture de musique et de films, et m\u00eame de r\u00e9pondre aux appels d&rsquo;un simple clic.<br \/>\nCaract\u00e9ristiques principales<br \/>\nCon\u00e7us par Apple<br \/>\nBasses plus riches et plus profondes<br \/>\nMeilleure protection contre la transpiration et l&rsquo;eau<br \/>\nContr\u00f4le de la lecture de musique et de vid\u00e9os<br \/>\nAcceptation et fin des appels<br \/>\nContenu de l&#8217;emballage<br \/>\nEarPods avec connecteur Lightning<br \/>\nAutres caract\u00e9ristiques<br \/>\nAvec t\u00e9l\u00e9commande et microphone<br \/>\nConfiguration requise<br \/>\nCompatibilit\u00e9 : Tous les appareils dot\u00e9s d&rsquo;un connecteur Lightning prenant en charge iOS 10 ou version ult\u00e9rieure, y compris iPod touch, iPad et iPhone<\/p>\n","protected":false},"excerpt":{"rendered":"<p>Contrairement aux \u00e9couteurs traditionnels de forme ronde, les EarPods ont \u00e9t\u00e9 con\u00e7us en se basant sur la morphologie de l&rsquo;oreille<\/p>\n","protected":false},"featured_media":12194,"comment_status":"open","ping_status":"closed","template":"","meta":[],"product_brand":[123],"product_cat":[230,233],"product_tag":[609,725,731,730,750,752,748,689,746],"class_list":{"0":"post-13963","1":"product","2":"type-product","3":"status-publish","4":"has-post-thumbnail","6":"product_brand-apple","7":"product_cat-casques","8":"product_cat-filaire","9":"product_tag-blanc","10":"product_tag-casque-stereo","11":"product_tag-compatible-avec-liphone","12":"product_tag-ecouteurs","13":"product_tag-ecouteurs-filaires-2","14":"product_tag-ecouteurs-originaux-de-la-pomme","15":"product_tag-mnhf2zm-a","16":"product_tag-pomme","17":"product_tag-prise-de-35-mm","19":"first","20":"instock","21":"shipping-taxable","22":"purchasable","23":"product-type-simple"},"_links":{"self":[{"href":"https:\/\/hteck.fr\/fr\/wp-json\/wp\/v2\/product\/13963","targetHints":{"allow":["GET"]}}],"collection":[{"href":"https:\/\/hteck.fr\/fr\/wp-json\/wp\/v2\/product"}],"about":[{"href":"https:\/\/hteck.fr\/fr\/wp-json\/wp\/v2\/types\/product"}],"replies":[{"embeddable":true,"href":"https:\/\/hteck.fr\/fr\/wp-json\/wp\/v2\/comments?post=13963"}],"version-history":[{"count":0,"href":"https:\/\/hteck.fr\/fr\/wp-json\/wp\/v2\/product\/13963\/revisions"}],"wp:featuredmedia":[{"embeddable":true,"href":"https:\/\/hteck.fr\/fr\/wp-json\/wp\/v2\/media\/12194"}],"wp:attachment":[{"href":"https:\/\/hteck.fr\/fr\/wp-json\/wp\/v2\/media?parent=13963"}],"wp:term":[{"taxonomy":"product_brand","embeddable":true,"href":"https:\/\/hteck.fr\/fr\/wp-json\/wp\/v2\/product_brand?post=13963"},{"taxonomy":"product_cat","embeddable":true,"href":"https:\/\/hteck.fr\/fr\/wp-json\/wp\/v2\/product_cat?post=13963"},{"taxonomy":"product_tag","embeddable":true,"href":"https:\/\/hteck.fr\/fr\/wp-json\/wp\/v2\/product_tag?post=13963"}],"curies":[{"name":"wp","href":"https:\/\/api.w.org\/{rel}","templated":true}]}}