{"id":13961,"date":"2025-10-01T08:47:01","date_gmt":"2025-10-01T08:47:01","guid":{"rendered":"https:\/\/hteck.fr\/product\/apple-mtjy3zm-a-earpods-usb-c\/"},"modified":"2025-10-01T08:47:01","modified_gmt":"2025-10-01T08:47:01","slug":"apple-mtjy3zm-a-earpods-usb-c","status":"publish","type":"product","link":"https:\/\/hteck.fr\/fr\/produit\/apple-mtjy3zm-a-earpods-usb-c\/","title":{"rendered":"Apple MTJY3ZM\/a EarPods (USB-c)"},"content":{"rendered":"<p>Contrairement aux \u00e9couteurs intra-auriculaires traditionnels de forme ronde, la conception des EarPods est bas\u00e9e sur la g\u00e9om\u00e9trie de l&rsquo;oreille humaine. Par cons\u00e9quent, un plus grand nombre de personnes peuvent les porter confortablement par rapport \u00e0 tout autre \u00e9couteur intra-auriculaire.<br \/>\nLes haut-parleurs \u00e0 l&rsquo;int\u00e9rieur des EarPods sont con\u00e7us pour une sortie audio de haute qualit\u00e9.<br \/>\nVous pouvez utiliser la commande sur le cordon des EarPods (USB-C) pour ajuster le volume, contr\u00f4ler la lecture de musique et de vid\u00e9o, ou r\u00e9pondre et terminer des appels. <\/p>\n<p>Caract\u00e9ristiques principales :<br \/>\n&#8211; Design Apple<br \/>\n&#8211; Basses profondes et riches<br \/>\n&#8211; Protection contre la transpiration et l&rsquo;eau<br \/>\n&#8211; Contr\u00f4le de la lecture de musique et de vid\u00e9o<br \/>\n&#8211; R\u00e9ponse et fin d&rsquo;appels<\/p>\n","protected":false},"excerpt":{"rendered":"<p>Contrairement aux \u00e9couteurs intra-auriculaires traditionnels de forme ronde, la conception des EarPods est bas\u00e9e sur la g\u00e9om\u00e9trie de l&rsquo;oreille humaine.<\/p>\n","protected":false},"featured_media":12196,"comment_status":"open","ping_status":"closed","template":"","meta":[],"product_brand":[123],"product_cat":[230,233],"product_tag":[745,606,743,730,739,741,689,690],"class_list":{"0":"post-13961","1":"product","2":"type-product","3":"status-publish","4":"has-post-thumbnail","6":"product_brand-apple","7":"product_cat-casques","8":"product_cat-filaire","9":"product_tag-accessoires-apple","10":"product_tag-cablee","11":"product_tag-dernier-iphone","12":"product_tag-ecouteurs","13":"product_tag-ecouteurs-usb-c","14":"product_tag-mtjy3zm-a","15":"product_tag-pomme","16":"product_tag-un-son-de-haute-qualite","18":"first","19":"instock","20":"shipping-taxable","21":"purchasable","22":"product-type-simple"},"_links":{"self":[{"href":"https:\/\/hteck.fr\/fr\/wp-json\/wp\/v2\/product\/13961","targetHints":{"allow":["GET"]}}],"collection":[{"href":"https:\/\/hteck.fr\/fr\/wp-json\/wp\/v2\/product"}],"about":[{"href":"https:\/\/hteck.fr\/fr\/wp-json\/wp\/v2\/types\/product"}],"replies":[{"embeddable":true,"href":"https:\/\/hteck.fr\/fr\/wp-json\/wp\/v2\/comments?post=13961"}],"version-history":[{"count":0,"href":"https:\/\/hteck.fr\/fr\/wp-json\/wp\/v2\/product\/13961\/revisions"}],"wp:featuredmedia":[{"embeddable":true,"href":"https:\/\/hteck.fr\/fr\/wp-json\/wp\/v2\/media\/12196"}],"wp:attachment":[{"href":"https:\/\/hteck.fr\/fr\/wp-json\/wp\/v2\/media?parent=13961"}],"wp:term":[{"taxonomy":"product_brand","embeddable":true,"href":"https:\/\/hteck.fr\/fr\/wp-json\/wp\/v2\/product_brand?post=13961"},{"taxonomy":"product_cat","embeddable":true,"href":"https:\/\/hteck.fr\/fr\/wp-json\/wp\/v2\/product_cat?post=13961"},{"taxonomy":"product_tag","embeddable":true,"href":"https:\/\/hteck.fr\/fr\/wp-json\/wp\/v2\/product_tag?post=13961"}],"curies":[{"name":"wp","href":"https:\/\/api.w.org\/{rel}","templated":true}]}}