{"id":13959,"date":"2025-10-01T08:47:02","date_gmt":"2025-10-01T08:47:02","guid":{"rendered":"https:\/\/hteck.fr\/product\/ecouteurs-samsung-de-type-c-eo-ic100bb-noir\/"},"modified":"2025-10-01T08:47:02","modified_gmt":"2025-10-01T08:47:02","slug":"ecouteurs-samsung-de-type-c-eo-ic100bb-noir","status":"publish","type":"product","link":"https:\/\/hteck.fr\/fr\/produit\/ecouteurs-samsung-de-type-c-eo-ic100bb-noir\/","title":{"rendered":"\u00c9couteurs Samsung de type C EO-IC100BB, noir"},"content":{"rendered":"<p>Casque Samsung, sur lequel le c\u00e9l\u00e8bre fabricant de mat\u00e9riel audio AKG a \u00e9galement collabor\u00e9.<br \/>\nVous pouvez ais\u00e9ment connecter un c\u00e2ble de 1,2 m\u00e8tre \u00e0 toute entr\u00e9e USB-C.<br \/>\nLe casque est \u00e9quip\u00e9 d&rsquo;un convertisseur DAC int\u00e9gr\u00e9, garantissant ainsi la compatibilit\u00e9 avec tous les t\u00e9l\u00e9phones dot\u00e9s d&rsquo;un connecteur USB-C et d\u00e9pourvus d&rsquo;une prise audio de 3,5 mm.<\/p>\n<p>Sensibilit\u00e9 : 93,2 dB<br \/>\nFr\u00e9quence : 20 ~ 20 kHz<br \/>\nImp\u00e9dance : 32 ohms<br \/>\nConnecteur : USB-C<br \/>\nCommande sur c\u00e2ble<br \/>\nConvertisseur DAC<\/p>\n","protected":false},"excerpt":{"rendered":"<p>Casque Samsung, sur lequel le c\u00e9l\u00e8bre fabricant de mat\u00e9riel audio AKG a \u00e9galement collabor\u00e9. Vous pouvez ais\u00e9ment connecter un c\u00e2ble<\/p>\n","protected":false},"featured_media":12199,"comment_status":"open","ping_status":"closed","template":"","meta":[],"product_brand":[124],"product_cat":[230,233],"product_tag":[737,606,738,733,735,679,607,727],"class_list":{"0":"post-13959","1":"product","2":"type-product","3":"status-publish","4":"has-post-thumbnail","6":"product_brand-samsung","7":"product_cat-casques","8":"product_cat-filaire","9":"product_tag-accessoires-originaux","10":"product_tag-cablee","11":"product_tag-compatible-avec-la-galaxie","12":"product_tag-ecouteurs-de-type-c","13":"product_tag-eo-ic100bb","14":"product_tag-isolation-du-bruit","15":"product_tag-noir","16":"product_tag-samsung","18":"first","19":"instock","20":"shipping-taxable","21":"purchasable","22":"product-type-simple"},"_links":{"self":[{"href":"https:\/\/hteck.fr\/fr\/wp-json\/wp\/v2\/product\/13959","targetHints":{"allow":["GET"]}}],"collection":[{"href":"https:\/\/hteck.fr\/fr\/wp-json\/wp\/v2\/product"}],"about":[{"href":"https:\/\/hteck.fr\/fr\/wp-json\/wp\/v2\/types\/product"}],"replies":[{"embeddable":true,"href":"https:\/\/hteck.fr\/fr\/wp-json\/wp\/v2\/comments?post=13959"}],"version-history":[{"count":0,"href":"https:\/\/hteck.fr\/fr\/wp-json\/wp\/v2\/product\/13959\/revisions"}],"wp:featuredmedia":[{"embeddable":true,"href":"https:\/\/hteck.fr\/fr\/wp-json\/wp\/v2\/media\/12199"}],"wp:attachment":[{"href":"https:\/\/hteck.fr\/fr\/wp-json\/wp\/v2\/media?parent=13959"}],"wp:term":[{"taxonomy":"product_brand","embeddable":true,"href":"https:\/\/hteck.fr\/fr\/wp-json\/wp\/v2\/product_brand?post=13959"},{"taxonomy":"product_cat","embeddable":true,"href":"https:\/\/hteck.fr\/fr\/wp-json\/wp\/v2\/product_cat?post=13959"},{"taxonomy":"product_tag","embeddable":true,"href":"https:\/\/hteck.fr\/fr\/wp-json\/wp\/v2\/product_tag?post=13959"}],"curies":[{"name":"wp","href":"https:\/\/api.w.org\/{rel}","templated":true}]}}