{"id":13955,"date":"2025-10-01T08:47:03","date_gmt":"2025-10-01T08:47:03","guid":{"rendered":"https:\/\/hteck.fr\/product\/apple-airpods-2-mv7n2zm-a\/"},"modified":"2025-10-01T08:47:03","modified_gmt":"2025-10-01T08:47:03","slug":"apple-airpods-2-mv7n2zm-a","status":"publish","type":"product","link":"https:\/\/hteck.fr\/fr\/produit\/apple-airpods-2-mv7n2zm-a\/","title":{"rendered":"Apple AirPods 2 MV7N2ZM\/a"},"content":{"rendered":"<p>AirPods 2 d&rsquo;Apple originaux avec \u00e9tui de recharge MV7N2ZM\/A<\/p>\n<p>Les AirPods 2 d&rsquo;Apple vous offriront une exp\u00e9rience musicale et multim\u00e9dia sans pr\u00e9c\u00e9dent.<\/p>\n<p>Ils constituent l&rsquo;ultime solution en mati\u00e8re d&rsquo;\u00e9couteurs &#8211; v\u00e9ritablement sans fil, compacts et offrant une qualit\u00e9 sonore exceptionnelle sans compromis. De surcro\u00eet, les AirPods 2019 sont compatibles avec l&rsquo;assistant Siri d&rsquo;Apple, ainsi qu&rsquo;avec d&rsquo;autres appareils portables et dispositifs intelligents. <\/p>\n<p>Par-dessus tout, l&rsquo;\u00e9tui de recharge inclus prolongera consid\u00e9rablement l&rsquo;autonomie de vos Apple AirPods 2019, garantissant ainsi leur disponibilit\u00e9 permanente pour diffuser vos morceaux favoris.<\/p>\n<p>Sp\u00e9cifications :<br \/>\n&#8211; Connectivit\u00e9 : Bluetooth<br \/>\n&#8211; Interface de charge : Lightning<br \/>\n&#8211; Type de capteur : Optique<br \/>\n&#8211; Autonomie : Jusqu&rsquo;\u00e0 24h (avec \u00e9tui de charge) ; jusqu&rsquo;\u00e0 5h (charge unique)<br \/>\n&#8211; Dimensions : 44,3 x 21,3 x 53,5 mm (\u00e9tui de charge) ; 16,5 x 18,0 x 40,5 mm (AirPods 2019 uniquement)<br \/>\n&#8211; Poids : 38 g (\u00e9tui de charge) ; 4 g (AirPods 2 uniquement)<br \/>\n&#8211; Compatibilit\u00e9 syst\u00e8me : iOS 12.2+ ; watchOS 5.2+ ; macOS 10.14.4+<\/p>\n","protected":false},"excerpt":{"rendered":"<p>AirPods 2 d&rsquo;Apple originaux avec \u00e9tui de recharge MV7N2ZM\/A Les AirPods 2 d&rsquo;Apple vous offriront une exp\u00e9rience musicale et multim\u00e9dia<\/p>\n","protected":false},"featured_media":12204,"comment_status":"open","ping_status":"closed","template":"","meta":[],"product_brand":[123],"product_cat":[221,231,230],"product_tag":[719,721,621,722,629,694,720,644,689],"class_list":{"0":"post-13955","1":"product","2":"type-product","3":"status-publish","4":"has-post-thumbnail","6":"product_brand-apple","7":"product_cat-accessoires","8":"product_cat-bluetooth-fr","9":"product_cat-casques","10":"product_tag-airpods-2","11":"product_tag-appairage-automatique","12":"product_tag-bluetooth","13":"product_tag-ecouteurs-apple","14":"product_tag-ecouteurs-sans-fil","15":"product_tag-etui-de-chargement","16":"product_tag-mv7n2zm-a","17":"product_tag-original","18":"product_tag-pomme","20":"first","21":"instock","22":"shipping-taxable","23":"purchasable","24":"product-type-simple"},"_links":{"self":[{"href":"https:\/\/hteck.fr\/fr\/wp-json\/wp\/v2\/product\/13955","targetHints":{"allow":["GET"]}}],"collection":[{"href":"https:\/\/hteck.fr\/fr\/wp-json\/wp\/v2\/product"}],"about":[{"href":"https:\/\/hteck.fr\/fr\/wp-json\/wp\/v2\/types\/product"}],"replies":[{"embeddable":true,"href":"https:\/\/hteck.fr\/fr\/wp-json\/wp\/v2\/comments?post=13955"}],"version-history":[{"count":0,"href":"https:\/\/hteck.fr\/fr\/wp-json\/wp\/v2\/product\/13955\/revisions"}],"wp:featuredmedia":[{"embeddable":true,"href":"https:\/\/hteck.fr\/fr\/wp-json\/wp\/v2\/media\/12204"}],"wp:attachment":[{"href":"https:\/\/hteck.fr\/fr\/wp-json\/wp\/v2\/media?parent=13955"}],"wp:term":[{"taxonomy":"product_brand","embeddable":true,"href":"https:\/\/hteck.fr\/fr\/wp-json\/wp\/v2\/product_brand?post=13955"},{"taxonomy":"product_cat","embeddable":true,"href":"https:\/\/hteck.fr\/fr\/wp-json\/wp\/v2\/product_cat?post=13955"},{"taxonomy":"product_tag","embeddable":true,"href":"https:\/\/hteck.fr\/fr\/wp-json\/wp\/v2\/product_tag?post=13955"}],"curies":[{"name":"wp","href":"https:\/\/api.w.org\/{rel}","templated":true}]}}