{"id":13844,"date":"2025-09-26T16:14:04","date_gmt":"2025-09-26T16:14:04","guid":{"rendered":"https:\/\/hteck.fr\/product\/iphone-17-air-bleu-ciel-256gb\/"},"modified":"2025-09-26T16:14:04","modified_gmt":"2025-09-26T16:14:04","slug":"iphone-17-air-bleu-ciel-256gb","status":"publish","type":"product","link":"https:\/\/hteck.fr\/fr\/produit\/iphone-17-air-bleu-ciel-256gb\/","title":{"rendered":"iPhone 17 Air Bleu ciel 256GB"},"content":{"rendered":"<ul>\n<li>\u00c9cran Super Retina XDR de 6,5 pouces, appareil photo principal Fusion de 48 Mpx, puce A19 Pro avec GPU \u00e0 5 c\u0153urs, jusqu&rsquo;\u00e0 27 heures de lecture vid\u00e9o.<\/li>\n<li>Couleur : Bleu ciel<\/li>\n<li>Stockage : 256 Go<\/li>\n<\/ul>\n","protected":false},"excerpt":{"rendered":"<p>iPhone 17 Air Bleu ciel 256GB<\/p>\n","protected":false},"featured_media":13007,"comment_status":"open","ping_status":"closed","template":"","meta":[],"product_brand":[123],"product_cat":[252,256,251],"product_tag":[688],"class_list":{"0":"post-13844","1":"product","2":"type-product","3":"status-publish","4":"has-post-thumbnail","6":"product_brand-apple","7":"product_cat-apple-fr","8":"product_cat-i-phone-fr","9":"product_cat-telephone-mobile","10":"product_tag-iphone-17","12":"first","13":"instock","14":"sale","15":"featured","16":"shipping-taxable","17":"purchasable","18":"product-type-simple"},"_links":{"self":[{"href":"https:\/\/hteck.fr\/fr\/wp-json\/wp\/v2\/product\/13844","targetHints":{"allow":["GET"]}}],"collection":[{"href":"https:\/\/hteck.fr\/fr\/wp-json\/wp\/v2\/product"}],"about":[{"href":"https:\/\/hteck.fr\/fr\/wp-json\/wp\/v2\/types\/product"}],"replies":[{"embeddable":true,"href":"https:\/\/hteck.fr\/fr\/wp-json\/wp\/v2\/comments?post=13844"}],"version-history":[{"count":0,"href":"https:\/\/hteck.fr\/fr\/wp-json\/wp\/v2\/product\/13844\/revisions"}],"wp:featuredmedia":[{"embeddable":true,"href":"https:\/\/hteck.fr\/fr\/wp-json\/wp\/v2\/media\/13007"}],"wp:attachment":[{"href":"https:\/\/hteck.fr\/fr\/wp-json\/wp\/v2\/media?parent=13844"}],"wp:term":[{"taxonomy":"product_brand","embeddable":true,"href":"https:\/\/hteck.fr\/fr\/wp-json\/wp\/v2\/product_brand?post=13844"},{"taxonomy":"product_cat","embeddable":true,"href":"https:\/\/hteck.fr\/fr\/wp-json\/wp\/v2\/product_cat?post=13844"},{"taxonomy":"product_tag","embeddable":true,"href":"https:\/\/hteck.fr\/fr\/wp-json\/wp\/v2\/product_tag?post=13844"}],"curies":[{"name":"wp","href":"https:\/\/api.w.org\/{rel}","templated":true}]}}