{"id":13836,"date":"2025-09-26T16:14:05","date_gmt":"2025-09-26T16:14:05","guid":{"rendered":"https:\/\/hteck.fr\/product\/iphone-17-pro-cosmic-orange-512gb\/"},"modified":"2025-09-26T16:14:05","modified_gmt":"2025-09-26T16:14:05","slug":"iphone-17-pro-cosmic-orange-512gb","status":"publish","type":"product","link":"https:\/\/hteck.fr\/fr\/produit\/iphone-17-pro-cosmic-orange-512gb\/","title":{"rendered":"iPhone 17 Pro Cosmic Orange 512GB"},"content":{"rendered":"<ul>\n<li>\u00c9cran Super Retina XDR de 6,3 pouces, syst\u00e8me photo Pro Fusion de 48 Mpx avec 3 objectifs (t\u00e9l\u00e9objectif 8x), puce A19 Pro avec GPU \u00e0 6 c\u0153urs, cam\u00e9ra frontale Center Stage de 18 Mpx, jusqu&rsquo;\u00e0 37 heures de lecture vid\u00e9o.<\/li>\n<li>Couleur : orange cosmique<\/li>\n<li>Stockage : 512 GO<\/li>\n<\/ul>\n","protected":false},"excerpt":{"rendered":"<p>iPhone 17 Pro Cosmic Orange 512GB<\/p>\n","protected":false},"featured_media":13035,"comment_status":"open","ping_status":"closed","template":"","meta":[],"product_brand":[123],"product_cat":[252,256,251],"product_tag":[688],"class_list":{"0":"post-13836","1":"product","2":"type-product","3":"status-publish","4":"has-post-thumbnail","6":"product_brand-apple","7":"product_cat-apple-fr","8":"product_cat-i-phone-fr","9":"product_cat-telephone-mobile","10":"product_tag-iphone-17","12":"first","13":"instock","14":"shipping-taxable","15":"purchasable","16":"product-type-simple"},"_links":{"self":[{"href":"https:\/\/hteck.fr\/fr\/wp-json\/wp\/v2\/product\/13836","targetHints":{"allow":["GET"]}}],"collection":[{"href":"https:\/\/hteck.fr\/fr\/wp-json\/wp\/v2\/product"}],"about":[{"href":"https:\/\/hteck.fr\/fr\/wp-json\/wp\/v2\/types\/product"}],"replies":[{"embeddable":true,"href":"https:\/\/hteck.fr\/fr\/wp-json\/wp\/v2\/comments?post=13836"}],"version-history":[{"count":0,"href":"https:\/\/hteck.fr\/fr\/wp-json\/wp\/v2\/product\/13836\/revisions"}],"wp:featuredmedia":[{"embeddable":true,"href":"https:\/\/hteck.fr\/fr\/wp-json\/wp\/v2\/media\/13035"}],"wp:attachment":[{"href":"https:\/\/hteck.fr\/fr\/wp-json\/wp\/v2\/media?parent=13836"}],"wp:term":[{"taxonomy":"product_brand","embeddable":true,"href":"https:\/\/hteck.fr\/fr\/wp-json\/wp\/v2\/product_brand?post=13836"},{"taxonomy":"product_cat","embeddable":true,"href":"https:\/\/hteck.fr\/fr\/wp-json\/wp\/v2\/product_cat?post=13836"},{"taxonomy":"product_tag","embeddable":true,"href":"https:\/\/hteck.fr\/fr\/wp-json\/wp\/v2\/product_tag?post=13836"}],"curies":[{"name":"wp","href":"https:\/\/api.w.org\/{rel}","templated":true}]}}