{"id":13826,"date":"2025-09-26T16:14:15","date_gmt":"2025-09-26T16:14:15","guid":{"rendered":"https:\/\/hteck.fr\/product\/iphone-17-pro-max-argent-256gb\/"},"modified":"2025-09-26T16:14:15","modified_gmt":"2025-09-26T16:14:15","slug":"iphone-17-pro-max-argent-256gb","status":"publish","type":"product","link":"https:\/\/hteck.fr\/fr\/produit\/iphone-17-pro-max-argent-256gb\/","title":{"rendered":"iPhone 17 Pro Max Argent 256GB"},"content":{"rendered":"<ul>\n<li>\u00c9cran Super Retina XDR de 6,9 pouces, syst\u00e8me d&rsquo;appareil photo Pro avec t\u00e9l\u00e9objectif 8x, puce A19 Pro avec GPU \u00e0 6 c\u0153urs, cam\u00e9ra frontale Center Stage de 18 m\u00e9gapixels, autonomie de batterie \u00e9tendue, jusqu&rsquo;\u00e0 40 heures de lecture vid\u00e9o.<\/li>\n<li>Couleur : Argent<\/li>\n<li>Stockage : 256 Go<\/li>\n<\/ul>\n","protected":false},"excerpt":{"rendered":"<p>iPhone 17 Pro Max Argent 256GB<\/p>\n","protected":false},"featured_media":13116,"comment_status":"open","ping_status":"closed","template":"","meta":[],"product_brand":[123],"product_cat":[252,256,251],"product_tag":[],"class_list":{"0":"post-13826","1":"product","2":"type-product","3":"status-publish","4":"has-post-thumbnail","6":"product_brand-apple","7":"product_cat-apple-fr","8":"product_cat-i-phone-fr","9":"product_cat-telephone-mobile","11":"first","12":"instock","13":"featured","14":"shipping-taxable","15":"purchasable","16":"product-type-simple"},"_links":{"self":[{"href":"https:\/\/hteck.fr\/fr\/wp-json\/wp\/v2\/product\/13826","targetHints":{"allow":["GET"]}}],"collection":[{"href":"https:\/\/hteck.fr\/fr\/wp-json\/wp\/v2\/product"}],"about":[{"href":"https:\/\/hteck.fr\/fr\/wp-json\/wp\/v2\/types\/product"}],"replies":[{"embeddable":true,"href":"https:\/\/hteck.fr\/fr\/wp-json\/wp\/v2\/comments?post=13826"}],"version-history":[{"count":0,"href":"https:\/\/hteck.fr\/fr\/wp-json\/wp\/v2\/product\/13826\/revisions"}],"wp:featuredmedia":[{"embeddable":true,"href":"https:\/\/hteck.fr\/fr\/wp-json\/wp\/v2\/media\/13116"}],"wp:attachment":[{"href":"https:\/\/hteck.fr\/fr\/wp-json\/wp\/v2\/media?parent=13826"}],"wp:term":[{"taxonomy":"product_brand","embeddable":true,"href":"https:\/\/hteck.fr\/fr\/wp-json\/wp\/v2\/product_brand?post=13826"},{"taxonomy":"product_cat","embeddable":true,"href":"https:\/\/hteck.fr\/fr\/wp-json\/wp\/v2\/product_cat?post=13826"},{"taxonomy":"product_tag","embeddable":true,"href":"https:\/\/hteck.fr\/fr\/wp-json\/wp\/v2\/product_tag?post=13826"}],"curies":[{"name":"wp","href":"https:\/\/api.w.org\/{rel}","templated":true}]}}