{"id":13822,"date":"2025-10-01T08:47:06","date_gmt":"2025-10-01T08:47:06","guid":{"rendered":"https:\/\/hteck.fr\/product\/apple-airpods-4-avec-etui-de-charge-mxp63zm-a-blanc\/"},"modified":"2025-10-01T08:47:06","modified_gmt":"2025-10-01T08:47:06","slug":"apple-airpods-4-avec-etui-de-charge-mxp63zm-a-blanc","status":"publish","type":"product","link":"https:\/\/hteck.fr\/fr\/produit\/apple-airpods-4-avec-etui-de-charge-mxp63zm-a-blanc\/","title":{"rendered":"Apple AirPods 4 avec \u00e9tui de charge MXP63ZM\/a, Blanc"},"content":{"rendered":"<p>Son immersif, comme au cin\u00e9ma. L&rsquo;audio spatial personnalis\u00e9 avec suivi dynamique de la t\u00eate place le son tout autour de vous, cr\u00e9ant une exp\u00e9rience d&rsquo;\u00e9coute tridimensionnelle pour la musique, les \u00e9missions TV, les films, les jeux et plus encore. <\/p>\n<p>Un bond rugissant en termes de capacit\u00e9s. La puissante puce H2 \u00e9quipe d\u00e9sormais les AirPods 4, rendant l&rsquo;audio et les appels meilleurs que jamais. Gr\u00e2ce \u00e0 une gamme de fonctionnalit\u00e9s intelligentes, les AirPods 4 s&rsquo;adaptent \u00e0 pratiquement tous les environnements d&rsquo;\u00e9coute, m\u00eame lorsque vous d\u00e9sirez un silence complet.  <\/p>\n<p>Qualit\u00e9 d&rsquo;appel d&rsquo;une clart\u00e9 exceptionnelle. Utilisant l&rsquo;audio computationnel avanc\u00e9, l&rsquo;isolation vocale minimise le bruit de fond tout en clarifiant le son de votre voix. Ainsi, vous serez plus facile \u00e0 comprendre lorsque vous parlez dans des conditions bruyantes ou venteuses.  <\/p>\n<p>Appr\u00e9ciez chaque note, chaque rythme et chaque vibration. L&rsquo;architecture acoustique enti\u00e8rement nouvelle utilise un transducteur \u00e0 faible distorsion con\u00e7u par Apple, aliment\u00e9 par un amplificateur personnalis\u00e9 \u00e0 haute plage dynamique. En termes simples, vous entendez la musique avec un d\u00e9tail exceptionnel, des basses plus profondes et des aigus cristallins.  <\/p>\n<p>Calibre la musique \u00e0 vos oreilles. L&rsquo;\u00e9galisation adaptative ajuste automatiquement la musique \u00e0 vos oreilles. Des microphones orient\u00e9s vers l&rsquo;int\u00e9rieur d\u00e9tectent ce que vous entendez, puis ajustent les fr\u00e9quences basses et moyennes pour offrir des d\u00e9tails riches dans chaque morceau.  <\/p>\n<p>Conversation en temps r\u00e9el. Connectez-vous sur FaceTime avec une qualit\u00e9 HD cristalline gr\u00e2ce au codec vocal AAC-ELD. Et les appels de groupe FaceTime sonnent plus r\u00e9alistes que jamais avec la prise en charge de l&rsquo;audio spatial personnalis\u00e9.  <\/p>\n<p>Le plaisir de la tranquillit\u00e9<br \/>\nAnnulation active du bruit &#8211; Les AirPods 4 offrent pour la premi\u00e8re fois l&rsquo;option d&rsquo;annulation active du bruit dans ce mod\u00e8le d&rsquo;oreille ouverte. Gr\u00e2ce \u00e0 la puce H2 et aux microphones am\u00e9lior\u00e9s, elle permet de r\u00e9duire les bruits environnementaux de basse fr\u00e9quence, tels que les moteurs d&rsquo;avion, les syst\u00e8mes de climatisation et la circulation urbaine, avant qu&rsquo;ils n&rsquo;atteignent vos oreilles.<br \/>\nAdaptive Audio &#8211; La transparence et l&rsquo;annulation active du bruit sont combin\u00e9es en temps r\u00e9el, en temps r\u00e9el, adaptant de mani\u00e8re transparente le contr\u00f4le du bruit \u00e0 votre environnement changeant pendant que vous vaquez \u00e0 vos occupations<br \/>\nMode Transparence &#8211; Offre la mani\u00e8re la plus naturelle d&rsquo;entendre le monde qui vous entoure &#8211; parfait pour rester connect\u00e9 \u00e0 votre environnement lorsque vous \u00eates en train de t\u00e9l\u00e9phoner ou d&rsquo;\u00e9couter de la musique ou des podcasts<br \/>\nConversation Awareness &#8211; D\u00e9tecte si vous parlez \u00e0 quelqu&rsquo;un \u00e0 proximit\u00e9 et r\u00e9duit automatiquement le volume de ce qui est en cours de lecture, le r\u00e9tablissant d\u00e8s que vous avez termin\u00e9<br \/>\nRedessin\u00e9 pour le confort. Comment s&rsquo;adapter<br \/>\nLes AirPods 4 offrent un ajustement exceptionnel, un confort tout au long de la journ\u00e9e et une plus grande stabilit\u00e9 \u00e0 chacun de vos mouvements.  <\/p>\n<p>Forme physique &#8211; La nouvelle architecture interne et un contour affin\u00e9 offrent un ajustement naturel et s\u00fbr pour plus de personnes que jamais<br \/>\nTige mise \u00e0 jour avec capteur de force &#8211; La tige raccourcie abrite la batterie et la puce H2, tandis que le nouveau capteur de force vous permet de contr\u00f4ler la lecture et les appels d&rsquo;un simple pincement<br \/>\nR\u00e9sistants \u00e0 la poussi\u00e8re, \u00e0 la transpiration et \u00e0 l&rsquo;eau &#8211; Les AirPods 4 et l&rsquo;\u00e9tui de charge sont class\u00e9s IP54 r\u00e9sistants \u00e0 la poussi\u00e8re, \u00e0 la transpiration et \u00e0 l&rsquo;eau, ils r\u00e9sisteront donc \u00e0 tout, de la pluie aux entra\u00eenements intenses<br \/>\nSe charge rapidement. Et dure<br \/>\nDe l&rsquo;\u00e9nergie pour des heures avec un \u00e9tui plus petit et plus performant. L&rsquo;\u00e9tui de charge rationalis\u00e9 est plus de 10 pour cent plus petit en volume que la g\u00e9n\u00e9ration pr\u00e9c\u00e9dente, sans sacrifier les temps de charge. Et les AirPods 4 avec annulation active du bruit disposent d&rsquo;un \u00e9tui de charge sans fil &#8211; le plus petit de l&rsquo;industrie avec cette capacit\u00e9 &#8211; ainsi qu&rsquo;un haut-parleur int\u00e9gr\u00e9 pour Find My afin de vous aider \u00e0 le localiser.   <\/p>\n<p>Jusqu&rsquo;\u00e0 30 heures d&rsquo;\u00e9coute avec l&rsquo;\u00e9tui<br \/>\nJusqu&rsquo;\u00e0 5 heures d&rsquo;\u00e9coute sur une seule charge<br \/>\nJusqu&rsquo;\u00e0 4 heures d&rsquo;\u00e9coute avec l&rsquo;annulation active du bruit sur une seule charge<br \/>\nFacile comme USB-C. Les deux mod\u00e8les d&rsquo;AirPods 4 sont d\u00e9sormais dot\u00e9s de capacit\u00e9s de charge USB-C. <\/p>\n<p>Nouvelles options sans fil. Pour les AirPods 4 avec annulation active du bruit, vous pouvez recharger l&rsquo;\u00e9tui \u00e0 l&rsquo;aide d&rsquo;un chargeur Apple Watch ou d&rsquo;un chargeur certifi\u00e9 Qi. <\/p>\n<p>Chaque petite chose qu&rsquo;ils font est magique<br \/>\nUne connexion instantan\u00e9e. Les AirPods 4 s&rsquo;associent imm\u00e9diatement avec chaque appareil connect\u00e9 \u00e0 votre identifiant Apple. Il suffit de placer les AirPods pr\u00e8s de votre iPhone ou iPad et de toucher Connecter<br \/>\nUn excellent sens de la d\u00e9tection. Les AirPods 4 vous offrent une exp\u00e9rience d&rsquo;\u00e9coute transparente entre iPhone, Apple Watch, iPad, Mac et Apple TV. Ainsi, si vous \u00e9coutez de la musique sur votre Mac, vous pourrez r\u00e9pondre \u00e0 un appel sur votre iPhone sans avoir \u00e0 changer d&rsquo;appareil. Vos AirPods 4 d\u00e9tectent lorsque vous les retirez de vos oreilles et mettront la lecture en pause jusqu&rsquo;\u00e0 ce que vous les remettez<br \/>\nLocaliser trouve davantage. Suivez vos AirPods 4 avec l&rsquo;application Localiser. Voyez \u00e0 quelle distance ils se trouvent et recevez des alertes de s\u00e9paration s&rsquo;ils sont hors de port\u00e9e Bluetooth. Et pour les AirPods 4 avec annulation active du bruit, vous pouvez faire jouer un son au bo\u00eetier pour le localiser<br \/>\nSiri en attente. \u00c9coutez de la musique, passez des appels, obtenez des directions ou v\u00e9rifiez votre emploi du temps avec un simple \u00ab Dis Siri \u00bb. Si vous avez les mains occup\u00e9es ou ne souhaitez pas parler \u00e0 voix haute, vous pouvez maintenant simplement hocher la t\u00eate pour oui ou la secouer pour non lorsque Siri vous demande si vous souhaitez entendre un message, r\u00e9pondre \u00e0 un appel ou g\u00e9rer une notification<br \/>\n\u00c9coutez ensemble. Partagez facilement une chanson ou une \u00e9mission entre deux paires d&rsquo;AirPods. Il suffit d&rsquo;approcher vos AirPods de l&rsquo;iPhone, de l&rsquo;iPad ou de l&rsquo;Apple TV que vous \u00e9coutez et de vous connecter instantan\u00e9ment<br \/>\nCaract\u00e9ristiques principales :<br \/>\nTechnologie audio<br \/>\nTransducteur Apple personnalis\u00e9 \u00e0 haute excursion<br \/>\nAmplificateur personnalis\u00e9 \u00e0 haute plage dynamique<br \/>\nIsolation vocale<br \/>\nAudio spatial personnalis\u00e9 avec suivi dynamique des mouvements de la t\u00eate<br \/>\n\u00c9galisation adaptative<br \/>\nSyst\u00e8me d&rsquo;a\u00e9ration pour l&rsquo;\u00e9galisation de la pression<br \/>\nCapteurs<br \/>\nMicrophones \u00e0 double formation de faisceau<br \/>\nMicrophone orient\u00e9 vers l&rsquo;int\u00e9rieur<br \/>\nCapteur optique intra-auriculaire<br \/>\nAcc\u00e9l\u00e9rom\u00e8tre de d\u00e9tection de mouvement<br \/>\nAcc\u00e9l\u00e9rom\u00e8tre de d\u00e9tection de la parole<br \/>\nCapteur de force<br \/>\nCommandes<br \/>\nAppuyez une fois pour lire ou mettre en pause le contenu multim\u00e9dia<br \/>\nAppuyez une fois pour r\u00e9pondre \u00e0 un appel ou activer\/d\u00e9sactiver le mode silencieux<br \/>\nAppuyez deux fois pour terminer un appel<br \/>\nAppuyez deux fois pour passer \u00e0 la piste suivante<br \/>\nAppuyez trois fois pour revenir \u00e0 la piste pr\u00e9c\u00e9dente<br \/>\nAppuyez et maintenez pour Siri<br \/>\nDites \u00ab Dis Siri \u00bb pour effectuer des actions telles que lire une chanson, passer un appel ou obtenir des directions<br \/>\nAvec les interactions Siri, hochez la t\u00eate pour oui ou secouez-la doucement pour non lorsque Siri vous demande si vous souhaitez r\u00e9pondre \u00e0 un appel entrant, entendre un message texte, g\u00e9rer des notifications, et plus encore<br \/>\nBo\u00eetier de charge<br \/>\nFonctionne avec le connecteur USB-C<br \/>\nBatterie<br \/>\nAirPods 4<br \/>\nJusqu&rsquo;\u00e0 5 heures d&rsquo;\u00e9coute sur une seule charge<br \/>\nJusqu&rsquo;\u00e0 4,5 heures de conversation sur une seule charge<br \/>\nAirPods 4 avec bo\u00eetier de charge (USB-C)<br \/>\nJusqu&rsquo;\u00e0 30 heures d&rsquo;\u00e9coute<br \/>\nJusqu&rsquo;\u00e0 20 heures de conversation<br \/>\n5 minutes dans le bo\u00eetier offrent environ 1 heure d&rsquo;\u00e9coute13 ou environ 45 minutes de conversation<br \/>\nLa bo\u00eete contient :<br \/>\nAirPods 4<\/p>\n","protected":false},"excerpt":{"rendered":"<p>Son immersif, comme au cin\u00e9ma. L&rsquo;audio spatial personnalis\u00e9 avec suivi dynamique de la t\u00eate place le son tout autour de<\/p>\n","protected":false},"featured_media":12219,"comment_status":"open","ping_status":"closed","template":"","meta":[],"product_brand":[123],"product_cat":[221,231,230],"product_tag":[695,697,609,694,696,644,689,611],"class_list":{"0":"post-13822","1":"product","2":"type-product","3":"status-publish","4":"has-post-thumbnail","6":"product_brand-apple","7":"product_cat-accessoires","8":"product_cat-bluetooth-fr","9":"product_cat-casques","10":"product_tag-airpods-4","11":"product_tag-audio-bluetooth","12":"product_tag-blanc","13":"product_tag-etui-de-chargement","14":"product_tag-mxp63zm-a","15":"product_tag-original","16":"product_tag-pomme","17":"product_tag-sans-fil-veritable","19":"first","20":"instock","21":"shipping-taxable","22":"purchasable","23":"product-type-simple"},"_links":{"self":[{"href":"https:\/\/hteck.fr\/fr\/wp-json\/wp\/v2\/product\/13822","targetHints":{"allow":["GET"]}}],"collection":[{"href":"https:\/\/hteck.fr\/fr\/wp-json\/wp\/v2\/product"}],"about":[{"href":"https:\/\/hteck.fr\/fr\/wp-json\/wp\/v2\/types\/product"}],"replies":[{"embeddable":true,"href":"https:\/\/hteck.fr\/fr\/wp-json\/wp\/v2\/comments?post=13822"}],"version-history":[{"count":0,"href":"https:\/\/hteck.fr\/fr\/wp-json\/wp\/v2\/product\/13822\/revisions"}],"wp:featuredmedia":[{"embeddable":true,"href":"https:\/\/hteck.fr\/fr\/wp-json\/wp\/v2\/media\/12219"}],"wp:attachment":[{"href":"https:\/\/hteck.fr\/fr\/wp-json\/wp\/v2\/media?parent=13822"}],"wp:term":[{"taxonomy":"product_brand","embeddable":true,"href":"https:\/\/hteck.fr\/fr\/wp-json\/wp\/v2\/product_brand?post=13822"},{"taxonomy":"product_cat","embeddable":true,"href":"https:\/\/hteck.fr\/fr\/wp-json\/wp\/v2\/product_cat?post=13822"},{"taxonomy":"product_tag","embeddable":true,"href":"https:\/\/hteck.fr\/fr\/wp-json\/wp\/v2\/product_tag?post=13822"}],"curies":[{"name":"wp","href":"https:\/\/api.w.org\/{rel}","templated":true}]}}