{"id":13820,"date":"2025-10-01T08:47:07","date_gmt":"2025-10-01T08:47:07","guid":{"rendered":"https:\/\/hteck.fr\/product\/apple-airpod-3eme-generation-avec-etui-magsafe-mme73zm-a\/"},"modified":"2025-10-01T08:47:07","modified_gmt":"2025-10-01T08:47:07","slug":"apple-airpod-3eme-generation-avec-etui-magsafe-mme73zm-a","status":"publish","type":"product","link":"https:\/\/hteck.fr\/fr\/produit\/apple-airpod-3eme-generation-avec-etui-magsafe-mme73zm-a\/","title":{"rendered":"Apple AirPod (3\u00e8me g\u00e9n\u00e9ration) avec \u00e9tui MagSafe MME73ZM\/a"},"content":{"rendered":"<p>Les Apple AirPods 3 sont les \u00e9couteurs parfaits pour vos besoins quotidiens. Ils offrent un ajustement confortable et s\u00e9curis\u00e9, une excellente qualit\u00e9 sonore, et l&rsquo;audio spatial avec suivi dynamique de la t\u00eate pour cr\u00e9er une exp\u00e9rience d&rsquo;\u00e9coute tridimensionnelle pour la musique, les \u00e9missions de TV, les films, et plus encore \u2014 vous immergeant dans des sons provenant de toutes les directions, comme si vous \u00e9tiez dans votre propre salle de concert ou th\u00e9\u00e2tre. <\/p>\n<p>Les AirPods 3 sont disponibles dans une vari\u00e9t\u00e9 de couleurs, y compris le blanc. La couleur blanche est un choix classique et intemporel qui s&rsquo;accordera parfaitement avec n&rsquo;importe quelle tenue. <\/p>\n<p>Les AirPods 3 sont \u00e9galement r\u00e9sistants \u00e0 la transpiration et \u00e0 l&rsquo;eau, vous pouvez donc les porter pendant vos s\u00e9ances d&rsquo;entra\u00eenement ou vos courses sans craindre de les endommager.<\/p>\n<p>Avec une autonomie allant jusqu&rsquo;\u00e0 6 heures, les AirPods 3 dureront toute la journ\u00e9e. Et gr\u00e2ce \u00e0 l&rsquo;\u00e9tui de charge MagSafe inclus, vous pouvez les recharger rapidement et facilement lorsque vous en avez besoin. <\/p>\n<p>Les AirPods 3 sont les \u00e9couteurs parfaits pour quiconque recherche une excellente qualit\u00e9 sonore, un ajustement confortable et l&rsquo;audio spatial avec suivi dynamique de la t\u00eate. Si vous cherchez une paire d&rsquo;\u00e9couteurs qui am\u00e9liorera votre quotidien, les AirPods 3 sont le choix id\u00e9al. <\/p>\n<p>Voici quelques-unes des principales caract\u00e9ristiques des Apple AirPods 3 3\u00e8me g\u00e9n\u00e9ration :<\/p>\n<ul>\n<li>Ajustement confortable et s\u00e9curis\u00e9<\/li>\n<li>Excellente qualit\u00e9 sonore<\/li>\n<li>Audio spatial avec suivi dynamique de la t\u00eate<\/li>\n<li>R\u00e9sistants \u00e0 la transpiration et \u00e0 l&rsquo;eau<\/li>\n<li>Autonomie allant jusqu&rsquo;\u00e0 6 heures<\/li>\n<li>\u00c9tui de charge MagSafe<\/li>\n<\/ul>\n","protected":false},"excerpt":{"rendered":"<p>L&rsquo;audio spatial personnalis\u00e9 avec suivi dynamique de la t\u00eate place les sons tout autour de vous pour cr\u00e9er une exp\u00e9rience d&rsquo;\u00e9coute tridimensionnelle pour la musique, les \u00e9missions de TV, les films, et plus encore \u2014 vous immergeant dans des sons provenant de toutes les directions, comme si vous \u00e9tiez dans votre propre salle de concert ou th\u00e9\u00e2tre.<\/p>\n","protected":false},"featured_media":12221,"comment_status":"open","ping_status":"closed","template":"","meta":[],"product_brand":[123],"product_cat":[221,231,230],"product_tag":[691,693,692,685,644,689,611,690],"class_list":{"0":"post-13820","1":"product","2":"type-product","3":"status-publish","4":"has-post-thumbnail","6":"product_brand-apple","7":"product_cat-accessoires","8":"product_cat-bluetooth-fr","9":"product_cat-casques","10":"product_tag-airpods-3rd-gen","11":"product_tag-etui-magsafe","12":"product_tag-mme73zm-a","13":"product_tag-oreillettes-bluetooth","14":"product_tag-original","15":"product_tag-pomme","16":"product_tag-sans-fil-veritable","17":"product_tag-un-son-de-haute-qualite","19":"first","20":"instock","21":"shipping-taxable","22":"purchasable","23":"product-type-simple"},"_links":{"self":[{"href":"https:\/\/hteck.fr\/fr\/wp-json\/wp\/v2\/product\/13820","targetHints":{"allow":["GET"]}}],"collection":[{"href":"https:\/\/hteck.fr\/fr\/wp-json\/wp\/v2\/product"}],"about":[{"href":"https:\/\/hteck.fr\/fr\/wp-json\/wp\/v2\/types\/product"}],"replies":[{"embeddable":true,"href":"https:\/\/hteck.fr\/fr\/wp-json\/wp\/v2\/comments?post=13820"}],"version-history":[{"count":0,"href":"https:\/\/hteck.fr\/fr\/wp-json\/wp\/v2\/product\/13820\/revisions"}],"wp:featuredmedia":[{"embeddable":true,"href":"https:\/\/hteck.fr\/fr\/wp-json\/wp\/v2\/media\/12221"}],"wp:attachment":[{"href":"https:\/\/hteck.fr\/fr\/wp-json\/wp\/v2\/media?parent=13820"}],"wp:term":[{"taxonomy":"product_brand","embeddable":true,"href":"https:\/\/hteck.fr\/fr\/wp-json\/wp\/v2\/product_brand?post=13820"},{"taxonomy":"product_cat","embeddable":true,"href":"https:\/\/hteck.fr\/fr\/wp-json\/wp\/v2\/product_cat?post=13820"},{"taxonomy":"product_tag","embeddable":true,"href":"https:\/\/hteck.fr\/fr\/wp-json\/wp\/v2\/product_tag?post=13820"}],"curies":[{"name":"wp","href":"https:\/\/api.w.org\/{rel}","templated":true}]}}