{"id":13813,"date":"2025-10-01T08:47:08","date_gmt":"2025-10-01T08:47:08","guid":{"rendered":"https:\/\/hteck.fr\/product\/ecouteurs-bluetooth-jbl-jblt110bt-blanc\/"},"modified":"2025-10-01T08:47:08","modified_gmt":"2025-10-01T08:47:08","slug":"ecouteurs-bluetooth-jbl-jblt110bt-blanc","status":"publish","type":"product","link":"https:\/\/hteck.fr\/fr\/produit\/ecouteurs-bluetooth-jbl-jblt110bt-blanc\/","title":{"rendered":"\u00c9couteurs bluetooth JBL JBLT110BT, Blanc"},"content":{"rendered":"<p>Les \u00e9couteurs JBL T110BT dot\u00e9s du son JBL Pure Bass offrent une solution sans fil pratique pour votre usage quotidien, combin\u00e9e \u00e0 la possibilit\u00e9 d&rsquo;effectuer des appels t\u00e9l\u00e9phoniques mains libres et une autonomie de 6 heures. Imaginez une paire d&rsquo;\u00e9couteurs qui se recharge en 2 heures, disponible en 6 couleurs attrayantes, avec un c\u00e2ble plat anti-emm\u00ealement suffisamment l\u00e9ger pour \u00eatre port\u00e9 pendant des heures. Associ\u00e9s \u00e0 des aimants qui emp\u00eachent les \u00e9couteurs de se balancer lorsqu&rsquo;ils ne sont pas utilis\u00e9s, il devient rapidement \u00e9vident comment les \u00e9couteurs JBL T110BT, avec leur c\u00e2ble anti-emm\u00ealement et le confort des embouts auriculaires ergonomiques et du tour de cou, deviennent une partie essentielle de votre vie quotidienne remplie de musique. Caract\u00e9ristiques : Son JBL Pure Bass : Depuis plus de 70 ans, JBL produit le son pr\u00e9cis et impressionnant que l&rsquo;on retrouve dans les principaux lieux de musique du monde entier.   <\/p>\n","protected":false},"excerpt":{"rendered":"<p>Les \u00e9couteurs JBL T110BT dot\u00e9s du son JBL Pure Bass offrent une solution sans fil pratique pour votre usage quotidien,<\/p>\n","protected":false},"featured_media":12229,"comment_status":"open","ping_status":"closed","template":"","meta":[],"product_brand":[235],"product_cat":[221,231,230],"product_tag":[609,645,619,610,683,684,644],"class_list":{"0":"post-13813","1":"product","2":"type-product","3":"status-publish","4":"has-post-thumbnail","6":"product_brand-jbl-fr","7":"product_cat-accessoires","8":"product_cat-bluetooth-fr","9":"product_cat-casques","10":"product_tag-blanc","11":"product_tag-ecouteurs-bluetooth","12":"product_tag-intra-auriculaire","13":"product_tag-jbl","14":"product_tag-jblt110bt","15":"product_tag-musique-sans-fil","16":"product_tag-original","18":"first","19":"instock","20":"shipping-taxable","21":"purchasable","22":"product-type-simple"},"_links":{"self":[{"href":"https:\/\/hteck.fr\/fr\/wp-json\/wp\/v2\/product\/13813","targetHints":{"allow":["GET"]}}],"collection":[{"href":"https:\/\/hteck.fr\/fr\/wp-json\/wp\/v2\/product"}],"about":[{"href":"https:\/\/hteck.fr\/fr\/wp-json\/wp\/v2\/types\/product"}],"replies":[{"embeddable":true,"href":"https:\/\/hteck.fr\/fr\/wp-json\/wp\/v2\/comments?post=13813"}],"version-history":[{"count":0,"href":"https:\/\/hteck.fr\/fr\/wp-json\/wp\/v2\/product\/13813\/revisions"}],"wp:featuredmedia":[{"embeddable":true,"href":"https:\/\/hteck.fr\/fr\/wp-json\/wp\/v2\/media\/12229"}],"wp:attachment":[{"href":"https:\/\/hteck.fr\/fr\/wp-json\/wp\/v2\/media?parent=13813"}],"wp:term":[{"taxonomy":"product_brand","embeddable":true,"href":"https:\/\/hteck.fr\/fr\/wp-json\/wp\/v2\/product_brand?post=13813"},{"taxonomy":"product_cat","embeddable":true,"href":"https:\/\/hteck.fr\/fr\/wp-json\/wp\/v2\/product_cat?post=13813"},{"taxonomy":"product_tag","embeddable":true,"href":"https:\/\/hteck.fr\/fr\/wp-json\/wp\/v2\/product_tag?post=13813"}],"curies":[{"name":"wp","href":"https:\/\/api.w.org\/{rel}","templated":true}]}}