{"id":13810,"date":"2025-10-01T08:47:09","date_gmt":"2025-10-01T08:47:09","guid":{"rendered":"https:\/\/hteck.fr\/product\/ecouteurs-de-sport-sans-fil-jbl-reflect-contour-2-avec-maintien-securise-intra-auriculaire-coloris-noir\/"},"modified":"2025-10-01T08:47:09","modified_gmt":"2025-10-01T08:47:09","slug":"ecouteurs-de-sport-sans-fil-jbl-reflect-contour-2-avec-maintien-securise-intra-auriculaire-coloris-noir","status":"publish","type":"product","link":"https:\/\/hteck.fr\/fr\/produit\/ecouteurs-de-sport-sans-fil-jbl-reflect-contour-2-avec-maintien-securise-intra-auriculaire-coloris-noir\/","title":{"rendered":"\u00c9couteurs de sport sans fil JBL Reflect Contour 2 avec maintien s\u00e9curis\u00e9 intra-auriculaire, coloris noir"},"content":{"rendered":"","protected":false},"excerpt":{"rendered":"","protected":false},"featured_media":12257,"comment_status":"open","ping_status":"closed","template":"","meta":[],"product_brand":[235],"product_cat":[221,231,230],"product_tag":[677,666,678,610,607,675,651,623],"class_list":{"0":"post-13810","1":"product","2":"type-product","3":"status-publish","4":"has-post-thumbnail","6":"product_brand-jbl-fr","7":"product_cat-accessoires","8":"product_cat-bluetooth-fr","9":"product_cat-casques","10":"product_tag-ajustement-sur","11":"product_tag-ecouteurs-de-sport","12":"product_tag-ecouteurs-pour-lexercice","13":"product_tag-jbl","14":"product_tag-noir","15":"product_tag-refleter-le-contour-2","16":"product_tag-resistant-a-la-transpiration","17":"product_tag-sans-fil","19":"first","20":"instock","21":"shipping-taxable","22":"purchasable","23":"product-type-simple"},"_links":{"self":[{"href":"https:\/\/hteck.fr\/fr\/wp-json\/wp\/v2\/product\/13810","targetHints":{"allow":["GET"]}}],"collection":[{"href":"https:\/\/hteck.fr\/fr\/wp-json\/wp\/v2\/product"}],"about":[{"href":"https:\/\/hteck.fr\/fr\/wp-json\/wp\/v2\/types\/product"}],"replies":[{"embeddable":true,"href":"https:\/\/hteck.fr\/fr\/wp-json\/wp\/v2\/comments?post=13810"}],"version-history":[{"count":0,"href":"https:\/\/hteck.fr\/fr\/wp-json\/wp\/v2\/product\/13810\/revisions"}],"wp:featuredmedia":[{"embeddable":true,"href":"https:\/\/hteck.fr\/fr\/wp-json\/wp\/v2\/media\/12257"}],"wp:attachment":[{"href":"https:\/\/hteck.fr\/fr\/wp-json\/wp\/v2\/media?parent=13810"}],"wp:term":[{"taxonomy":"product_brand","embeddable":true,"href":"https:\/\/hteck.fr\/fr\/wp-json\/wp\/v2\/product_brand?post=13810"},{"taxonomy":"product_cat","embeddable":true,"href":"https:\/\/hteck.fr\/fr\/wp-json\/wp\/v2\/product_cat?post=13810"},{"taxonomy":"product_tag","embeddable":true,"href":"https:\/\/hteck.fr\/fr\/wp-json\/wp\/v2\/product_tag?post=13810"}],"curies":[{"name":"wp","href":"https:\/\/api.w.org\/{rel}","templated":true}]}}