{"id":13797,"date":"2025-10-01T08:47:29","date_gmt":"2025-10-01T08:47:29","guid":{"rendered":"https:\/\/hteck.fr\/product\/casque-bluetooth-jbl-tune-t510-rose\/"},"modified":"2025-10-01T08:47:29","modified_gmt":"2025-10-01T08:47:29","slug":"casque-bluetooth-jbl-tune-t510-rose","status":"publish","type":"product","link":"https:\/\/hteck.fr\/fr\/produit\/casque-bluetooth-jbl-tune-t510-rose\/","title":{"rendered":"Casque bluetooth JBL tune T510 \u2013 Rose"},"content":{"rendered":"","protected":false},"excerpt":{"rendered":"<div id=\"tab-label-description\" class=\"data item title active\" tabindex=\"0\" data-role=\"collapsible\" data-collapsible=\"true\"><a id=\"tab-label-description-title\" class=\"data switch\" tabindex=\"-1\" href=\"https:\/\/www.technoworld.com\/jbl-endurance-run-headset-ear-hook-black-yellow-jblendurrunbtbnl#description\" data-toggle=\"switch\">D\u00e9tails du produit<\/a><\/div>\n<div id=\"description\" class=\"data item content\" data-role=\"content\">\n<div class=\"product attribute description\">\n<div class=\"value\"><strong>Fliphook<\/strong><br \/>\nLa conception flexible \u00e0 deux voies vous permet de porter les \u00e9couteurs soit \u00e0 l&rsquo;int\u00e9rieur de l&rsquo;oreille, soit derri\u00e8re l&rsquo;oreille<strong>.<\/strong><strong>Ne tombe jamais.<\/strong><br \/>\nGr\u00e2ce aux technologies TwistLock et FlexSoft, ces \u00e9couteurs sont l\u00e9gers et ergonomiques pour assurer un maintien s\u00fbr et stable, quel que soit l&rsquo;entra\u00eenement.<\/p>\n<p><strong>R\u00e9sistant \u00e0 la transpiration<\/strong><br \/>\nCon\u00e7u pour endurer et surpasser vos s\u00e9ances d&rsquo;entra\u00eenement intenses en ext\u00e9rieur ou en int\u00e9rieur, quelles que soient les conditions m\u00e9t\u00e9orologiques.<\/p>\n<p><strong>Ne vous blessez jamais. Never Fall Out<\/strong><br \/>\nLes r\u00e9sultats comptent, et lorsque vous avez les \u00e9couteurs parfaits, rien ne s&rsquo;interpose entre vous et votre s\u00e9ance d&rsquo;entra\u00eenement. Gr\u00e2ce \u00e0 leur conception FlipHook, ils s&rsquo;adaptent \u00e0 un port intra-auriculaire ou contour d&rsquo;oreille pour plus de commodit\u00e9. La combinaison confortable des embouts FlexSoft et de la technologie TwistLock garantit que ces \u00e9couteurs ne feront jamais mal et ne tomberont jamais. Et si vous pensiez qu&rsquo;un peu de sueur ou de pluie allait g\u00e2cher votre course, d\u00e9trompez-vous. Gr\u00e2ce \u00e0 l&rsquo;\u00e9tanch\u00e9it\u00e9 IPX5, les \u00e9couteurs JBL Endurance RUN suivent chacun de vos pas, tandis qu&rsquo;un microphone en ligne et une t\u00e9l\u00e9commande vous permettent de ne pas avoir \u00e0 sortir votre poche pour r\u00e9pondre aux appels.    <\/p>\n<\/div>\n<\/div>\n<\/div>\n","protected":false},"featured_media":12285,"comment_status":"open","ping_status":"closed","template":"","meta":[],"product_brand":[235],"product_cat":[221,231,230],"product_tag":[645,610,627,644,623,638,646],"class_list":{"0":"post-13797","1":"product","2":"type-product","3":"status-publish","4":"has-post-thumbnail","6":"product_brand-jbl-fr","7":"product_cat-accessoires","8":"product_cat-bluetooth-fr","9":"product_cat-casques","10":"product_tag-ecouteurs-bluetooth","11":"product_tag-jbl","12":"product_tag-musique","13":"product_tag-original","14":"product_tag-sans-fil","15":"product_tag-supra-auriculaire","16":"product_tag-tune-t510","18":"first","19":"instock","20":"shipping-taxable","21":"purchasable","22":"product-type-simple"},"_links":{"self":[{"href":"https:\/\/hteck.fr\/fr\/wp-json\/wp\/v2\/product\/13797","targetHints":{"allow":["GET"]}}],"collection":[{"href":"https:\/\/hteck.fr\/fr\/wp-json\/wp\/v2\/product"}],"about":[{"href":"https:\/\/hteck.fr\/fr\/wp-json\/wp\/v2\/types\/product"}],"replies":[{"embeddable":true,"href":"https:\/\/hteck.fr\/fr\/wp-json\/wp\/v2\/comments?post=13797"}],"version-history":[{"count":0,"href":"https:\/\/hteck.fr\/fr\/wp-json\/wp\/v2\/product\/13797\/revisions"}],"wp:featuredmedia":[{"embeddable":true,"href":"https:\/\/hteck.fr\/fr\/wp-json\/wp\/v2\/media\/12285"}],"wp:attachment":[{"href":"https:\/\/hteck.fr\/fr\/wp-json\/wp\/v2\/media?parent=13797"}],"wp:term":[{"taxonomy":"product_brand","embeddable":true,"href":"https:\/\/hteck.fr\/fr\/wp-json\/wp\/v2\/product_brand?post=13797"},{"taxonomy":"product_cat","embeddable":true,"href":"https:\/\/hteck.fr\/fr\/wp-json\/wp\/v2\/product_cat?post=13797"},{"taxonomy":"product_tag","embeddable":true,"href":"https:\/\/hteck.fr\/fr\/wp-json\/wp\/v2\/product_tag?post=13797"}],"curies":[{"name":"wp","href":"https:\/\/api.w.org\/{rel}","templated":true}]}}