{"id":13792,"date":"2025-10-01T08:47:30","date_gmt":"2025-10-01T08:47:30","guid":{"rendered":"https:\/\/hteck.fr\/product\/casque-bluetooth-sans-fil-jbl-vibe-200tws-noir\/"},"modified":"2025-10-01T08:47:30","modified_gmt":"2025-10-01T08:47:30","slug":"casque-bluetooth-sans-fil-jbl-vibe-200tws-noir","status":"publish","type":"product","link":"https:\/\/hteck.fr\/fr\/produit\/casque-bluetooth-sans-fil-jbl-vibe-200tws-noir\/","title":{"rendered":"Casque bluetooth sans fil JBL vibe 200TWS, noir"},"content":{"rendered":"<p><strong>20 HEURES DE DIVERTISSEMENT<\/strong><\/p>\n<p>Une journ\u00e9e active loin de chez vous en perspective ? Rendez-la emplie de musique avec les \u00e9couteurs sans fil JBL Vibe 200 TWS. L&rsquo;appareil fonctionne en continu jusqu&rsquo;\u00e0 5 heures, et apr\u00e8s ce d\u00e9lai, vous n&rsquo;avez pas besoin de chercher une prise pour le recharger &#8211; il suffit de le placer dans un \u00e9tui qui fait office de batterie externe, offrant aux \u00e9couteurs 15 heures suppl\u00e9mentaires de fonctionnement.  <\/p>\n<p><strong>SON PARFAIT<\/strong><\/p>\n<p>Avec les \u00e9couteurs pr\u00e9sent\u00e9s, vous pouvez compter sur une excellente qualit\u00e9 sonore, ind\u00e9pendamment des genres musicaux que vous pr\u00e9f\u00e9rez. Les basses profondes vous permettront de profiter pleinement de l&rsquo;\u00e9coute de la musique &#8211; les tons graves sont amplifi\u00e9s par la technologie JBL Deep Bass associ\u00e9e \u00e0 un transducteur dynamique d&rsquo;un diam\u00e8tre de 8 mm. <\/p>\n<p><strong>CONNECTIVIT\u00c9 BLUETOOTH<\/strong><\/p>\n<p>Connectez-vous \u00e0 votre t\u00e9l\u00e9phone via la connectivit\u00e9 Bluetooth 5.0 et profitez d&rsquo;une libert\u00e9 de mouvement totale. Le JBL Vibe 200 TWS est un appareil \u00e0 longue port\u00e9e &#8211; vous pouvez poser votre smartphone sur la table et nettoyer l&rsquo;appartement. Vous appr\u00e9cierez \u00e9galement l&rsquo;absence de c\u00e2bles emm\u00eal\u00e9s pendant le travail ou l&rsquo;\u00e9coute de musique avant de vous endormir.  <\/p>\n<p><strong>CLASSE D&rsquo;\u00c9TANCH\u00c9IT\u00c9 IPX2<\/strong><\/p>\n<p>Les \u00e9couteurs sans fil pr\u00e9sent\u00e9s sont r\u00e9sistants aux l\u00e9g\u00e8res \u00e9claboussures &#8211; gr\u00e2ce \u00e0 la classe de protection IPX2, vous pouvez \u00eatre s\u00fbr qu&rsquo;ils ne seront pas endommag\u00e9s par un peu de sueur vers\u00e9e pendant l&rsquo;entra\u00eenement ou une l\u00e9g\u00e8re pluie qui vous surprendrait lors d&rsquo;une promenade ou en rentrant du travail.<\/p>\n<p><strong>MODE MONO<\/strong><\/p>\n<p>Vous souhaitez que la musique vous accompagne pendant que vous travaillez, mais vous devez \u00e9galement rester vigilant pour entendre vos coll\u00e8gues ? Dans une telle situation, le JBL Vibe 200 TWS propose un mode mono, qui vous permet d&rsquo;utiliser confortablement un seul \u00e9couteur &#8211; c&rsquo;est \u00e9galement un bon moyen d&rsquo;\u00e9conomiser l&rsquo;\u00e9nergie de l&rsquo;appareil ! <\/p>\n<p><strong>CONTR\u00d4LE VOCAL<\/strong><\/p>\n<p>Touchez l&rsquo;\u00e9couteur pour commencer \u00e0 utiliser l&rsquo;assistant vocal ! Cette solution vous aidera \u00e0 contr\u00f4ler la musique sans avoir \u00e0 atteindre le t\u00e9l\u00e9phone ou \u00e0 utiliser le panneau tactile &#8211; elle s&rsquo;av\u00e9rera tr\u00e8s utile, par exemple, pendant l&rsquo;utilisation de DIY, le nettoyage et de nombreuses autres situations o\u00f9 vos deux mains sont occup\u00e9es. <\/p>\n","protected":false},"excerpt":{"rendered":"<p>Construction des \u00e9couteurs , True Wireless Connectivit\u00e9 sans fil , Bluetooth Microphone \/ Contr\u00f4le du volume oui \/ oui R\u00e9ponse en fr\u00e9quence 20 &#8211; 20 000 Hz<\/p>\n","protected":false},"featured_media":12292,"comment_status":"open","ping_status":"closed","template":"","meta":[],"product_brand":[235],"product_cat":[221,231,230],"product_tag":[621,629,619,610,607,623,631],"class_list":{"0":"post-13792","1":"product","2":"type-product","3":"status-publish","4":"has-post-thumbnail","6":"product_brand-jbl-fr","7":"product_cat-accessoires","8":"product_cat-bluetooth-fr","9":"product_cat-casques","10":"product_tag-bluetooth","11":"product_tag-ecouteurs-sans-fil","12":"product_tag-intra-auriculaire","13":"product_tag-jbl","14":"product_tag-noir","15":"product_tag-sans-fil","16":"product_tag-vibrateur-200tws","18":"first","19":"instock","20":"shipping-taxable","21":"purchasable","22":"product-type-simple"},"_links":{"self":[{"href":"https:\/\/hteck.fr\/fr\/wp-json\/wp\/v2\/product\/13792","targetHints":{"allow":["GET"]}}],"collection":[{"href":"https:\/\/hteck.fr\/fr\/wp-json\/wp\/v2\/product"}],"about":[{"href":"https:\/\/hteck.fr\/fr\/wp-json\/wp\/v2\/types\/product"}],"replies":[{"embeddable":true,"href":"https:\/\/hteck.fr\/fr\/wp-json\/wp\/v2\/comments?post=13792"}],"version-history":[{"count":0,"href":"https:\/\/hteck.fr\/fr\/wp-json\/wp\/v2\/product\/13792\/revisions"}],"wp:featuredmedia":[{"embeddable":true,"href":"https:\/\/hteck.fr\/fr\/wp-json\/wp\/v2\/media\/12292"}],"wp:attachment":[{"href":"https:\/\/hteck.fr\/fr\/wp-json\/wp\/v2\/media?parent=13792"}],"wp:term":[{"taxonomy":"product_brand","embeddable":true,"href":"https:\/\/hteck.fr\/fr\/wp-json\/wp\/v2\/product_brand?post=13792"},{"taxonomy":"product_cat","embeddable":true,"href":"https:\/\/hteck.fr\/fr\/wp-json\/wp\/v2\/product_cat?post=13792"},{"taxonomy":"product_tag","embeddable":true,"href":"https:\/\/hteck.fr\/fr\/wp-json\/wp\/v2\/product_tag?post=13792"}],"curies":[{"name":"wp","href":"https:\/\/api.w.org\/{rel}","templated":true}]}}