{"id":13786,"date":"2025-12-12T15:27:34","date_gmt":"2025-12-12T15:27:34","guid":{"rendered":"https:\/\/hteck.fr\/product\/iphone-17-pro-max\/"},"modified":"2025-12-23T17:18:10","modified_gmt":"2025-12-23T17:18:10","slug":"iphone-17-pro-max","status":"publish","type":"product","link":"https:\/\/hteck.fr\/fr\/produit\/iphone-17-pro-max\/","title":{"rendered":"iPhone 17 Pro Max"},"content":{"rendered":"<p>D\u00e9couvrez des performances in\u00e9gal\u00e9es avec l&rsquo;<strong data-start=\"720\" data-end=\"741\">iPhone 17 Pro Max<\/strong>, dot\u00e9 du processeur A19 Pro, d&rsquo;un \u00e9cran Super Retina XDR brillant et d&rsquo;un syst\u00e8me d&rsquo;appareil photo Pro avanc\u00e9 avec photographie par faible luminosit\u00e9 et zoom am\u00e9lior\u00e9. Con\u00e7u avec une finition premium durable, il offre une vitesse incroyable, une autonomie de batterie d&rsquo;une journ\u00e9e et des performances fluides pour les jeux, la cr\u00e9ation de contenu et le multit\u00e2che au quotidien. <\/p>\n","protected":false},"excerpt":{"rendered":"<p>D\u00e9couvrez des performances in\u00e9gal\u00e9es avec l&rsquo;iPhone 17 Pro Max, dot\u00e9 du processeur A19 Pro, d&rsquo;un \u00e9cran Super Retina XDR brillant<\/p>\n","protected":false},"featured_media":13092,"comment_status":"open","ping_status":"closed","template":"","meta":[],"product_brand":[123],"product_cat":[252,256,595,251],"product_tag":[],"class_list":{"0":"post-13786","1":"product","2":"type-product","3":"status-publish","4":"has-post-thumbnail","6":"product_brand-apple","7":"product_cat-apple-fr","8":"product_cat-i-phone-fr","9":"product_cat-serie-iphone-17","10":"product_cat-telephone-mobile","12":"first","13":"instock","14":"sale","15":"shipping-taxable","16":"purchasable","17":"product-type-variable","18":"has-default-attributes"},"_links":{"self":[{"href":"https:\/\/hteck.fr\/fr\/wp-json\/wp\/v2\/product\/13786","targetHints":{"allow":["GET"]}}],"collection":[{"href":"https:\/\/hteck.fr\/fr\/wp-json\/wp\/v2\/product"}],"about":[{"href":"https:\/\/hteck.fr\/fr\/wp-json\/wp\/v2\/types\/product"}],"replies":[{"embeddable":true,"href":"https:\/\/hteck.fr\/fr\/wp-json\/wp\/v2\/comments?post=13786"}],"version-history":[{"count":1,"href":"https:\/\/hteck.fr\/fr\/wp-json\/wp\/v2\/product\/13786\/revisions"}],"predecessor-version":[{"id":13985,"href":"https:\/\/hteck.fr\/fr\/wp-json\/wp\/v2\/product\/13786\/revisions\/13985"}],"wp:featuredmedia":[{"embeddable":true,"href":"https:\/\/hteck.fr\/fr\/wp-json\/wp\/v2\/media\/13092"}],"wp:attachment":[{"href":"https:\/\/hteck.fr\/fr\/wp-json\/wp\/v2\/media?parent=13786"}],"wp:term":[{"taxonomy":"product_brand","embeddable":true,"href":"https:\/\/hteck.fr\/fr\/wp-json\/wp\/v2\/product_brand?post=13786"},{"taxonomy":"product_cat","embeddable":true,"href":"https:\/\/hteck.fr\/fr\/wp-json\/wp\/v2\/product_cat?post=13786"},{"taxonomy":"product_tag","embeddable":true,"href":"https:\/\/hteck.fr\/fr\/wp-json\/wp\/v2\/product_tag?post=13786"}],"curies":[{"name":"wp","href":"https:\/\/api.w.org\/{rel}","templated":true}]}}