{"id":13784,"date":"2025-10-01T11:14:29","date_gmt":"2025-10-01T11:14:29","guid":{"rendered":"https:\/\/hteck.fr\/product\/cle-usb-sandisk-cruzer-blade-usb-2-0-64-go-sans-capuchon-noir-rouge\/"},"modified":"2025-10-01T11:14:29","modified_gmt":"2025-10-01T11:14:29","slug":"cle-usb-sandisk-cruzer-blade-usb-2-0-64-go-sans-capuchon-noir-rouge","status":"publish","type":"product","link":"https:\/\/hteck.fr\/fr\/produit\/cle-usb-sandisk-cruzer-blade-usb-2-0-64-go-sans-capuchon-noir-rouge\/","title":{"rendered":"Cl\u00e9 USB SanDisk Cruzer Blade USB 2.0 64 Go \u2013 sans capuchon \u2013 noir\/rouge"},"content":{"rendered":"<p>Gr\u00e2ce \u00e0 sa conception \u00e9l\u00e9gante et compacte ainsi qu&rsquo;\u00e0 sa grande capacit\u00e9, la cl\u00e9 USB Cruzer Blade USB facilite la sauvegarde, le transfert et le partage de vos fichiers. Disponible dans des capacit\u00e9s allant jusqu&rsquo;\u00e0 128 Go1, ce p\u00e9riph\u00e9rique USB vous permet d&#8217;emporter vos photos, films, musiques et donn\u00e9es personnelles partout o\u00f9 vous allez. <\/p>\n<p>Conception compacte pour une portabilit\u00e9 maximale.<br \/>\nLa cl\u00e9 USB Cruzer Blade USB pr\u00e9sente une conception compacte qui s&rsquo;ins\u00e8re facilement dans une poche ou un sac d&rsquo;ordinateur. Cette cl\u00e9 USB arbore un design \u00e9l\u00e9gant rouge et noir qui s&rsquo;harmonise avec de nombreux appareils \u00e9lectroniques. <\/p>\n<p>Le lecteur \u00e0 haute capacit\u00e9 stocke vos fichiers multim\u00e9dias pr\u00e9f\u00e9r\u00e9s.<br \/>\nCon\u00e7ue par SanDisk, un innovateur de premier plan dans le domaine de la m\u00e9moire flash, la cl\u00e9 USB Cruzer Blade USB offre une capacit\u00e9 consid\u00e9rable dans un format compact. Disponible dans des tailles allant jusqu&rsquo;\u00e0 128 Go1, ce p\u00e9riph\u00e9rique USB peut stocker tous vos fichiers essentiels. <\/p>\n<p>Les sauvegardes par glisser-d\u00e9poser simplifient le processus.<br \/>\nLe transfert de donn\u00e9es vers la cl\u00e9 USB Cruzer Blade USB est simple : il suffit de brancher le lecteur sur le port USB de votre ordinateur et de faire glisser les fichiers dans le dossier du lecteur. Apr\u00e8s un t\u00e9l\u00e9chargement rapide et unique du pilote, ce p\u00e9riph\u00e9rique USB est pr\u00eat \u00e0 stocker, transporter et partager vos donn\u00e9es imm\u00e9diatement. <\/p>\n<p>1.La protection par mot de passe utilise un chiffrement AES 128 bits et est compatible avec Windows\u00ae 7, Windows 8, Windows 10 et Mac OS X v. 10.9 ou sup\u00e9rieur (Mac n\u00e9cessite le t\u00e9l\u00e9chargement d&rsquo;un logiciel, voir www.SanDisk.com\/SecureAccess) POUR LA CHINE UNIQUEMENT : La protection par mot de passe est compatible avec Windows\u00ae 7, Windows 8, Windows 10 et Mac OS X v. 10.9 ou sup\u00e9rieur (Mac n\u00e9cessite le t\u00e9l\u00e9chargement d&rsquo;un logiciel, voir www.SanDisk.com\/SecureAccess).<\/p>\n<p>Sp\u00e9cifications :<\/p>\n<p>Performance :<\/p>\n<p>-Capacit\u00e9 : 64 Go<br \/>\n-Version USB : 2.0<\/p>\n<p>Conception :<\/p>\n<p>-Facteur de forme : Sans capuchon<br \/>\n-Couleur du produit : Noir\/Rouge<br \/>\n-Porte-cl\u00e9s : Oui<\/p>\n<p>S\u00e9curit\u00e9 :<\/p>\n<p>-Protection par mot de passe : Oui<\/p>\n<p>Conditions environnementales :<\/p>\n<p>-Plage de temp\u00e9rature de fonctionnement : 0 &#8211; 45 \u00b0C<br \/>\n-Plage de temp\u00e9rature de stockage : -10 &#8211; 70 \u00b0C<\/p>\n<p>Dimensions :<\/p>\n<p>-Largeur : 17,6 mm<br \/>\n-Profondeur : 41,5 mm<br \/>\n-Hauteur : 7,4 mm<\/p>\n","protected":false},"excerpt":{"rendered":"<p>Conception compacte pour une portabilit\u00e9 maximale.<br \/>\nLa cl\u00e9 USB Cruzer Blade USB pr\u00e9sente une conception compacte qui s&rsquo;ins\u00e8re facilement dans une poche ou un sac d&rsquo;ordinateur. Cette cl\u00e9 USB arbore un design \u00e9l\u00e9gant rouge et noir qui s&rsquo;harmonise avec de nombreux appareils \u00e9lectroniques. <\/p>\n","protected":false},"featured_media":12086,"comment_status":"open","ping_status":"closed","template":"","meta":[],"product_brand":[188],"product_cat":[245],"product_tag":[],"class_list":{"0":"post-13784","1":"product","2":"type-product","3":"status-publish","4":"has-post-thumbnail","6":"product_brand-sandisk","7":"product_cat-cles-usb","9":"first","10":"instock","11":"featured","12":"shipping-taxable","13":"purchasable","14":"product-type-simple"},"_links":{"self":[{"href":"https:\/\/hteck.fr\/fr\/wp-json\/wp\/v2\/product\/13784","targetHints":{"allow":["GET"]}}],"collection":[{"href":"https:\/\/hteck.fr\/fr\/wp-json\/wp\/v2\/product"}],"about":[{"href":"https:\/\/hteck.fr\/fr\/wp-json\/wp\/v2\/types\/product"}],"replies":[{"embeddable":true,"href":"https:\/\/hteck.fr\/fr\/wp-json\/wp\/v2\/comments?post=13784"}],"version-history":[{"count":0,"href":"https:\/\/hteck.fr\/fr\/wp-json\/wp\/v2\/product\/13784\/revisions"}],"wp:featuredmedia":[{"embeddable":true,"href":"https:\/\/hteck.fr\/fr\/wp-json\/wp\/v2\/media\/12086"}],"wp:attachment":[{"href":"https:\/\/hteck.fr\/fr\/wp-json\/wp\/v2\/media?parent=13784"}],"wp:term":[{"taxonomy":"product_brand","embeddable":true,"href":"https:\/\/hteck.fr\/fr\/wp-json\/wp\/v2\/product_brand?post=13784"},{"taxonomy":"product_cat","embeddable":true,"href":"https:\/\/hteck.fr\/fr\/wp-json\/wp\/v2\/product_cat?post=13784"},{"taxonomy":"product_tag","embeddable":true,"href":"https:\/\/hteck.fr\/fr\/wp-json\/wp\/v2\/product_tag?post=13784"}],"curies":[{"name":"wp","href":"https:\/\/api.w.org\/{rel}","templated":true}]}}