{"id":13783,"date":"2025-12-12T15:27:42","date_gmt":"2025-12-12T15:27:42","guid":{"rendered":"https:\/\/hteck.fr\/product\/iphone-air\/"},"modified":"2025-12-23T17:18:12","modified_gmt":"2025-12-23T17:18:12","slug":"iphone-air","status":"publish","type":"product","link":"https:\/\/hteck.fr\/fr\/produit\/iphone-air\/","title":{"rendered":"iPhone Air"},"content":{"rendered":"<p data-start=\"276\" data-end=\"660\">D\u00e9couvrez le tout nouvel <strong data-start=\"299\" data-end=\"316\">iPhone 17 Air<\/strong>, un smartphone r\u00e9volutionnaire cr\u00e9\u00e9 pour les utilisateurs qui recherchent des <strong data-start=\"371\" data-end=\"396\">performances de niveau professionnel<\/strong> dans un <strong data-start=\"403\" data-end=\"454\">design extr\u00eamement fin, l\u00e9ger et haut de gamme.<\/strong> Avec son superbe \u00e9cran Super Retina XDR, son appareil photo de nouvelle g\u00e9n\u00e9ration de 48 Mpx et sa puce A19 Pro ultra-rapide, l&rsquo;iPhone 17 Air repousse les limites de la performance, de la cr\u00e9ativit\u00e9 et de l&rsquo;utilisation quotidienne.<\/p>\n<p data-start=\"662\" data-end=\"877\">Que vous soyez un cr\u00e9ateur de contenu, un professionnel, un \u00e9tudiant ou quelqu&rsquo;un qui exige simplement le meilleur, l&rsquo;iPhone 17 Air est con\u00e7u pour offrir puissance, efficacit\u00e9 et \u00e9l\u00e9gance &#8211; le tout dans un appareil magnifiquement con\u00e7u.<\/p>\n","protected":false},"excerpt":{"rendered":"<p>D\u00e9couvrez le tout nouvel iPhone 17 Air, un smartphone r\u00e9volutionnaire cr\u00e9\u00e9 pour les utilisateurs qui recherchent des performances de niveau<\/p>\n","protected":false},"featured_media":13058,"comment_status":"open","ping_status":"closed","template":"","meta":[],"product_brand":[123],"product_cat":[252,256,595,251],"product_tag":[],"class_list":{"0":"post-13783","1":"product","2":"type-product","3":"status-publish","4":"has-post-thumbnail","6":"product_brand-apple","7":"product_cat-apple-fr","8":"product_cat-i-phone-fr","9":"product_cat-serie-iphone-17","10":"product_cat-telephone-mobile","12":"first","13":"instock","14":"sale","15":"shipping-taxable","16":"purchasable","17":"product-type-variable","18":"has-default-attributes"},"_links":{"self":[{"href":"https:\/\/hteck.fr\/fr\/wp-json\/wp\/v2\/product\/13783","targetHints":{"allow":["GET"]}}],"collection":[{"href":"https:\/\/hteck.fr\/fr\/wp-json\/wp\/v2\/product"}],"about":[{"href":"https:\/\/hteck.fr\/fr\/wp-json\/wp\/v2\/types\/product"}],"replies":[{"embeddable":true,"href":"https:\/\/hteck.fr\/fr\/wp-json\/wp\/v2\/comments?post=13783"}],"version-history":[{"count":2,"href":"https:\/\/hteck.fr\/fr\/wp-json\/wp\/v2\/product\/13783\/revisions"}],"predecessor-version":[{"id":13990,"href":"https:\/\/hteck.fr\/fr\/wp-json\/wp\/v2\/product\/13783\/revisions\/13990"}],"wp:featuredmedia":[{"embeddable":true,"href":"https:\/\/hteck.fr\/fr\/wp-json\/wp\/v2\/media\/13058"}],"wp:attachment":[{"href":"https:\/\/hteck.fr\/fr\/wp-json\/wp\/v2\/media?parent=13783"}],"wp:term":[{"taxonomy":"product_brand","embeddable":true,"href":"https:\/\/hteck.fr\/fr\/wp-json\/wp\/v2\/product_brand?post=13783"},{"taxonomy":"product_cat","embeddable":true,"href":"https:\/\/hteck.fr\/fr\/wp-json\/wp\/v2\/product_cat?post=13783"},{"taxonomy":"product_tag","embeddable":true,"href":"https:\/\/hteck.fr\/fr\/wp-json\/wp\/v2\/product_tag?post=13783"}],"curies":[{"name":"wp","href":"https:\/\/api.w.org\/{rel}","templated":true}]}}