{"id":13782,"date":"2025-10-01T11:14:29","date_gmt":"2025-10-01T11:14:29","guid":{"rendered":"https:\/\/hteck.fr\/product\/cle-usb-sandisk-cruzer-blade-usb-2-0-128-go-ultra-compacte-noir-rouge\/"},"modified":"2025-10-01T11:14:29","modified_gmt":"2025-10-01T11:14:29","slug":"cle-usb-sandisk-cruzer-blade-usb-2-0-128-go-ultra-compacte-noir-rouge","status":"publish","type":"product","link":"https:\/\/hteck.fr\/fr\/produit\/cle-usb-sandisk-cruzer-blade-usb-2-0-128-go-ultra-compacte-noir-rouge\/","title":{"rendered":"Cl\u00e9 USB SanDisk Cruzer Blade USB 2.0 128 Go &#8211; ultra-compacte &#8211; noir\/rouge"},"content":{"rendered":"<p>Transportez vos fichiers pr\u00e9f\u00e9r\u00e9s avec vous sur la cl\u00e9 USB Cruzer\u00ae BladeTM USB ultra-compacte et portable. C&rsquo;est le moyen le plus rapide et le plus pratique pour sauvegarder et transf\u00e9rer vos fichiers num\u00e9riques d&rsquo;un ordinateur \u00e0 l&rsquo;autre, ou les emporter en d\u00e9placement. Il suffit de copier vos images, chansons et autres fichiers sur l&rsquo;\u00e9l\u00e9gante cl\u00e9 USB Cruzer Blade USB pour commencer \u00e0 les partager avec vos amis et votre famille.  <\/p>\n<p>Caract\u00e9ristiques :<\/p>\n<p>-Conception ultra-compacte, portable et profil\u00e9e.<br \/>\n-Partagez facilement vos photos, vid\u00e9os, chansons et autres fichiers entre ordinateurs.<br \/>\n-\u00c9conomisez davantage avec des capacit\u00e9s plus importantes.<\/p>\n<p>Sp\u00e9cifications :<\/p>\n<p>Performance :<\/p>\n<p>-Capacit\u00e9 : 128 Go<br \/>\n-Interface du dispositif : USB type-a<br \/>\n-Version USB : 2.0<br \/>\n-Plug and play : Oui<\/p>\n<p>Conception :<\/p>\n<p>-Facteur de forme : sans capuchon<br \/>\n-Couleur du produit : noir\/rouge<br \/>\n-Porte-cl\u00e9s : Oui<\/p>\n<p>S\u00e9curit\u00e9 :<\/p>\n<p>-Lecteur d&#8217;empreintes digitales : Non<\/p>\n<p>Conditions environnementales :<\/p>\n<p>-Plage de temp\u00e9rature de fonctionnement : 0 &#8211; 35 \u00b0C<br \/>\n-Plage de temp\u00e9rature de stockage : -10 &#8211; 70 \u00b0C<\/p>\n","protected":false},"excerpt":{"rendered":"<p>Conception compacte pour une portabilit\u00e9 maximale.<br \/>\nLa cl\u00e9 USB Cruzer Blade USB pr\u00e9sente une conception compacte qui s&rsquo;ins\u00e8re facilement dans une poche ou un sac d&rsquo;ordinateur. Cette cl\u00e9 USB arbore un design \u00e9l\u00e9gant rouge et noir qui s&rsquo;harmonise avec de nombreux appareils \u00e9lectroniques. <\/p>\n","protected":false},"featured_media":12086,"comment_status":"open","ping_status":"closed","template":"","meta":[],"product_brand":[188],"product_cat":[245],"product_tag":[],"class_list":{"0":"post-13782","1":"product","2":"type-product","3":"status-publish","4":"has-post-thumbnail","6":"product_brand-sandisk","7":"product_cat-cles-usb","9":"first","10":"instock","11":"featured","12":"shipping-taxable","13":"purchasable","14":"product-type-simple"},"_links":{"self":[{"href":"https:\/\/hteck.fr\/fr\/wp-json\/wp\/v2\/product\/13782","targetHints":{"allow":["GET"]}}],"collection":[{"href":"https:\/\/hteck.fr\/fr\/wp-json\/wp\/v2\/product"}],"about":[{"href":"https:\/\/hteck.fr\/fr\/wp-json\/wp\/v2\/types\/product"}],"replies":[{"embeddable":true,"href":"https:\/\/hteck.fr\/fr\/wp-json\/wp\/v2\/comments?post=13782"}],"version-history":[{"count":0,"href":"https:\/\/hteck.fr\/fr\/wp-json\/wp\/v2\/product\/13782\/revisions"}],"wp:featuredmedia":[{"embeddable":true,"href":"https:\/\/hteck.fr\/fr\/wp-json\/wp\/v2\/media\/12086"}],"wp:attachment":[{"href":"https:\/\/hteck.fr\/fr\/wp-json\/wp\/v2\/media?parent=13782"}],"wp:term":[{"taxonomy":"product_brand","embeddable":true,"href":"https:\/\/hteck.fr\/fr\/wp-json\/wp\/v2\/product_brand?post=13782"},{"taxonomy":"product_cat","embeddable":true,"href":"https:\/\/hteck.fr\/fr\/wp-json\/wp\/v2\/product_cat?post=13782"},{"taxonomy":"product_tag","embeddable":true,"href":"https:\/\/hteck.fr\/fr\/wp-json\/wp\/v2\/product_tag?post=13782"}],"curies":[{"name":"wp","href":"https:\/\/api.w.org\/{rel}","templated":true}]}}