{"id":13780,"date":"2025-12-12T15:27:34","date_gmt":"2025-12-12T15:27:34","guid":{"rendered":"https:\/\/hteck.fr\/product\/iphone-17\/"},"modified":"2025-12-23T17:18:11","modified_gmt":"2025-12-23T17:18:11","slug":"iphone-17","status":"publish","type":"product","link":"https:\/\/hteck.fr\/fr\/produit\/iphone-17\/","title":{"rendered":"iPhone 17"},"content":{"rendered":"<p>L&rsquo;<strong data-start=\"857\" data-end=\"870\">iPhone 17 d&rsquo;<\/strong> Apple offre une vitesse exceptionnelle gr\u00e2ce \u00e0 la puce A19, un \u00e9cran Super Retina XDR \u00e9clatant et un appareil photo 48 Mpx de qualit\u00e9 professionnelle. Parfait pour les cr\u00e9ateurs, les joueurs et les utilisateurs quotidiens \u00e0 la recherche de performances haut de gamme. <\/p>\n<p>L&rsquo;<strong data-start=\"239\" data-end=\"252\">iPhone 17<\/strong> offre de puissantes performances gr\u00e2ce \u00e0 la puce A19, un superbe \u00e9cran Super Retina XDR et un syst\u00e8me d&rsquo;appareil photo avanc\u00e9 de 48 Mpx. Fin, rapide et \u00e9conome en \u00e9nergie, il est con\u00e7u pour la photographie, les jeux, le streaming et le multit\u00e2che au quotidien. B\u00e9n\u00e9ficiez de performances plus fluides, d&rsquo;images plus lumineuses et d&rsquo;une autonomie de batterie d&rsquo;une journ\u00e9e enti\u00e8re, le tout dans un design \u00e9l\u00e9gant et moderne.  <\/p>\n","protected":false},"excerpt":{"rendered":"<p>L&rsquo;iPhone 17 d&rsquo; Apple offre une vitesse exceptionnelle gr\u00e2ce \u00e0 la puce A19, un \u00e9cran Super Retina XDR \u00e9clatant et<\/p>\n","protected":false},"featured_media":13027,"comment_status":"open","ping_status":"closed","template":"","meta":[],"product_brand":[123],"product_cat":[252,256,595,251],"product_tag":[],"class_list":{"0":"post-13780","1":"product","2":"type-product","3":"status-publish","4":"has-post-thumbnail","6":"product_brand-apple","7":"product_cat-apple-fr","8":"product_cat-i-phone-fr","9":"product_cat-serie-iphone-17","10":"product_cat-telephone-mobile","12":"first","13":"instock","14":"sale","15":"shipping-taxable","16":"purchasable","17":"product-type-variable","18":"has-default-attributes"},"_links":{"self":[{"href":"https:\/\/hteck.fr\/fr\/wp-json\/wp\/v2\/product\/13780","targetHints":{"allow":["GET"]}}],"collection":[{"href":"https:\/\/hteck.fr\/fr\/wp-json\/wp\/v2\/product"}],"about":[{"href":"https:\/\/hteck.fr\/fr\/wp-json\/wp\/v2\/types\/product"}],"replies":[{"embeddable":true,"href":"https:\/\/hteck.fr\/fr\/wp-json\/wp\/v2\/comments?post=13780"}],"version-history":[{"count":1,"href":"https:\/\/hteck.fr\/fr\/wp-json\/wp\/v2\/product\/13780\/revisions"}],"predecessor-version":[{"id":13988,"href":"https:\/\/hteck.fr\/fr\/wp-json\/wp\/v2\/product\/13780\/revisions\/13988"}],"wp:featuredmedia":[{"embeddable":true,"href":"https:\/\/hteck.fr\/fr\/wp-json\/wp\/v2\/media\/13027"}],"wp:attachment":[{"href":"https:\/\/hteck.fr\/fr\/wp-json\/wp\/v2\/media?parent=13780"}],"wp:term":[{"taxonomy":"product_brand","embeddable":true,"href":"https:\/\/hteck.fr\/fr\/wp-json\/wp\/v2\/product_brand?post=13780"},{"taxonomy":"product_cat","embeddable":true,"href":"https:\/\/hteck.fr\/fr\/wp-json\/wp\/v2\/product_cat?post=13780"},{"taxonomy":"product_tag","embeddable":true,"href":"https:\/\/hteck.fr\/fr\/wp-json\/wp\/v2\/product_tag?post=13780"}],"curies":[{"name":"wp","href":"https:\/\/api.w.org\/{rel}","templated":true}]}}