{"id":12757,"date":"2025-03-24T17:26:34","date_gmt":"2025-03-24T17:26:34","guid":{"rendered":"https:\/\/hteck.fr\/product\/carte-sdhc-sandisk-ultra-32-go-uhs-i-classe-10-120-mo-s\/"},"modified":"2025-03-24T17:26:34","modified_gmt":"2025-03-24T17:26:34","slug":"carte-sdhc-sandisk-ultra-32-go-uhs-i-classe-10-120-mo-s","status":"publish","type":"product","link":"https:\/\/hteck.fr\/fr\/produit\/carte-sdhc-sandisk-ultra-32-go-uhs-i-classe-10-120-mo-s\/","title":{"rendered":"Carte SDHC SanDisk Ultra 32 Go UHS-I classe 10 120 Mo\/s"},"content":{"rendered":"<p>Prenez de meilleures photos et vid\u00e9os Full HD avec vos appareils photo compacts ou cam\u00e9scopes, du compact au milieu de gamme. Avec les cartes SD SanDisk Ultra, vous b\u00e9n\u00e9ficierez de t\u00e9l\u00e9chargements plus rapides, d&rsquo;une grande capacit\u00e9 et de performances am\u00e9lior\u00e9es vous permettant de capturer et de stocker jusqu&rsquo;\u00e0 256 Go de photos et vid\u00e9os Full HD de haute qualit\u00e9. Profitez de vitesses de lecture ultra-rapides allant jusqu&rsquo;\u00e0 120 Mo\/s pour gagner du temps lors du transfert de photos et de vid\u00e9os de la carte vers votre ordinateur. Les cartes SD SanDisk Ultra UHS-I sont \u00e9tanches, r\u00e9sistantes aux temp\u00e9ratures, aux rayons X et aux chocs. De plus, elles sont compatibles avec les appareils num\u00e9riques SDHC et SDXC.    <\/p>\n<p>Caract\u00e9ristiques :<\/p>\n<p>&#8211; Choix id\u00e9al pour les appareils photo compacts.<br \/>\n&#8211; Vitesses de transfert rapides jusqu&rsquo;\u00e0 120 Mo\/s pour sauvegarder vos moments pr\u00e9f\u00e9r\u00e9s.<br \/>\n&#8211; Jusqu&rsquo;\u00e0 256 Go pour stocker un nombre illimit\u00e9 de photos et encore plus de vid\u00e9os Full HD.<br \/>\n&#8211; Performances d&rsquo;enregistrement vid\u00e9o exceptionnelles avec une classification UHS Speed Class 1 (U1) et Class 10 pour les vid\u00e9os Full HD (1080p)<br \/>\n&#8211; Compatible avec le lecteur de cartes SanDisk SD UHS-I pour des vitesses allant jusqu&rsquo;\u00e0 120 Mo\/s<\/p>\n<p>Sp\u00e9cifications :<\/p>\n<p>-Capacit\u00e9 : 32 Go<br \/>\n-Type de carte m\u00e9moire flash : SDHC<br \/>\n-Vitesse de lecture : 120 Mo\/s<br \/>\n-Type de m\u00e9moire interne : UHS-I<br \/>\n-Classe de vitesse UHS : Classe 1 (U1)<br \/>\n-Classe de vitesse vid\u00e9o : V10<br \/>\n-Classe de m\u00e9moire flash : Classe 10<br \/>\n-Caract\u00e9ristiques de protection : R\u00e9sistant aux chocs, R\u00e9sistant aux temp\u00e9ratures, R\u00e9sistant \u00e0 l&rsquo;eau, R\u00e9sistant aux rayons X<br \/>\n-Interrupteur de protection en \u00e9criture : Oui<br \/>\n-Couleur du produit : Noir<\/p>\n<p>Dimensions et poids :<\/p>\n<p>-Largeur : 23,9 mm<br \/>\n-Profondeur : 2,17 mm<br \/>\n-Hauteur : 31,8 mm<br \/>\n-Poids : 2,1 g<\/p>\n","protected":false},"excerpt":{"rendered":"<p>Prenez de meilleures photos et vid\u00e9os Full HD avec vos appareils photo compacts ou cam\u00e9scopes, du compact au milieu de gamme. Avec les cartes SD SanDisk Ultra, vous b\u00e9n\u00e9ficierez de t\u00e9l\u00e9chargements plus rapides, d&rsquo;une grande capacit\u00e9 et de performances am\u00e9lior\u00e9es vous permettant de capturer et de stocker jusqu&rsquo;\u00e0 256 Go de photos et vid\u00e9os Full HD de haute qualit\u00e9. Profitez de vitesses de lecture ultra-rapides allant jusqu&rsquo;\u00e0 120 Mo\/s pour gagner du temps lors du transfert de photos et de vid\u00e9os de la carte vers votre ordinateur. Les cartes SD SanDisk Ultra UHS-I sont \u00e9tanches, r\u00e9sistantes aux temp\u00e9ratures, aux rayons X et aux chocs. De plus, elles sont compatibles avec les appareils num\u00e9riques SDHC et SDXC.    <\/p>\n","protected":false},"featured_media":12074,"comment_status":"open","ping_status":"closed","template":"","meta":[],"product_brand":[188],"product_cat":[244],"product_tag":[704,700,699,701],"class_list":{"0":"post-12757","1":"product","2":"type-product","3":"status-publish","4":"has-post-thumbnail","6":"product_brand-sandisk","7":"product_cat-cartes-memoire","8":"product_tag-32gb","9":"product_tag-classe-10","10":"product_tag-sandisk","11":"product_tag-uhs-i","13":"first","14":"instock","15":"shipping-taxable","16":"purchasable","17":"product-type-simple"},"_links":{"self":[{"href":"https:\/\/hteck.fr\/fr\/wp-json\/wp\/v2\/product\/12757","targetHints":{"allow":["GET"]}}],"collection":[{"href":"https:\/\/hteck.fr\/fr\/wp-json\/wp\/v2\/product"}],"about":[{"href":"https:\/\/hteck.fr\/fr\/wp-json\/wp\/v2\/types\/product"}],"replies":[{"embeddable":true,"href":"https:\/\/hteck.fr\/fr\/wp-json\/wp\/v2\/comments?post=12757"}],"version-history":[{"count":0,"href":"https:\/\/hteck.fr\/fr\/wp-json\/wp\/v2\/product\/12757\/revisions"}],"wp:featuredmedia":[{"embeddable":true,"href":"https:\/\/hteck.fr\/fr\/wp-json\/wp\/v2\/media\/12074"}],"wp:attachment":[{"href":"https:\/\/hteck.fr\/fr\/wp-json\/wp\/v2\/media?parent=12757"}],"wp:term":[{"taxonomy":"product_brand","embeddable":true,"href":"https:\/\/hteck.fr\/fr\/wp-json\/wp\/v2\/product_brand?post=12757"},{"taxonomy":"product_cat","embeddable":true,"href":"https:\/\/hteck.fr\/fr\/wp-json\/wp\/v2\/product_cat?post=12757"},{"taxonomy":"product_tag","embeddable":true,"href":"https:\/\/hteck.fr\/fr\/wp-json\/wp\/v2\/product_tag?post=12757"}],"curies":[{"name":"wp","href":"https:\/\/api.w.org\/{rel}","templated":true}]}}