{"id":12754,"date":"2025-03-24T18:21:39","date_gmt":"2025-03-24T18:21:39","guid":{"rendered":"https:\/\/hteck.fr\/product\/carte-sandisk-ultra-microsdxc-128-go-uhs-i-a1-classe-10-avec-adaptateur\/"},"modified":"2025-03-24T18:21:39","modified_gmt":"2025-03-24T18:21:39","slug":"carte-sandisk-ultra-microsdxc-128-go-uhs-i-a1-classe-10-avec-adaptateur","status":"publish","type":"product","link":"https:\/\/hteck.fr\/fr\/produit\/carte-sandisk-ultra-microsdxc-128-go-uhs-i-a1-classe-10-avec-adaptateur\/","title":{"rendered":"Carte SanDisk Ultra microSDXC 128 Go UHS-I A1 classe 10 avec adaptateur"},"content":{"rendered":"<p>La carte SanDisk Ultra\u00ae microSD\u2122 UHS-I vous offre la libert\u00e9 de capturer, sauvegarder et partager plus que jamais auparavant.<\/p>\n<p>Avec des capacit\u00e9s allant jusqu&rsquo;\u00e0 1 To, la carte microSD SanDisk Ultra dispose d&rsquo;un espace suffisant pour stocker encore plus d&rsquo;heures de vid\u00e9o Full HD et offre des vitesses de transfert allant jusqu&rsquo;\u00e0 150 Mo\/s, vous permettant ainsi de d\u00e9placer rapidement votre contenu.<\/p>\n<p>Id\u00e9ale pour les smartphones et tablettes Android\u2122, la carte permet un chargement plus rapide des applications gr\u00e2ce \u00e0 ses performances de classe A1.<\/p>\n<p>Id\u00e9ale pour les smartphones et tablettes Android\u2122.<br \/>\nLes cartes SanDisk\u00ae sont compatibles avec les smartphones et tablettes Android\u2122.<\/p>\n<p>Capturez et stockez encore plus d&rsquo;heures de vid\u00e9o Full HD.<br \/>\nAvec des capacit\u00e9s allant jusqu&rsquo;\u00e0 1 To, vous pouvez stocker encore plus d&rsquo;heures de vid\u00e9o Full HD sur la carte et disposer de suffisamment d&rsquo;espace pour d&rsquo;autres vid\u00e9os, photos, musiques, films et autres fichiers que vous souhaitez capturer, sauvegarder et partager.<\/p>\n<p>Vitesses de transfert allant jusqu&rsquo;\u00e0 150 Mo\/s.<br \/>\nDes vitesses de transfert incroyablement rapides vous permettent de d\u00e9placer le contenu rapidement \u2014 jusqu&rsquo;\u00e0 1 000 photos en une minute [32 Go-1 To].<\/p>\n<p>Chargement plus rapide des applications avec des performances de classe A1. La carte SanDisk Ultra\u00ae microSD\u2122 de classe A1 est optimis\u00e9e pour les applications, ce qui lui permet de se lancer plus rapidement et d&rsquo;offrir de meilleures performances pour une exp\u00e9rience smartphone sup\u00e9rieure. <\/p>\n<p>SanDisk\u00ae Memory Zone\u2122 pour une gestion facile des fichiers.<br \/>\nDisponible sur le Google Play Store\u2122, l&rsquo;application SanDisk\u00ae Memory Zone\u2122 vous permet de visualiser, d&rsquo;acc\u00e9der et de sauvegarder les fichiers de votre t\u00e9l\u00e9phone en un seul endroit. Elle peut \u00e9galement d\u00e9placer automatiquement les fichiers entre votre appareil et votre carte m\u00e9moire pour lib\u00e9rer de l&rsquo;espace. <\/p>\n<p>Compatible avec le lecteur MobileMate\u00ae USB 3.0.<br \/>\nUtilisez le lecteur de carte microSD\u2122 MobileMate\u00ae USB 3.0 pour d\u00e9placer rapidement des fichiers volumineux, d\u00e9placer plusieurs fichiers simultan\u00e9ment ou effectuer des transferts de fichiers fr\u00e9quents beaucoup plus rapidement.<\/p>\n<p>Sp\u00e9cifications :<\/p>\n<p>-Capacit\u00e9 : 128 Go<br \/>\n-Type de carte m\u00e9moire : MicroSDXC<br \/>\n-Vitesse de lecture : 140 Mo\/s<br \/>\n-Type de m\u00e9moire interne : UHS-I<br \/>\n-Classe de vitesse UHS : Classe 1 (U1)<br \/>\n-Classe de performance d&rsquo;application : A1<br \/>\n-Classe de m\u00e9moire flash : Classe 10<\/p>\n<p>Caract\u00e9ristiques :<\/p>\n<p>-Couleur du produit : Gris, Rouge<\/p>\n<p>Poids et dimensions :<\/p>\n<p>-Largeur : 15 mm<br \/>\n-Profondeur : 1,02 mm<br \/>\n-Hauteur : 10,9 mm<\/p>\n","protected":false},"excerpt":{"rendered":"<p>La carte SanDisk Ultra\u00ae microSD\u2122 UHS-I vous offre la libert\u00e9 de capturer, sauvegarder et partager plus que jamais auparavant.<\/p>\n<p>Avec des capacit\u00e9s allant jusqu&rsquo;\u00e0 1 To, la carte microSD SanDisk Ultra dispose d&rsquo;un espace suffisant pour stocker encore plus d&rsquo;heures de vid\u00e9o Full HD et offre des vitesses de transfert allant jusqu&rsquo;\u00e0 150 Mo\/s, vous permettant ainsi de d\u00e9placer rapidement vos contenus.<\/p>\n","protected":false},"featured_media":12079,"comment_status":"open","ping_status":"closed","template":"","meta":[],"product_brand":[188],"product_cat":[244],"product_tag":[705,700,699,701],"class_list":{"0":"post-12754","1":"product","2":"type-product","3":"status-publish","4":"has-post-thumbnail","6":"product_brand-sandisk","7":"product_cat-cartes-memoire","8":"product_tag-a1","9":"product_tag-classe-10","10":"product_tag-sandisk","11":"product_tag-uhs-i","13":"first","14":"instock","15":"shipping-taxable","16":"purchasable","17":"product-type-simple"},"_links":{"self":[{"href":"https:\/\/hteck.fr\/fr\/wp-json\/wp\/v2\/product\/12754","targetHints":{"allow":["GET"]}}],"collection":[{"href":"https:\/\/hteck.fr\/fr\/wp-json\/wp\/v2\/product"}],"about":[{"href":"https:\/\/hteck.fr\/fr\/wp-json\/wp\/v2\/types\/product"}],"replies":[{"embeddable":true,"href":"https:\/\/hteck.fr\/fr\/wp-json\/wp\/v2\/comments?post=12754"}],"version-history":[{"count":0,"href":"https:\/\/hteck.fr\/fr\/wp-json\/wp\/v2\/product\/12754\/revisions"}],"wp:featuredmedia":[{"embeddable":true,"href":"https:\/\/hteck.fr\/fr\/wp-json\/wp\/v2\/media\/12079"}],"wp:attachment":[{"href":"https:\/\/hteck.fr\/fr\/wp-json\/wp\/v2\/media?parent=12754"}],"wp:term":[{"taxonomy":"product_brand","embeddable":true,"href":"https:\/\/hteck.fr\/fr\/wp-json\/wp\/v2\/product_brand?post=12754"},{"taxonomy":"product_cat","embeddable":true,"href":"https:\/\/hteck.fr\/fr\/wp-json\/wp\/v2\/product_cat?post=12754"},{"taxonomy":"product_tag","embeddable":true,"href":"https:\/\/hteck.fr\/fr\/wp-json\/wp\/v2\/product_tag?post=12754"}],"curies":[{"name":"wp","href":"https:\/\/api.w.org\/{rel}","templated":true}]}}