{"id":12753,"date":"2025-03-24T18:18:26","date_gmt":"2025-03-24T18:18:26","guid":{"rendered":"https:\/\/hteck.fr\/product\/carte-sandisk-ultra-sdxc-64-go-uhs-i-classe-10\/"},"modified":"2025-03-24T18:18:26","modified_gmt":"2025-03-24T18:18:26","slug":"carte-sandisk-ultra-sdxc-64-go-uhs-i-classe-10","status":"publish","type":"product","link":"https:\/\/hteck.fr\/fr\/produit\/carte-sandisk-ultra-sdxc-64-go-uhs-i-classe-10\/","title":{"rendered":"Carte SanDisk Ultra SDXC 64 Go UHS-I Classe 10"},"content":{"rendered":"<p>Prenez de meilleures photos et vid\u00e9os Full HD avec vos appareils photo compacts et de milieu de gamme. Avec des capacit\u00e9s allant jusqu&rsquo;\u00e0 512 Go, vous disposerez d&rsquo;un espace amplement suffisant pour stocker d&rsquo;innombrables photos et vid\u00e9os Full HD. <\/p>\n<p>Ne manquez aucun moment.<br \/>\nLes cartes SD SanDisk Ultra\u00ae sont rapides et offrent des performances d&rsquo;enregistrement vid\u00e9o exceptionnelles, vous permettant ainsi de capturer chaque souvenir \u00e0 l&rsquo;instant o\u00f9 il se produit.<\/p>\n<p>Plus de temps, plus de souvenirs.<br \/>\nGagnez du temps gr\u00e2ce \u00e0 des vitesses ultra-rapides vous permettant de d\u00e9placer rapidement vos photos et vid\u00e9os Full HD et de transf\u00e9rer jusqu&rsquo;\u00e0 875 photos par minute.<\/p>\n<p>Continuez \u00e0 photographier.<br \/>\nObtenez jusqu&rsquo;\u00e0 512 Go de stockage pour pouvoir prendre d&rsquo;innombrables photos et enregistrer des heures de vid\u00e9o Full HD (1080p) sans changer de carte.<\/p>\n<p>Ne manquez aucun moment.<br \/>\nLes cartes SD SanDisk Ultra\u00ae sont rapides et offrent des performances d&rsquo;enregistrement vid\u00e9o UHS-I exceptionnelles, vous permettant ainsi de capturer chaque souvenir \u00e0 l&rsquo;instant o\u00f9 il se produit.<\/p>\n<p>R\u00e9sistantes \u00e0 l&rsquo;eau, aux fluctuations de temp\u00e9rature et plus encore.<br \/>\nLes cartes SanDisk Ultra\u00ae SDHC\u2122 et SDXC\u2122 UHS-I ont pass\u00e9 des tests de durabilit\u00e9 pour prot\u00e9ger vos souvenirs des d\u00e9fis de la vie. Elles sont r\u00e9sistantes \u00e0 l&rsquo;eau, aux chocs, aux rayons X et \u00e0 la temp\u00e9rature.<\/p>\n<p>Compatible avec le lecteur de cartes SanDisk SD\u2122 UHS-I.<br \/>\nUtilisez le lecteur de cartes SanDisk SD\u2122 UHS-I pour transf\u00e9rer rapidement vos fichiers.<\/p>\n<p>Sp\u00e9cifications :<\/p>\n<p>La m\u00e9moire<\/p>\n<p>-Capacit\u00e9 : 64 Go<br \/>\n-Type de carte m\u00e9moire : SDXC<br \/>\n-Vitesse de lecture : Jusqu&rsquo;\u00e0 140 Mo\/s<br \/>\n-Type de m\u00e9moire interne : UHS-I<br \/>\n-Classe de vitesse UHS : Classe 1 (U1)<br \/>\n-Classe de m\u00e9moire flash : Classe 10<\/p>\n<p>Caract\u00e9ristiques :<\/p>\n<p>-Couleur du produit : Noir<br \/>\n-Caract\u00e9ristiques de protection : R\u00e9sistant aux chocs, R\u00e9sistant \u00e0 la temp\u00e9rature, R\u00e9sistant \u00e0 l&rsquo;eau, R\u00e9sistant aux rayons X<br \/>\n-Commutateur de protection en \u00e9criture : Oui<\/p>\n<p>Poids et dimensions :<\/p>\n<p>-Largeur : 23,9 mm<br \/>\n-Profondeur : 2,17 mm<br \/>\n-Hauteur : 31,8 mm<br \/>\n-Poids : 2,1 g<\/p>\n","protected":false},"excerpt":{"rendered":"<p>B\u00e9n\u00e9ficiez de vitesses extr\u00eames pour des transferts rapides, des performances optimales des applications et des vid\u00e9os 4K UHD sur votre smartphone Android. Les cartes SanDisk Extreme sont con\u00e7ues de mani\u00e8re robuste pour offrir une durabilit\u00e9 extr\u00eame, m\u00eame dans des conditions environnementales difficiles. Les vitesses \u00e9lev\u00e9es r\u00e9duisent le temps d&rsquo;attente lors du transfert de photos et de vid\u00e9os vers votre carte, ou de la carte vers votre ordinateur. Les capacit\u00e9s de stockage de 32 Go \u00e0 256 Go \u00e9tendent la m\u00e9moire de votre appareil, vous laissant la possibilit\u00e9 de filmer des vid\u00e9os compatibles sur les derniers t\u00e9l\u00e9viseurs et moniteurs 4K UHD.   <\/p>\n","protected":false},"featured_media":12078,"comment_status":"open","ping_status":"closed","template":"","meta":[],"product_brand":[188],"product_cat":[244],"product_tag":[700,699,701],"class_list":{"0":"post-12753","1":"product","2":"type-product","3":"status-publish","4":"has-post-thumbnail","6":"product_brand-sandisk","7":"product_cat-cartes-memoire","8":"product_tag-classe-10","9":"product_tag-sandisk","10":"product_tag-uhs-i","12":"first","13":"instock","14":"shipping-taxable","15":"purchasable","16":"product-type-simple"},"_links":{"self":[{"href":"https:\/\/hteck.fr\/fr\/wp-json\/wp\/v2\/product\/12753","targetHints":{"allow":["GET"]}}],"collection":[{"href":"https:\/\/hteck.fr\/fr\/wp-json\/wp\/v2\/product"}],"about":[{"href":"https:\/\/hteck.fr\/fr\/wp-json\/wp\/v2\/types\/product"}],"replies":[{"embeddable":true,"href":"https:\/\/hteck.fr\/fr\/wp-json\/wp\/v2\/comments?post=12753"}],"version-history":[{"count":0,"href":"https:\/\/hteck.fr\/fr\/wp-json\/wp\/v2\/product\/12753\/revisions"}],"wp:featuredmedia":[{"embeddable":true,"href":"https:\/\/hteck.fr\/fr\/wp-json\/wp\/v2\/media\/12078"}],"wp:attachment":[{"href":"https:\/\/hteck.fr\/fr\/wp-json\/wp\/v2\/media?parent=12753"}],"wp:term":[{"taxonomy":"product_brand","embeddable":true,"href":"https:\/\/hteck.fr\/fr\/wp-json\/wp\/v2\/product_brand?post=12753"},{"taxonomy":"product_cat","embeddable":true,"href":"https:\/\/hteck.fr\/fr\/wp-json\/wp\/v2\/product_cat?post=12753"},{"taxonomy":"product_tag","embeddable":true,"href":"https:\/\/hteck.fr\/fr\/wp-json\/wp\/v2\/product_tag?post=12753"}],"curies":[{"name":"wp","href":"https:\/\/api.w.org\/{rel}","templated":true}]}}