{"id":12748,"date":"2025-03-26T06:04:13","date_gmt":"2025-03-26T06:04:13","guid":{"rendered":"https:\/\/hteck.fr\/product\/cle-usb-sandisk-cruzer-ultra-usb-3-0-32-go-noire\/"},"modified":"2025-03-26T06:04:13","modified_gmt":"2025-03-26T06:04:13","slug":"cle-usb-sandisk-cruzer-ultra-usb-3-0-32-go-noire","status":"publish","type":"product","link":"https:\/\/hteck.fr\/fr\/produit\/cle-usb-sandisk-cruzer-ultra-usb-3-0-32-go-noire\/","title":{"rendered":"Cl\u00e9 USB SanDisk Cruzer Ultra USB 3.0 32 Go &#8211; noire"},"content":{"rendered":"<p>La cl\u00e9 USB SanDisk Ultra USB 3.0 allie des vitesses de transfert plus rapides et une grande capacit\u00e9 \u00e0 un design \u00e9l\u00e9gant et compact. R\u00e9duisez le temps d&rsquo;attente et transf\u00e9rez des fichiers vers votre cl\u00e9 jusqu&rsquo;\u00e0 dix fois plus rapidement qu&rsquo;avec une cl\u00e9 USB 2.0 standard.1 Avec des capacit\u00e9s de stockage allant jusqu&rsquo;\u00e0 512 Go4, cette cl\u00e9 peut stocker m\u00eame vos fichiers multim\u00e9dias et documents les plus volumineux.  <\/p>\n<p>D\u00e9placez les fichiers rapidement gr\u00e2ce \u00e0 des vitesses de transfert plus \u00e9lev\u00e9es.<br \/>\nAvec des vitesses de transfert allant jusqu&rsquo;\u00e0 130 Mo\/s3, la cl\u00e9 USB SanDisk Ultra USB 3.0 r\u00e9duit le temps que vous passez \u00e0 attendre le transfert de fichiers de votre cl\u00e9 USB vers votre ordinateur. Cette cl\u00e9 haute vitesse, compatible USB 3.0, vous permet de transf\u00e9rer et de stocker des fichiers volumineux jusqu&rsquo;\u00e0 dix fois plus rapidement que les cl\u00e9s USB 2.0.1 <\/p>\n<p>Cl\u00e9 haute capacit\u00e9 pour stocker des fichiers volumineux.<br \/>\nDisponible en capacit\u00e9s allant jusqu&rsquo;\u00e0 512 Go4, la cl\u00e9 USB SanDisk Ultra USB 3.0 peut contenir tous vos m\u00e9dias pr\u00e9f\u00e9r\u00e9s et documents importants, y compris des photos haute r\u00e9solution, des fichiers MP3, des films, des pr\u00e9sentations et des fichiers graphiques.<\/p>\n<p>Design \u00e9l\u00e9gant et portable.<br \/>\nAvec son design noir \u00e9l\u00e9gant, la cl\u00e9 USB SanDisk Ultra USB 3.0 est aussi esth\u00e9tique que pratique. Vous pouvez facilement transporter cette cl\u00e9 compacte et portable dans votre poche ou votre sac. <\/p>\n<p>Le logiciel SanDisk SecureAccess\u2122 prot\u00e8ge la confidentialit\u00e9 de vos fichiers.<br \/>\nLa cl\u00e9 USB SanDisk Ultra USB 3.0 inclut le logiciel SanDisk SecureAccess, qui vous permet de configurer un dossier priv\u00e9 prot\u00e9g\u00e9 par mot de passe sur votre cl\u00e9.3 Vos fichiers sont prot\u00e9g\u00e9s par un chiffrement AES 128 bits pour pr\u00e9server leur confidentialit\u00e9, m\u00eame si vous partagez la cl\u00e9 avec d&rsquo;autres personnes. <\/p>\n<p>1. Bas\u00e9 sur le transfert d&rsquo;une vid\u00e9o MPEG-4 de 1,2 Go \u00e0 l&rsquo;aide d&rsquo;un p\u00e9riph\u00e9rique USB 3.0. Les r\u00e9sultats peuvent varier en fonction de l&rsquo;appareil, des attributs du fichier et d&rsquo;autres facteurs. (Non applicable aux versions 16 Go)<br \/>\n2. (Pour les cl\u00e9s de 32 Go, 64 Go, 128 Go, 256 Go et 512 Go*) Vitesses d&rsquo;\u00e9criture jusqu&rsquo;\u00e0 10 fois plus rapides que les cl\u00e9s USB 2.0 standard (4 Mo\/s), vitesses de lecture jusqu&rsquo;\u00e0 130 Mo\/s. Port USB 3.0 requis. Bas\u00e9 sur des tests internes, les performances peuvent \u00eatre inf\u00e9rieures selon l&rsquo;appareil. 1 Mo = 1 000 000 octets. (Pour les cl\u00e9s de 16 Go) Vitesses d&rsquo;\u00e9criture jusqu&rsquo;\u00e0 5 fois plus rapides que les cl\u00e9s USB 2.0 standard (4 Mo\/s), vitesses de lecture jusqu&rsquo;\u00e0 130 Mo\/s. Port USB 3.0 requis. Bas\u00e9 sur des tests internes, les performances peuvent \u00eatre inf\u00e9rieures selon l&rsquo;appareil. 1 Mo = 1 000 000 octets.<br \/>\n3. La protection par mot de passe utilise un chiffrement AES 128 bits et est compatible avec Windows\u00ae 7, Windows 8, Windows 10 et Mac OS X v. 10.9 ou sup\u00e9rieur (pour Mac, t\u00e9l\u00e9chargement du logiciel requis, voir www.SanDisk.com\/SecureAccess)<br \/>\n4. 1 Go = 1 000 000 000 octets. La capacit\u00e9 de stockage r\u00e9elle de l&rsquo;utilisateur est inf\u00e9rieure.           <\/p>\n<p>Caract\u00e9ristiques :<\/p>\n<p>-Vitesses de transfert \u00e9lev\u00e9es allant jusqu&rsquo;\u00e0 80 Mo\/s<br \/>\n-Transfert de fichiers jusqu&rsquo;\u00e0 quatre fois plus rapide que les cl\u00e9s USB 2.0<br \/>\n-Protection des fichiers priv\u00e9s avec le logiciel SanDisk SecureAccess\u2122<br \/>\n-USB 3.0 r\u00e9trocompatible avec USB 2.0<\/p>\n<p>Sp\u00e9cifications :<\/p>\n<p>Performance :<\/p>\n<p>-Capacit\u00e9 : 32 Go<br \/>\n-Version USB : 3.0<\/p>\n<p>Conception :<\/p>\n<p>-Facteur de forme : Coulissant<br \/>\n-Couleur du produit : Noir<br \/>\n-Porte-cl\u00e9s : Oui<\/p>\n<p>S\u00e9curit\u00e9 :<\/p>\n<p>-Protection par mot de passe : Oui<\/p>\n<p>Conditions environnementales :<\/p>\n<p>-Plage de temp\u00e9rature de fonctionnement : 0 &#8211; 45 \u00b0C<br \/>\n-Plage de temp\u00e9rature de stockage : -10 &#8211; 70 \u00b0C<\/p>\n<p>Dimensions :<\/p>\n<p>-Largeur : 21,3 mm -Profondeur<br \/>\n : 56,8 mm<br \/>\n-Hauteur : 10,8 mm<\/p>\n","protected":false},"excerpt":{"rendered":"<p>La cl\u00e9 USB SanDisk Ultra USB 3.0 allie des vitesses de transfert plus rapides et une grande capacit\u00e9 \u00e0 un design \u00e9l\u00e9gant et compact. R\u00e9duisez le temps d&rsquo;attente et transf\u00e9rez des fichiers vers votre cl\u00e9 jusqu&rsquo;\u00e0 dix fois plus rapidement qu&rsquo;avec une cl\u00e9 USB 2.0 standard.1 Avec des capacit\u00e9s de stockage allant jusqu&rsquo;\u00e0 512 Go4, cette cl\u00e9 peut stocker m\u00eame vos fichiers multim\u00e9dias et documents les plus volumineux.  <\/p>\n","protected":false},"featured_media":12090,"comment_status":"open","ping_status":"closed","template":"","meta":[],"product_brand":[188],"product_cat":[245],"product_tag":[],"class_list":{"0":"post-12748","1":"product","2":"type-product","3":"status-publish","4":"has-post-thumbnail","6":"product_brand-sandisk","7":"product_cat-cles-usb","9":"first","10":"instock","11":"featured","12":"shipping-taxable","13":"purchasable","14":"product-type-simple"},"_links":{"self":[{"href":"https:\/\/hteck.fr\/fr\/wp-json\/wp\/v2\/product\/12748","targetHints":{"allow":["GET"]}}],"collection":[{"href":"https:\/\/hteck.fr\/fr\/wp-json\/wp\/v2\/product"}],"about":[{"href":"https:\/\/hteck.fr\/fr\/wp-json\/wp\/v2\/types\/product"}],"replies":[{"embeddable":true,"href":"https:\/\/hteck.fr\/fr\/wp-json\/wp\/v2\/comments?post=12748"}],"version-history":[{"count":0,"href":"https:\/\/hteck.fr\/fr\/wp-json\/wp\/v2\/product\/12748\/revisions"}],"wp:featuredmedia":[{"embeddable":true,"href":"https:\/\/hteck.fr\/fr\/wp-json\/wp\/v2\/media\/12090"}],"wp:attachment":[{"href":"https:\/\/hteck.fr\/fr\/wp-json\/wp\/v2\/media?parent=12748"}],"wp:term":[{"taxonomy":"product_brand","embeddable":true,"href":"https:\/\/hteck.fr\/fr\/wp-json\/wp\/v2\/product_brand?post=12748"},{"taxonomy":"product_cat","embeddable":true,"href":"https:\/\/hteck.fr\/fr\/wp-json\/wp\/v2\/product_cat?post=12748"},{"taxonomy":"product_tag","embeddable":true,"href":"https:\/\/hteck.fr\/fr\/wp-json\/wp\/v2\/product_tag?post=12748"}],"curies":[{"name":"wp","href":"https:\/\/api.w.org\/{rel}","templated":true}]}}