{"id":12747,"date":"2025-03-26T05:30:47","date_gmt":"2025-03-26T05:30:47","guid":{"rendered":"https:\/\/hteck.fr\/product\/cle-usb-3-1-gen-1-sandisk-ultra-usb-c-256-go-150-mo-s-noire\/"},"modified":"2025-03-26T05:30:47","modified_gmt":"2025-03-26T05:30:47","slug":"cle-usb-3-1-gen-1-sandisk-ultra-usb-c-256-go-150-mo-s-noire","status":"publish","type":"product","link":"https:\/\/hteck.fr\/fr\/produit\/cle-usb-3-1-gen-1-sandisk-ultra-usb-c-256-go-150-mo-s-noire\/","title":{"rendered":"Cl\u00e9 USB 3.1 Gen 1 SanDisk Ultra USB-c 256 Go \u2013 150 Mo\/s \u2013 noire"},"content":{"rendered":"<p>Stockez et partagez ais\u00e9ment des fichiers avec la cl\u00e9 USB SanDisk Ultra\u00ae USB Type-C\u2122. Ce lecteur USB 3.1 Gen 1 se branche facilement sur les ordinateurs portables, t\u00e9l\u00e9phones et tablettes dot\u00e9s d&rsquo;un port USB Type-C, sans n\u00e9cessiter d&rsquo;adaptateur.  <\/p>\n<p>Une capacit\u00e9 \u00e9lev\u00e9e et des vitesses de transfert rapides \u00e9liminent les probl\u00e8mes d&rsquo;attente et d&rsquo;espace, m\u00eame sans acc\u00e8s \u00e0 Internet. De plus, elle est accompagn\u00e9e d&rsquo;applications et de services offrant une protection suppl\u00e9mentaire pour une tranquillit\u00e9 d&rsquo;esprit accrue. Sauvegardez votre dernier projet professionnel ou votre th\u00e8se, ou partagez des fichiers avec vos coll\u00e8gues. Vous disposerez toujours d&rsquo;un espace de stockage suffisant pour l&rsquo;ensemble de vos photographies, vid\u00e9os et fichiers musicaux, et pourrez y acc\u00e9der instantan\u00e9ment.   <\/p>\n<p>Aucun adaptateur requis.<br \/>\nLa cl\u00e9 USB SanDisk Ultra\u00ae USB Type-C\u2122 se branche directement sur le port USB Type-C\u2122 des ordinateurs, smartphones et tablettes pour stocker et transf\u00e9rer rapidement et facilement des photographies, des vid\u00e9os et d&rsquo;autres fichiers entre les appareils.<\/p>\n<p>Moins d&rsquo;attente, plus d&rsquo;espace.<br \/>\nCette cl\u00e9 USB USB 3.1 Gen 1 haute performance offre des vitesses de lecture ultra-rapides allant jusqu&rsquo;\u00e0 150 Mo\/s, des vitesses d&rsquo;\u00e9criture permettant de transf\u00e9rer un film complet en moins de 30 secondes, et une capacit\u00e9 de 32 Go pour r\u00e9pondre \u00e0 tous vos besoins de stockage.<\/p>\n<p>Large compatibilit\u00e9.<br \/>\nLa conception fine et r\u00e9tractable du lecteur laisse davantage d&rsquo;espace pour connecter d&rsquo;autres accessoires aux ports de l&rsquo;appareil h\u00f4te.<\/p>\n<p>Contribue \u00e0 pr\u00e9server la confidentialit\u00e9 de vos fichiers.<br \/>\nLe logiciel SanDisk SecureAccess\u2122 int\u00e9gr\u00e9 fournit un chiffrement avec protection par mot de passe, assurant la s\u00e9curit\u00e9 de vos informations les plus importantes.<\/p>\n<p>Prenez le contr\u00f4le de votre vie num\u00e9rique.<br \/>\nSauvegardez et organisez votre contenu avec l&rsquo;application SanDisk Memory Zone int\u00e9gr\u00e9e pour smartphones ou tablettes Android\u2122.<\/p>\n<p>Pour ces moments inattendus.<br \/>\nLa vie est pleine de surprises inattendues. Fort heureusement, vous pouvez r\u00e9cup\u00e9rer les fichiers accidentellement supprim\u00e9s gr\u00e2ce au logiciel RescuePRO\u00ae Deluxe int\u00e9gr\u00e9. <\/p>\n<p>Sp\u00e9cifications :<\/p>\n<p>Performance :<\/p>\n<p>-Capacit\u00e9 : 256 Go<br \/>\n-Interface de l&rsquo;appareil : USB Type-C<br \/>\n-Version USB : 3.2 Gen 1 (3.1 Gen 1)<br \/>\n-Vitesse de lecture : 150 Mo\/s<br \/>\n-Plug and Play : Oui<br \/>\n-Logiciels inclus : SanDisk SecureAccess, SanDisk Memory Zone<\/p>\n<p>Conception :<\/p>\n<p>-Facteur de forme : pivotant<br \/>\n-Couleur du produit : noir<br \/>\n-Porte-cl\u00e9s : Oui<\/p>\n<p>S\u00e9curit\u00e9 :<\/p>\n<p>-Lecteur d&#8217;empreintes digitales : Non<br \/>\n-Acc\u00e8s s\u00e9curis\u00e9 par code PIN : Non<br \/>\n-Protection par mot de passe : Oui<\/p>\n<p>Conditions environnementales :<\/p>\n<p>-Plage de temp\u00e9rature de fonctionnement : 0 &#8211; 35 \u00b0C<br \/>\n-Plage de temp\u00e9rature de stockage : -10 &#8211; 70 \u00b0C<\/p>\n<p>Dimensions :<\/p>\n<p>-Largeur : 8,5 mm<br \/>\n-Profondeur : 59,4 mm<br \/>\n-Hauteur : 12,7 mm<\/p>\n","protected":false},"excerpt":{"rendered":"<p>Stockez et partagez ais\u00e9ment des fichiers avec la cl\u00e9 USB SanDisk Ultra\u00ae USB Type-C\u2122. Ce lecteur USB 3.1 Gen 1 se branche facilement sur les ordinateurs portables, t\u00e9l\u00e9phones et tablettes dot\u00e9s d&rsquo;un port USB Type-C, sans n\u00e9cessiter d&rsquo;adaptateur.  <\/p>\n<p>Une capacit\u00e9 \u00e9lev\u00e9e et des vitesses de transfert rapides \u00e9liminent les probl\u00e8mes d&rsquo;attente et d&rsquo;espace, m\u00eame sans acc\u00e8s \u00e0 Internet. De plus, elle est accompagn\u00e9e d&rsquo;applications et de services offrant une protection suppl\u00e9mentaire pour une tranquillit\u00e9 d&rsquo;esprit accrue. Sauvegardez votre dernier projet professionnel ou votre th\u00e8se, ou partagez des fichiers avec vos coll\u00e8gues. Vous disposerez toujours d&rsquo;un espace de stockage suffisant pour l&rsquo;ensemble de vos photographies, vid\u00e9os et fichiers musicaux, et pourrez y acc\u00e9der instantan\u00e9ment.   <\/p>\n","protected":false},"featured_media":12082,"comment_status":"open","ping_status":"closed","template":"","meta":[],"product_brand":[188],"product_cat":[245],"product_tag":[],"class_list":{"0":"post-12747","1":"product","2":"type-product","3":"status-publish","4":"has-post-thumbnail","6":"product_brand-sandisk","7":"product_cat-cles-usb","9":"first","10":"instock","11":"featured","12":"shipping-taxable","13":"purchasable","14":"product-type-simple"},"_links":{"self":[{"href":"https:\/\/hteck.fr\/fr\/wp-json\/wp\/v2\/product\/12747","targetHints":{"allow":["GET"]}}],"collection":[{"href":"https:\/\/hteck.fr\/fr\/wp-json\/wp\/v2\/product"}],"about":[{"href":"https:\/\/hteck.fr\/fr\/wp-json\/wp\/v2\/types\/product"}],"replies":[{"embeddable":true,"href":"https:\/\/hteck.fr\/fr\/wp-json\/wp\/v2\/comments?post=12747"}],"version-history":[{"count":0,"href":"https:\/\/hteck.fr\/fr\/wp-json\/wp\/v2\/product\/12747\/revisions"}],"wp:featuredmedia":[{"embeddable":true,"href":"https:\/\/hteck.fr\/fr\/wp-json\/wp\/v2\/media\/12082"}],"wp:attachment":[{"href":"https:\/\/hteck.fr\/fr\/wp-json\/wp\/v2\/media?parent=12747"}],"wp:term":[{"taxonomy":"product_brand","embeddable":true,"href":"https:\/\/hteck.fr\/fr\/wp-json\/wp\/v2\/product_brand?post=12747"},{"taxonomy":"product_cat","embeddable":true,"href":"https:\/\/hteck.fr\/fr\/wp-json\/wp\/v2\/product_cat?post=12747"},{"taxonomy":"product_tag","embeddable":true,"href":"https:\/\/hteck.fr\/fr\/wp-json\/wp\/v2\/product_tag?post=12747"}],"curies":[{"name":"wp","href":"https:\/\/api.w.org\/{rel}","templated":true}]}}