{"id":12746,"date":"2025-03-24T18:15:06","date_gmt":"2025-03-24T18:15:06","guid":{"rendered":"https:\/\/hteck.fr\/product\/carte-microsdhc-sandisk-extreme-32-go-uhs-i-u3-a1-classe-10-100-mo-s-adaptateur-sd\/"},"modified":"2025-03-24T18:15:06","modified_gmt":"2025-03-24T18:15:06","slug":"carte-microsdhc-sandisk-extreme-32-go-uhs-i-u3-a1-classe-10-100-mo-s-adaptateur-sd","status":"publish","type":"product","link":"https:\/\/hteck.fr\/fr\/produit\/carte-microsdhc-sandisk-extreme-32-go-uhs-i-u3-a1-classe-10-100-mo-s-adaptateur-sd\/","title":{"rendered":"Carte microSDHC SanDisk Extreme 32 Go UHS-I U3 A1 classe 10 100 Mo\/s + adaptateur SD"},"content":{"rendered":"<p>B\u00e9n\u00e9ficiez de vitesses extr\u00eames pour des transferts rapides, des performances optimales des applications et des vid\u00e9os 4K UHD sur votre smartphone Android. Les cartes SanDisk Extreme sont con\u00e7ues de mani\u00e8re robuste pour offrir une durabilit\u00e9 extr\u00eame, m\u00eame dans des conditions environnementales difficiles. Les vitesses \u00e9lev\u00e9es r\u00e9duisent le temps d&rsquo;attente lors du transfert de photos et de vid\u00e9os vers votre carte, ou de la carte vers votre ordinateur. Les capacit\u00e9s de stockage de 32 Go \u00e0 256 Go \u00e9tendent la m\u00e9moire de votre appareil, vous laissant la possibilit\u00e9 de filmer des vid\u00e9os compatibles sur les derniers t\u00e9l\u00e9viseurs et moniteurs 4K UHD.   <\/p>\n<p>Caract\u00e9ristiques :<\/p>\n<p>-Con\u00e7ue pour les smartphones et tablettes Android, ainsi que les appareils photo MIL.<br \/>\n-Vitesses de lecture\/\u00e9criture jusqu&rsquo;\u00e0 100 Mo\/s \/ 60 Mo\/s pour des prises de vue et des transferts rapides.<br \/>\n-Classement A1 : pour des performances d&rsquo;applications plus rapides.<br \/>\n-La classe de vitesse vid\u00e9o UHS 30 (V30) signifie que votre carte est pr\u00eate pour les derni\u00e8res innovations en mati\u00e8re de r\u00e9alit\u00e9 virtuelle et d&rsquo;enregistrement vid\u00e9o \u00e0 360\u00b0.<br \/>\n-Dispose de la certification UHS Speed Class 3 (U3), vous permettant d&rsquo;enregistrer des vid\u00e9os Full HD et 4K UHD.<br \/>\n-Con\u00e7ue pour r\u00e9sister aux \u00e9l\u00e9ments et test\u00e9e pour supporter des conditions difficiles, notamment la temp\u00e9rature, l&rsquo;eau, les chocs et la r\u00e9sistance aux rayons X.<\/p>\n<p>Sp\u00e9cifications :<\/p>\n<p>-Capacit\u00e9 : 32 Go<br \/>\n-Type de carte m\u00e9moire flash : MicroSDHC<br \/>\n-Classe de m\u00e9moire flash : Classe 10<br \/>\n-Vitesse de lecture : 90 Mo\/s<br \/>\n-Vitesse d&rsquo;\u00e9criture : 60 Mo\/s<br \/>\n-Type de m\u00e9moire interne : UHS-I<\/p>\n<p>Conditions environnementales :<\/p>\n<p>-Plage de temp\u00e9rature de fonctionnement : -25 &#8211; 85\u00b0C<br \/>\n-Plage de temp\u00e9rature de stockage : -40 &#8211; 85\u00b0C<\/p>\n<p>Dimensions et poids :<\/p>\n<p>-Largeur : 11 mm<br \/>\n-Profondeur : 15 mm<br \/>\n-Hauteur : 1 mm<br \/>\n-Poids : 9,08 g<\/p>\n<p>Contenu de l&#8217;emballage :<\/p>\n<p>-Carte m\u00e9moire<br \/>\n-Adaptateur SD<\/p>\n","protected":false},"excerpt":{"rendered":"<p>B\u00e9n\u00e9ficiez de vitesses extr\u00eames pour des transferts rapides, des performances optimales des applications et des vid\u00e9os 4K UHD sur votre smartphone Android. Les cartes SanDisk Extreme sont con\u00e7ues de mani\u00e8re robuste pour offrir une durabilit\u00e9 extr\u00eame, m\u00eame dans des conditions environnementales difficiles. Les vitesses \u00e9lev\u00e9es r\u00e9duisent le temps d&rsquo;attente lors du transfert de photos et de vid\u00e9os vers votre carte, ou de la carte vers votre ordinateur. Les capacit\u00e9s de stockage de 32 Go \u00e0 256 Go \u00e9tendent la m\u00e9moire de votre appareil, vous laissant la possibilit\u00e9 de filmer des vid\u00e9os compatibles sur les derniers t\u00e9l\u00e9viseurs et moniteurs 4K UHD.   <\/p>\n","protected":false},"featured_media":12077,"comment_status":"open","ping_status":"closed","template":"","meta":[],"product_brand":[188],"product_cat":[244],"product_tag":[704,705,702,710,700,706,703,699,707,701],"class_list":{"0":"post-12746","1":"product","2":"type-product","3":"status-publish","4":"has-post-thumbnail","6":"product_brand-sandisk","7":"product_cat-cartes-memoire","8":"product_tag-32gb","9":"product_tag-a1","10":"product_tag-adaptateur-sd","11":"product_tag-camera-daction","12":"product_tag-classe-10","13":"product_tag-extremes","14":"product_tag-microsdhc","15":"product_tag-sandisk","16":"product_tag-u3","17":"product_tag-uhs-i","19":"first","20":"instock","21":"shipping-taxable","22":"purchasable","23":"product-type-simple"},"_links":{"self":[{"href":"https:\/\/hteck.fr\/fr\/wp-json\/wp\/v2\/product\/12746","targetHints":{"allow":["GET"]}}],"collection":[{"href":"https:\/\/hteck.fr\/fr\/wp-json\/wp\/v2\/product"}],"about":[{"href":"https:\/\/hteck.fr\/fr\/wp-json\/wp\/v2\/types\/product"}],"replies":[{"embeddable":true,"href":"https:\/\/hteck.fr\/fr\/wp-json\/wp\/v2\/comments?post=12746"}],"version-history":[{"count":0,"href":"https:\/\/hteck.fr\/fr\/wp-json\/wp\/v2\/product\/12746\/revisions"}],"wp:featuredmedia":[{"embeddable":true,"href":"https:\/\/hteck.fr\/fr\/wp-json\/wp\/v2\/media\/12077"}],"wp:attachment":[{"href":"https:\/\/hteck.fr\/fr\/wp-json\/wp\/v2\/media?parent=12746"}],"wp:term":[{"taxonomy":"product_brand","embeddable":true,"href":"https:\/\/hteck.fr\/fr\/wp-json\/wp\/v2\/product_brand?post=12746"},{"taxonomy":"product_cat","embeddable":true,"href":"https:\/\/hteck.fr\/fr\/wp-json\/wp\/v2\/product_cat?post=12746"},{"taxonomy":"product_tag","embeddable":true,"href":"https:\/\/hteck.fr\/fr\/wp-json\/wp\/v2\/product_tag?post=12746"}],"curies":[{"name":"wp","href":"https:\/\/api.w.org\/{rel}","templated":true}]}}