{"id":12741,"date":"2025-03-24T18:25:10","date_gmt":"2025-03-24T18:25:10","guid":{"rendered":"https:\/\/hteck.fr\/product\/carte-sandisk-ultra-microsdxc-128-go-uhs-i-u1-classe-10-100-mo-s-adaptateur-sd\/"},"modified":"2025-03-24T18:25:10","modified_gmt":"2025-03-24T18:25:10","slug":"carte-sandisk-ultra-microsdxc-128-go-uhs-i-u1-classe-10-100-mo-s-adaptateur-sd","status":"publish","type":"product","link":"https:\/\/hteck.fr\/fr\/produit\/carte-sandisk-ultra-microsdxc-128-go-uhs-i-u1-classe-10-100-mo-s-adaptateur-sd\/","title":{"rendered":"Carte SanDisk Ultra microSDXC 128 Go UHS-I U1 classe 10 100 Mo\/s + adaptateur SD"},"content":{"rendered":"<p>Les cartes SanDisk Ultra\u00ae microSD\u2122 UHS-I vous offrent la libert\u00e9 de capturer, sauvegarder et partager plus que jamais auparavant. Avec une capacit\u00e9 de 128 Go, la carte SanDisk Ultra microSD\u2122 dispose d&rsquo;un espace suffisant pour stocker encore plus d&rsquo;heures de vid\u00e9o haute d\u00e9finition (HD) et propose des vitesses de transfert allant jusqu&rsquo;\u00e0 100 Mo\/s, vous permettant ainsi de d\u00e9placer rapidement vos contenus. <\/p>\n<p>Compatible avec les smartphones et tablettes Android\u2122<br \/>\nLes cartes SanDisk\u00ae sont compatibles avec les smartphones et tablettes Android.<\/p>\n<p>Capturez et stockez encore plus d&rsquo;heures de vid\u00e9o Full HD.<br \/>\nVous pouvez stocker encore plus d&rsquo;heures de vid\u00e9o haute d\u00e9finition (HD) sur vos cartes sans vous soucier de manquer d&rsquo;espace pour d&rsquo;autres vid\u00e9os, photos, musiques, films et fichiers que vous souhaitez capturer, sauvegarder et partager.<\/p>\n<p>Vitesses de transfert allant jusqu&rsquo;\u00e0 100 Mo\/s<br \/>\nLes vitesses de transfert fulgurantes signifient que vous passez moins de temps \u00e0 attendre le d\u00e9placement du contenu.<\/p>\n<p>Capture vid\u00e9o HD<br \/>\nLa classe de vitesse 10 vous permet d&rsquo;enregistrer des vid\u00e9os haute d\u00e9finition (HD) et de prendre des photos de haute qualit\u00e9.<\/p>\n<p>Application SanDisk\u00ae Memory Zone\u2122 pour une gestion facile des fichiers.<br \/>\nAvec l&rsquo;application SanDisk Memory Zone\u2122, disponible sur le Google Play Store\u2122, vous pouvez visualiser, acc\u00e9der et sauvegarder les fichiers de votre t\u00e9l\u00e9phone depuis un seul endroit. Vous pouvez \u00e9galement d\u00e9placer automatiquement les fichiers entre votre appareil et la carte m\u00e9moire pour lib\u00e9rer de l&rsquo;espace. <\/p>\n<p>Sp\u00e9cifications :<\/p>\n<p>&#8211; Capacit\u00e9 : 128 Go<br \/>\n&#8211; Type de carte m\u00e9moire flash : MicroSDXC<br \/>\n&#8211; Vitesse de lecture : 100 Mo\/s<br \/>\n&#8211; Type de m\u00e9moire interne : UHS-I &#8211;<br \/>\nClasse de vitesse UHS : Classe 1 (U1)<br \/>\n&#8211; Classe de m\u00e9moire flash : Classe 10<br \/>\n&#8211; Couleur du produit : Gris, Blanc &#8211;<br \/>\nSyst\u00e8mes d&rsquo;exploitation pris en charge : Android<\/p>\n<p>Conditions environnementales :<\/p>\n<p>&#8211; Plage de temp\u00e9rature de fonctionnement : -25 &#8211; 85 \u00b0C<br \/>\n&#8211; Plage de temp\u00e9rature de stockage : -40 &#8211; 85 \u00b0C<\/p>\n<p>Dimensions et poids :<\/p>\n<p>&#8211; Largeur : 10,9 mm<br \/>\n&#8211; Profondeur : 15 mm<br \/>\n&#8211; Hauteur : 1,02 mm<\/p>\n<p>Contenu de l&#8217;emballage :<\/p>\n<p>&#8211; Carte m\u00e9moire<br \/>\n&#8211; Adaptateur SD<\/p>\n","protected":false},"excerpt":{"rendered":"<p>Les cartes SanDisk Ultra\u00ae microSD\u2122 UHS-I vous offrent la libert\u00e9 de capturer, sauvegarder et partager plus que jamais auparavant. Avec une capacit\u00e9 de 128 Go, la carte SanDisk Ultra microSD\u2122 dispose d&rsquo;un espace suffisant pour stocker encore plus d&rsquo;heures de vid\u00e9o haute d\u00e9finition (HD) et propose des vitesses de transfert allant jusqu&rsquo;\u00e0 100 Mo\/s, vous permettant ainsi de d\u00e9placer rapidement vos contenus. <\/p>\n","protected":false},"featured_media":12080,"comment_status":"open","ping_status":"closed","template":"","meta":[],"product_brand":[188],"product_cat":[244],"product_tag":[702,710,700,699,701],"class_list":{"0":"post-12741","1":"product","2":"type-product","3":"status-publish","4":"has-post-thumbnail","6":"product_brand-sandisk","7":"product_cat-cartes-memoire","8":"product_tag-adaptateur-sd","9":"product_tag-camera-daction","10":"product_tag-classe-10","11":"product_tag-sandisk","12":"product_tag-uhs-i","14":"first","15":"instock","16":"shipping-taxable","17":"purchasable","18":"product-type-simple"},"_links":{"self":[{"href":"https:\/\/hteck.fr\/fr\/wp-json\/wp\/v2\/product\/12741","targetHints":{"allow":["GET"]}}],"collection":[{"href":"https:\/\/hteck.fr\/fr\/wp-json\/wp\/v2\/product"}],"about":[{"href":"https:\/\/hteck.fr\/fr\/wp-json\/wp\/v2\/types\/product"}],"replies":[{"embeddable":true,"href":"https:\/\/hteck.fr\/fr\/wp-json\/wp\/v2\/comments?post=12741"}],"version-history":[{"count":0,"href":"https:\/\/hteck.fr\/fr\/wp-json\/wp\/v2\/product\/12741\/revisions"}],"wp:featuredmedia":[{"embeddable":true,"href":"https:\/\/hteck.fr\/fr\/wp-json\/wp\/v2\/media\/12080"}],"wp:attachment":[{"href":"https:\/\/hteck.fr\/fr\/wp-json\/wp\/v2\/media?parent=12741"}],"wp:term":[{"taxonomy":"product_brand","embeddable":true,"href":"https:\/\/hteck.fr\/fr\/wp-json\/wp\/v2\/product_brand?post=12741"},{"taxonomy":"product_cat","embeddable":true,"href":"https:\/\/hteck.fr\/fr\/wp-json\/wp\/v2\/product_cat?post=12741"},{"taxonomy":"product_tag","embeddable":true,"href":"https:\/\/hteck.fr\/fr\/wp-json\/wp\/v2\/product_tag?post=12741"}],"curies":[{"name":"wp","href":"https:\/\/api.w.org\/{rel}","templated":true}]}}