{"id":12738,"date":"2025-03-26T06:21:08","date_gmt":"2025-03-26T06:21:08","guid":{"rendered":"https:\/\/hteck.fr\/product\/cle-usb-3-0-sandisk-ultra-flair-usb-32-go-sans-capuchon-acier-noir\/"},"modified":"2025-03-26T06:21:08","modified_gmt":"2025-03-26T06:21:08","slug":"cle-usb-3-0-sandisk-ultra-flair-usb-32-go-sans-capuchon-acier-noir","status":"publish","type":"product","link":"https:\/\/hteck.fr\/fr\/produit\/cle-usb-3-0-sandisk-ultra-flair-usb-32-go-sans-capuchon-acier-noir\/","title":{"rendered":"Cl\u00e9 USB 3.0 SanDisk Ultra Flair USB 32 Go &#8211; sans capuchon &#8211; acier\/noir"},"content":{"rendered":"<p>La cl\u00e9 USB 3.0 SanDisk Ultra Flair\u2122 offre des transferts de fichiers \u00e0 haute vitesse. R\u00e9duisez le temps consacr\u00e9 au transfert de fichiers et profitez des performances de la technologie USB 3.0, atteignant des vitesses de 150 Mo\/s. Son bo\u00eetier m\u00e9tallique durable et \u00e9l\u00e9gant est suffisamment robuste pour r\u00e9sister aux chocs avec style. De plus, gr\u00e2ce \u00e0 la protection par mot de passe, vous n&rsquo;avez pas \u00e0 vous soucier de la confidentialit\u00e9 de vos fichiers. Stockez vos fichiers avec \u00e9l\u00e9gance gr\u00e2ce \u00e0 la cl\u00e9 USB 3.0 SanDisk Ultra Flair.    <\/p>\n<p>Transferts de fichiers en un \u00e9clair.<br \/>\nProfitez des performances de la technologie USB 3.0, atteignant des vitesses de 150 Mo\/s, avec la cl\u00e9 USB SanDisk Ultra Flair USB 3.0. Transf\u00e9rez des fichiers plus rapidement que les lecteurs USB 2.0 standard. <\/p>\n<p>\u00c9l\u00e9gante et robuste.<br \/>\nDot\u00e9 d&rsquo;un bo\u00eetier m\u00e9tallique durable, la cl\u00e9 USB SanDisk Ultra Flair USB 3.0 est \u00e9l\u00e9gante et pr\u00eate \u00e0 r\u00e9sister aux chocs inattendus.<\/p>\n<p>Prot\u00e9gez vos fichiers par mot de passe.<br \/>\nPartagez vos films ou votre musique sans vous soucier de la confidentialit\u00e9 de vos fichiers personnels. La protection par mot de passe facile \u00e0 utiliser vous permet de contr\u00f4ler qui a acc\u00e8s \u00e0 certains fichiers. <\/p>\n<p>Sp\u00e9cifications :<\/p>\n<p>Performance :<\/p>\n<p>-Capacit\u00e9 : 32 Go<br \/>\n-Version USB : 3.0<\/p>\n<p>Conception :<\/p>\n<p>-Facteur de forme : Sans capuchon<br \/>\n-Couleur du produit : Acier\/Noir<br \/>\n-Porte-cl\u00e9s : Oui<\/p>\n<p>S\u00e9curit\u00e9 :<\/p>\n<p>-Protection par mot de passe : Oui<\/p>\n<p>Conditions environnementales :<\/p>\n<p>-Plage de temp\u00e9rature de fonctionnement : 0 &#8211; 45 \u00b0C<br \/>\n-Plage de temp\u00e9rature de stockage : -10 &#8211; 70 \u00b0C<\/p>\n<p>Dimensions :<\/p>\n<p>-Largeur : 13,2 mm<br \/>\n-Profondeur : 42,4 mm<br \/>\n-Hauteur : 6,6 mm<\/p>\n","protected":false},"excerpt":{"rendered":"<p>La cl\u00e9 USB 3.0 SanDisk Ultra Flair\u2122 offre des transferts de fichiers \u00e0 haute vitesse. R\u00e9duisez le temps consacr\u00e9 au transfert de fichiers et profitez des performances de la technologie USB 3.0, atteignant des vitesses de 150 Mo\/s. Son bo\u00eetier m\u00e9tallique durable et \u00e9l\u00e9gant est suffisamment robuste pour r\u00e9sister aux chocs avec style. De plus, gr\u00e2ce \u00e0 la protection par mot de passe, vous n&rsquo;avez pas \u00e0 vous soucier de la confidentialit\u00e9 de vos fichiers. Stockez vos fichiers avec \u00e9l\u00e9gance gr\u00e2ce \u00e0 la cl\u00e9 USB 3.0 SanDisk Ultra Flair.    <\/p>\n","protected":false},"featured_media":12091,"comment_status":"open","ping_status":"closed","template":"","meta":[],"product_brand":[188],"product_cat":[245],"product_tag":[],"class_list":{"0":"post-12738","1":"product","2":"type-product","3":"status-publish","4":"has-post-thumbnail","6":"product_brand-sandisk","7":"product_cat-cles-usb","9":"first","10":"instock","11":"featured","12":"shipping-taxable","13":"purchasable","14":"product-type-simple"},"_links":{"self":[{"href":"https:\/\/hteck.fr\/fr\/wp-json\/wp\/v2\/product\/12738","targetHints":{"allow":["GET"]}}],"collection":[{"href":"https:\/\/hteck.fr\/fr\/wp-json\/wp\/v2\/product"}],"about":[{"href":"https:\/\/hteck.fr\/fr\/wp-json\/wp\/v2\/types\/product"}],"replies":[{"embeddable":true,"href":"https:\/\/hteck.fr\/fr\/wp-json\/wp\/v2\/comments?post=12738"}],"version-history":[{"count":0,"href":"https:\/\/hteck.fr\/fr\/wp-json\/wp\/v2\/product\/12738\/revisions"}],"wp:featuredmedia":[{"embeddable":true,"href":"https:\/\/hteck.fr\/fr\/wp-json\/wp\/v2\/media\/12091"}],"wp:attachment":[{"href":"https:\/\/hteck.fr\/fr\/wp-json\/wp\/v2\/media?parent=12738"}],"wp:term":[{"taxonomy":"product_brand","embeddable":true,"href":"https:\/\/hteck.fr\/fr\/wp-json\/wp\/v2\/product_brand?post=12738"},{"taxonomy":"product_cat","embeddable":true,"href":"https:\/\/hteck.fr\/fr\/wp-json\/wp\/v2\/product_cat?post=12738"},{"taxonomy":"product_tag","embeddable":true,"href":"https:\/\/hteck.fr\/fr\/wp-json\/wp\/v2\/product_tag?post=12738"}],"curies":[{"name":"wp","href":"https:\/\/api.w.org\/{rel}","templated":true}]}}