{"id":12734,"date":"2025-03-26T07:23:19","date_gmt":"2025-03-26T07:23:19","guid":{"rendered":"https:\/\/hteck.fr\/product\/cle-usb-c-usb-a-sandisk-ultra-dual-drive-go-32-go-vitesse-de-lecture-jusqua-150-mo-s-noire\/"},"modified":"2025-03-26T07:23:19","modified_gmt":"2025-03-26T07:23:19","slug":"cle-usb-c-usb-a-sandisk-ultra-dual-drive-go-32-go-vitesse-de-lecture-jusqua-150-mo-s-noire","status":"publish","type":"product","link":"https:\/\/hteck.fr\/fr\/produit\/cle-usb-c-usb-a-sandisk-ultra-dual-drive-go-32-go-vitesse-de-lecture-jusqua-150-mo-s-noire\/","title":{"rendered":"Cl\u00e9 USB-C + USB-A SanDisk Ultra Dual Drive Go 32 Go &#8211; Vitesse de lecture jusqu&rsquo;\u00e0 150 Mo\/s &#8211; Noire"},"content":{"rendered":"<p>\u00cates-vous \u00e0 la recherche d&rsquo;une solution de stockage compatible avec vos appareils USB Type-C\u2122 et Type-A ? La cl\u00e9 SanDisk Ultra\u00ae Dual Drive Go vous permet de transf\u00e9rer ais\u00e9ment des fichiers entre smartphones, tablettes et Mac USB Type-C, ainsi que les ordinateurs USB Type-A.2 D\u00e9sormais, vous pouvez prendre encore plus de photos et y acc\u00e9der depuis n&rsquo;importe quel appareil.  <\/p>\n<p>La cl\u00e9 USB 2-en-1 pour vos appareils USB Type-C\u2122 et Type-A.<br \/>\nVous prenez des photos avec votre smartphone USB Type-C et souhaitez les transf\u00e9rer sur votre ordinateur ? Ne vous inqui\u00e9tez pas. La cl\u00e9 SanDisk Ultra\u00ae Dual Drive Go vous permet de d\u00e9placer facilement des fichiers entre smartphones, tablettes et Mac USB Type-C, ainsi que les ordinateurs USB Type-A.2  <\/p>\n<p>Lib\u00e9rez de l&rsquo;espace pour davantage de photos.<br \/>\nManquez-vous d&rsquo;espace sur votre smartphone USB Type-C ? Il vous suffit de brancher la cl\u00e9 USB USB SanDisk Ultra\u00ae Dual Drive Go et de transf\u00e9rer ais\u00e9ment les fichiers hors de votre appareil pour lib\u00e9rer de l&rsquo;espace.2 Avec tout cet espace suppl\u00e9mentaire, vous pouvez prendre plus de photos de voyage et stocker des films, de la musique, des jeux et tout ce que vous d\u00e9sirez.  <\/p>\n<p>Sauvegardes automatiques par simple branchement.<br \/>\nSauvegardez automatiquement vos derni\u00e8res photos, vid\u00e9os, musiques, documents et contacts gr\u00e2ce \u00e0 l&rsquo;application SanDisk Memory Zone.3 Ainsi, m\u00eame si vous perdez votre t\u00e9l\u00e9phone, vous conserverez les souvenirs qui vous sont chers. <\/p>\n<p>Transf\u00e9rez rapidement des fichiers vers votre ordinateur.<br \/>\nOubliez l&rsquo;envoi de photos par e-mail entre appareils. Une fois vos fichiers sur la cl\u00e9 SanDisk Ultra\u00ae Dual Drive Go, la connexion USB 3.1 Gen 1 de haute qualit\u00e9 avec des vitesses de lecture de 150 Mo\/s vous permet de les transf\u00e9rer facilement vers votre ordinateur.1 <\/p>\n<p>Conception pivotante pour prot\u00e9ger les connecteurs.<br \/>\nGlissez-la dans votre sac ou votre poche. La cl\u00e9 SanDisk Ultra\u00ae est con\u00e7ue pour prot\u00e9ger les connecteurs lorsque vous \u00eates en d\u00e9placement. Transportez-la ais\u00e9ment gr\u00e2ce \u00e0  <\/p>\n<p>l&rsquo;anneau porte-cl\u00e9s.<br \/>\nAttachez la cl\u00e9 \u00e0 votre porte-cl\u00e9s pour qu&rsquo;elle soit toujours \u00e0 port\u00e9e de main et en s\u00e9curit\u00e9. Elle sera ainsi toujours disponible si vous avez besoin de lib\u00e9rer de l&rsquo;espace lors de vos d\u00e9placements. <\/p>\n<p>1. Vitesses de lecture jusqu&rsquo;\u00e0 150 Mo\/s. La vitesse d&rsquo;\u00e9criture est plus lente et peut varier selon la capacit\u00e9. N\u00e9cessite un port USB Type-C avec prise en charge USB 3.1 Gen 1\/USB 3.0. Bas\u00e9 sur des tests internes, les performances peuvent \u00eatre inf\u00e9rieures selon l&rsquo;appareil h\u00f4te, l&rsquo;interface, les conditions d&rsquo;utilisation et d&rsquo;autres facteurs. 1 Mo = 1 000 000 octets.<br \/>\n2. L&rsquo;appareil mobile n\u00e9cessite un port USB Type-C et une prise en charge On-The-Go (OTG). Consultez www.sandisk.com\/dualdrive-c pour une liste des appareils compatibles.<br \/>\n3. N\u00e9cessite le t\u00e9l\u00e9chargement et l&rsquo;installation de l&rsquo;application SanDisk Memory Zone. Voir www.sandisk.com\/memoryzone.<br \/>\n4. 1 Go = 1 000 000 000 octets. L&rsquo;espace de stockage disponible pour l&rsquo;utilisateur est inf\u00e9rieur.       <\/p>\n<p>Sp\u00e9cifications :<\/p>\n<p>Performance :<\/p>\n<p>-Capacit\u00e9 : 32 Go<br \/>\n-Version USB : USB 3.0 (3.1 Gen 1)<br \/>\n-Connecteur USB : Type-A\/Type-C<br \/>\n-Vitesse de lecture (USB 3.0 (3.1 Gen 1)) : 150 Mo\/s<\/p>\n<p>Configuration requise :<\/p>\n<p>-Compatibilit\u00e9 : Windows 7, Windows 8, Windows 10, Mac OS X v10.9+<\/p>\n<p>Conception :<\/p>\n<p>-Facteur de forme : Pivotant<br \/>\n-Couleur du produit : Noir<br \/>\n-Porte-cl\u00e9s : Oui<\/p>\n<p>Conditions environnementales :<\/p>\n<p>-Plage de temp\u00e9rature de fonctionnement : 0 &#8211; 45 \u00b0C<br \/>\n-Plage de temp\u00e9rature de stockage : -10 &#8211; 70 \u00b0C<\/p>\n<p>Dimensions :<\/p>\n<p>-Largeur : 12,1 mm<br \/>\n-Profondeur : 44,4 mm<br \/>\n-Hauteur : 8,6 mm<\/p>\n","protected":false},"excerpt":{"rendered":"<p>La m\u00e9thode la plus ais\u00e9e pour ajouter un stockage suppl\u00e9mentaire \u00e0 haute vitesse \u00e0 votre appareil. La cl\u00e9 USB SanDisk Ultra Fit USB 3.1 offre des performances permettant de transf\u00e9rer un film complet jusqu&rsquo;\u00e0 15 fois plus rapidement que les cl\u00e9s USB 2.0 standard. De plus, gr\u00e2ce \u00e0 sa conception rationalis\u00e9e et compacte, il suffit de la brancher et de la laisser en place.  <\/p>\n","protected":false},"featured_media":12101,"comment_status":"open","ping_status":"closed","template":"","meta":[],"product_brand":[188],"product_cat":[245],"product_tag":[],"class_list":{"0":"post-12734","1":"product","2":"type-product","3":"status-publish","4":"has-post-thumbnail","6":"product_brand-sandisk","7":"product_cat-cles-usb","9":"first","10":"instock","11":"featured","12":"shipping-taxable","13":"purchasable","14":"product-type-simple"},"_links":{"self":[{"href":"https:\/\/hteck.fr\/fr\/wp-json\/wp\/v2\/product\/12734","targetHints":{"allow":["GET"]}}],"collection":[{"href":"https:\/\/hteck.fr\/fr\/wp-json\/wp\/v2\/product"}],"about":[{"href":"https:\/\/hteck.fr\/fr\/wp-json\/wp\/v2\/types\/product"}],"replies":[{"embeddable":true,"href":"https:\/\/hteck.fr\/fr\/wp-json\/wp\/v2\/comments?post=12734"}],"version-history":[{"count":0,"href":"https:\/\/hteck.fr\/fr\/wp-json\/wp\/v2\/product\/12734\/revisions"}],"wp:featuredmedia":[{"embeddable":true,"href":"https:\/\/hteck.fr\/fr\/wp-json\/wp\/v2\/media\/12101"}],"wp:attachment":[{"href":"https:\/\/hteck.fr\/fr\/wp-json\/wp\/v2\/media?parent=12734"}],"wp:term":[{"taxonomy":"product_brand","embeddable":true,"href":"https:\/\/hteck.fr\/fr\/wp-json\/wp\/v2\/product_brand?post=12734"},{"taxonomy":"product_cat","embeddable":true,"href":"https:\/\/hteck.fr\/fr\/wp-json\/wp\/v2\/product_cat?post=12734"},{"taxonomy":"product_tag","embeddable":true,"href":"https:\/\/hteck.fr\/fr\/wp-json\/wp\/v2\/product_tag?post=12734"}],"curies":[{"name":"wp","href":"https:\/\/api.w.org\/{rel}","templated":true}]}}