{"id":12732,"date":"2025-03-26T07:19:23","date_gmt":"2025-03-26T07:19:23","guid":{"rendered":"https:\/\/hteck.fr\/product\/sandisk-ultra-dual-drive-m3-0-usb-3-0-micro-usb-64-go-jusqua-150-mo-s-en-lecture-transparent-noir\/"},"modified":"2025-03-26T07:19:23","modified_gmt":"2025-03-26T07:19:23","slug":"sandisk-ultra-dual-drive-m3-0-usb-3-0-micro-usb-64-go-jusqua-150-mo-s-en-lecture-transparent-noir","status":"publish","type":"product","link":"https:\/\/hteck.fr\/fr\/produit\/sandisk-ultra-dual-drive-m3-0-usb-3-0-micro-usb-64-go-jusqua-150-mo-s-en-lecture-transparent-noir\/","title":{"rendered":"SanDisk Ultra Dual Drive m3.0 USB 3.0 + micro USB 64 Go \u2013 jusqu&rsquo;\u00e0 150 Mo\/s en lecture \u2013 transparent\/noir"},"content":{"rendered":"<p>Le SanDisk Ultra m3.0 Dual Drive facilite le transfert de contenu de votre t\u00e9l\u00e9phone vers votre ordinateur. Dot\u00e9 d&rsquo;un connecteur micro-USB \u00e0 une extr\u00e9mit\u00e9 et d&rsquo;un connecteur USB 3.0 \u00e0 l&rsquo;autre, le lecteur vous permet de transf\u00e9rer ais\u00e9ment du contenu entre vos appareils\u2014de votre smartphone ou tablette Android\u2122 vers votre ordinateur portable, PC ou Mac. Le connecteur USB 3.0 offre des performances \u00e9lev\u00e9es et est r\u00e9trocompatible avec les ports USB 2.0. L&rsquo;application SanDisk\u00ae Memory Zone pour Android (disponible sur Google Play) vous aide \u00e0 g\u00e9rer la m\u00e9moire et le contenu de votre appareil.   <\/p>\n<p>Compatible avec les appareils Android compatibles OTG.<br \/>\nLe SanDisk Ultra\u00ae m3.0 Dual Drive est compatible avec les smartphones et tablettes Android\u2122, et inclut la prise en charge USB On-The-Go (OTG).1<\/p>\n<p>Lib\u00e9rez de la m\u00e9moire sur votre smartphone et tablette.<br \/>\nLib\u00e9rez rapidement de l&rsquo;espace sur votre smartphone ou tablette Android afin de pouvoir prendre davantage de photos et de vid\u00e9os.<\/p>\n<p>Transf\u00e9rez facilement du contenu d&rsquo;un ordinateur \u00e0 un autre et d&rsquo;un appareil Android \u00e0 un autre.<br \/>\nLe SanDisk Ultra m3.0 Dual Drive vous permet de transf\u00e9rer et de partager des fichiers entre les appareils Android et les ordinateurs de bureau ou portables.1<\/p>\n<p>Connecteurs micro-USB et USB 3.0 doubles<br \/>\nLe design \u00e9l\u00e9gant et pliable int\u00e8gre \u00e0 la fois des connecteurs micro-USB et USB 3.0. Le connecteur USB 3.0 offre des performances \u00e9lev\u00e9es et est r\u00e9trocompatible avec les ports USB 2.0. <\/p>\n<p>USB 3.0 haute vitesse pour des transferts de fichiers ultra-rapides jusqu&rsquo;\u00e0 150 Mo\/s5<br \/>\nLe USB 3.0 haute vitesse vous permet de transf\u00e9rer un film complet sur le lecteur \u00e0 une vitesse allant jusqu&rsquo;\u00e0 150 Mo\/s, soit plus rapidement qu&rsquo;un lecteur USB 2.0 standard3<\/p>\n<p>Application SanDisk Memory Zone pour une organisation facile des fichiers.<br \/>\nDisponible sur le Google Play\u2122 store, l&rsquo;application SanDisk\u00ae Memory Zone vous permet de visualiser, d&rsquo;acc\u00e9der et de sauvegarder tous les fichiers du stockage de votre t\u00e9l\u00e9phone depuis un seul emplacement.2 Vous pouvez \u00e9galement transf\u00e9rer automatiquement des fichiers de votre appareil vers le lecteur pour lib\u00e9rer de l&rsquo;espace. <\/p>\n<p>1. N\u00e9cessite un appareil compatible On-The-Go (OTG). Consultez www.sandisk.com\/dualdrive pour obtenir une liste des appareils compatibles.<br \/>\n2. T\u00e9l\u00e9chargement et installation requis.<br \/>\n3. Bas\u00e9 sur le transfert d&rsquo;une vid\u00e9o MPEG-4 de 1,2 Go \u00e0 l&rsquo;aide d&rsquo;un appareil USB 3.0. Les r\u00e9sultats peuvent varier en fonction de l&rsquo;appareil, des attributs du fichier et d&rsquo;autres facteurs.<br \/>\n4. 1 Go = 1 000 000 000 octets. La capacit\u00e9 de stockage utilisateur r\u00e9elle est inf\u00e9rieure.<br \/>\n5. (32 Go-256 Go) Vitesses de lecture jusqu&rsquo;\u00e0 150 Mo\/s. (16 Go uniquement) Vitesses de lecture jusqu&rsquo;\u00e0 130 Mo\/s. Les vitesses d&rsquo;\u00e9criture sont plus lentes et varient en fonction de la capacit\u00e9 du lecteur. Port USB 3.0 requis. Bas\u00e9 sur des tests internes, les performances peuvent \u00eatre inf\u00e9rieures selon l&rsquo;appareil. 1 Mo = 1 000 000 octets.         <\/p>\n<p>Sp\u00e9cifications :<\/p>\n<p>Performance :<\/p>\n<p>-Capacit\u00e9 : 64 Go<br \/>\n-Interface de l&rsquo;appareil : USB Type-A \/ Micro-USB<br \/>\n-Version USB : 3.0 (3.1 Gen 1)<br \/>\n-Vitesse de lecture (USB 3.0 (3.1 Gen 1)) : 150 Mo\/s<\/p>\n<p>Configuration requise :<\/p>\n<p>-Syst\u00e8mes d&rsquo;exploitation Windows pris en charge : Windows 10 \u00c9ducation, Windows 10 \u00c9ducation x64, Windows 10 Entreprise, Windows 10 Entreprise x64, Windows 10 Familial, Windows 10 Familial x64, Windows 10 IoT Core, Windows 10 Professionnel, Windows 10 Professionnel x64, Windows 7 Entreprise, Windows 7 Entreprise x64, Windows 7 \u00c9dition Familiale Basique, Windows 7 \u00c9dition Familiale Basique x64, Windows 7 \u00c9dition Familiale Premium, Windows 7 \u00c9dition Familiale Premium x64, Windows 7 Professionnel, Windows 7 Professionnel x64, Windows 7 Starter, Windows 7 Starter x64, Windows 7 \u00c9dition Int\u00e9grale, Windows 7 \u00c9dition Int\u00e9grale x64, Windows 8, Windows 8 Entreprise, Windows 8 Entreprise x64, Windows 8 Pro, Windows 8 Pro x64, Windows 8 x64, Windows 8.1, Windows 8.1 Entreprise, Windows 8.1 Entreprise x64, Windows 8.1 Pro, Windows 8.1 Pro x64, Windows 8.1 x64, Windows Vista Professionnel, Windows Vista Professionnel x64, Windows Vista Entreprise, Windows Vista Entreprise x64, Windows Vista \u00c9dition Familiale Basique, Windows Vista \u00c9dition Familiale Basique x64, Windows Vista \u00c9dition Familiale Premium, Windows Vista \u00c9dition Familiale Premium x64, Windows Vista \u00c9dition Int\u00e9grale, Windows Vista \u00c9dition Int\u00e9grale x64<br \/>\nCompatibilit\u00e9 Mac : Oui<br \/>\n-Syst\u00e8mes d&rsquo;exploitation MAC pris en charge : Mac OS X 10.10 Yosemite, Mac OS X 10.11 El Capitan, Mac OS X 10.12 Sierra, Mac OS X 10.6 Snow Leopard, Mac OS X 10.7 Lion, Mac OS X 10.8 Mountain Lion, Mac OS X 10.9 Mavericks<br \/>\n-Syst\u00e8me d&rsquo;exploitation mobile pris en charge : Android<\/p>\n<p>Conception :<\/p>\n<p>-Facteur de forme : coulissant<br \/>\n-Couleur du produit : noir, argent, transparent<br \/>\n-Porte-cl\u00e9s : Oui<\/p>\n<p>Conditions environnementales :<\/p>\n<p>-Plage de temp\u00e9rature de fonctionnement : 0 &#8211; 35 \u00b0C<br \/>\n-Plage de temp\u00e9rature de stockage : -10 &#8211; 70 \u00b0C<\/p>\n<p>Dimensions et poids :<\/p>\n<p>-Largeur : 30,2 mm<br \/>\n-Profondeur : 25,5 mm<br \/>\n-Hauteur : 11,8 mm<br \/>\n-Poids : 5,2 g<\/p>\n","protected":false},"excerpt":{"rendered":"<p>Le SanDisk Ultra m3.0 Dual Drive facilite le transfert de contenu de votre t\u00e9l\u00e9phone vers votre ordinateur. Dot\u00e9 d&rsquo;un connecteur micro-USB \u00e0 une extr\u00e9mit\u00e9 et d&rsquo;un connecteur USB 3.0 \u00e0 l&rsquo;autre, ce dispositif vous permet de transf\u00e9rer ais\u00e9ment du contenu entre vos appareils &#8211; de votre smartphone ou tablette Android\u2122 vers votre ordinateur portable, PC ou Mac. Le connecteur USB 3.0 offre des performances \u00e9lev\u00e9es et est r\u00e9trocompatible avec les ports USB 2.0. L&rsquo;application SanDisk\u00ae Memory Zone pour Android (disponible sur Google Play) vous aide \u00e0 g\u00e9rer la m\u00e9moire et le contenu de votre appareil.   <\/p>\n","protected":false},"featured_media":12092,"comment_status":"open","ping_status":"closed","template":"","meta":[],"product_brand":[188],"product_cat":[245],"product_tag":[],"class_list":{"0":"post-12732","1":"product","2":"type-product","3":"status-publish","4":"has-post-thumbnail","6":"product_brand-sandisk","7":"product_cat-cles-usb","9":"first","10":"instock","11":"featured","12":"shipping-taxable","13":"purchasable","14":"product-type-simple"},"_links":{"self":[{"href":"https:\/\/hteck.fr\/fr\/wp-json\/wp\/v2\/product\/12732","targetHints":{"allow":["GET"]}}],"collection":[{"href":"https:\/\/hteck.fr\/fr\/wp-json\/wp\/v2\/product"}],"about":[{"href":"https:\/\/hteck.fr\/fr\/wp-json\/wp\/v2\/types\/product"}],"replies":[{"embeddable":true,"href":"https:\/\/hteck.fr\/fr\/wp-json\/wp\/v2\/comments?post=12732"}],"version-history":[{"count":0,"href":"https:\/\/hteck.fr\/fr\/wp-json\/wp\/v2\/product\/12732\/revisions"}],"wp:featuredmedia":[{"embeddable":true,"href":"https:\/\/hteck.fr\/fr\/wp-json\/wp\/v2\/media\/12092"}],"wp:attachment":[{"href":"https:\/\/hteck.fr\/fr\/wp-json\/wp\/v2\/media?parent=12732"}],"wp:term":[{"taxonomy":"product_brand","embeddable":true,"href":"https:\/\/hteck.fr\/fr\/wp-json\/wp\/v2\/product_brand?post=12732"},{"taxonomy":"product_cat","embeddable":true,"href":"https:\/\/hteck.fr\/fr\/wp-json\/wp\/v2\/product_cat?post=12732"},{"taxonomy":"product_tag","embeddable":true,"href":"https:\/\/hteck.fr\/fr\/wp-json\/wp\/v2\/product_tag?post=12732"}],"curies":[{"name":"wp","href":"https:\/\/api.w.org\/{rel}","templated":true}]}}