{"id":12728,"date":"2025-03-26T12:34:03","date_gmt":"2025-03-26T12:34:03","guid":{"rendered":"https:\/\/hteck.fr\/product\/carte-micro-sdxc-kingston-128-go-uhs-i-u3-v30-classe-10-170-mo-s-canvas-go-plus-avec-adaptateur\/"},"modified":"2025-03-26T12:34:03","modified_gmt":"2025-03-26T12:34:03","slug":"carte-micro-sdxc-kingston-128-go-uhs-i-u3-v30-classe-10-170-mo-s-canvas-go-plus-avec-adaptateur","status":"publish","type":"product","link":"https:\/\/hteck.fr\/fr\/produit\/carte-micro-sdxc-kingston-128-go-uhs-i-u3-v30-classe-10-170-mo-s-canvas-go-plus-avec-adaptateur\/","title":{"rendered":"Carte micro SDXC Kingston 128 Go UHS-i U3 V30 classe 10 170 Mo\/s Canvas Go Plus avec adaptateur"},"content":{"rendered":"<p>Les cartes microSD Canvas Go! Plus de Kingston sont con\u00e7ues pour les aventuriers toujours \u00e0 la recherche des moments parfaits \u00e0 capturer. <\/p>\n<p>Avec des vitesses de lecture fulgurantes allant jusqu&rsquo;\u00e0 170 Mo\/s, les cartes microSD Canvas Go! Plus rationalisent les flux de travail et am\u00e9liorent l&rsquo;efficacit\u00e9, vous offrant ainsi plus de temps pour lib\u00e9rer votre cr\u00e9ativit\u00e9 lors de votre prochaine aventure. <\/p>\n<p>Gr\u00e2ce aux vitesses U3 et V30, vous pouvez filmer des vid\u00e9os 4K Ultra-HD \u00e9poustouflantes sans vous soucier des vitesses lentes et du d\u00e9chirement d&rsquo;images, et capturer des photos d&rsquo;action sans interruption. La carte microSD Canvas Go! Plus prend en charge la classification de performance d&rsquo;application A2 pour rationaliser vos flux de travail avec des vitesses d&rsquo;application am\u00e9lior\u00e9es sur les smartphones et les tablettes.  <\/p>\n<p>Elle inclut \u00e9galement un adaptateur SD pour une polyvalence et une compatibilit\u00e9 accrues avec les appareils SD. Consid\u00e9rez le monde comme votre toile et lib\u00e9rez votre cr\u00e9ativit\u00e9 et votre inspiration avec la carte microSD Canvas Go! Plus.  <\/p>\n<p>Caract\u00e9ristiques :<\/p>\n<p>-Vitesses de lecture rapides allant jusqu&rsquo;\u00e0 170 Mo\/s et vitesses d&rsquo;\u00e9criture allant jusqu&rsquo;\u00e0 90 Mo\/s.<br \/>\n-Id\u00e9ale pour les cam\u00e9ras d&rsquo;action, les drones et les appareils Android.<br \/>\n-Vitesses U3 et V30.<br \/>\n-Conforme \u00e0 la classification de performance d&rsquo;application A2.<br \/>\n-Robuste.<\/p>\n<p>Sp\u00e9cifications :<\/p>\n<p>M\u00e9moire :<\/p>\n<p>-Capacit\u00e9 : 128 Go<br \/>\n-Type de carte flash : MicroSD<br \/>\n-Vitesse de lecture : 170 Mo\/s<br \/>\n-Vitesse d&rsquo;\u00e9criture : 70 Mo\/s<br \/>\n-Type de m\u00e9moire interne : UHS-I<br \/>\n-Classe de vitesse UHS : Classe 3 (U3)<br \/>\n-Classe de vitesse vid\u00e9o : V30<br \/>\n-Classe de m\u00e9moire flash : Classe 10<br \/>\n-Syst\u00e8mes de fichiers pris en charge : exFAT<\/p>\n<p>Caract\u00e9ristiques :<\/p>\n<p>-Couleur du produit : Noir<br \/>\n-Caract\u00e9ristiques de protection : R\u00e9sistant aux chocs, R\u00e9sistant \u00e0 la temp\u00e9rature, R\u00e9sistant aux vibrations, R\u00e9sistant \u00e0 l&rsquo;eau, \u00c0 l&rsquo;\u00e9preuve des rayons X<\/p>\n<p>Contr\u00f4le de l&rsquo;alimentation :<\/p>\n<p>-Tension de la m\u00e9moire : 3,3 V<\/p>\n<p>Conditions environnementales :<\/p>\n<p>-Plage de temp\u00e9ratures de fonctionnement : -25 &#8211; 85 \u00b0C<br \/>\n-Plage de temp\u00e9ratures de stockage : -40 &#8211; 85 \u00b0C<\/p>\n<p>Poids et dimensions :<\/p>\n<p>-Largeur : 15 mm<br \/>\n-Profondeur : 1 mm<br \/>\n-Hauteur : 11 mm<\/p>\n","protected":false},"excerpt":{"rendered":"<p>Les cartes microSD Canvas Go! Plus de Kingston sont con\u00e7ues pour les aventuriers toujours \u00e0 la recherche des moments parfaits \u00e0 capturer. <\/p>\n<p>Avec des vitesses de lecture fulgurantes allant jusqu&rsquo;\u00e0 170 Mo\/s, les cartes microSD Canvas Go! Plus rationalisent les flux de travail et am\u00e9liorent l&rsquo;efficacit\u00e9, vous offrant ainsi plus de temps pour lib\u00e9rer votre cr\u00e9ativit\u00e9 lors de votre prochaine aventure. <\/p>\n","protected":false},"featured_media":12110,"comment_status":"open","ping_status":"closed","template":"","meta":[],"product_brand":[189],"product_cat":[244],"product_tag":[702,700,707,701,709],"class_list":{"0":"post-12728","1":"product","2":"type-product","3":"status-publish","4":"has-post-thumbnail","6":"product_brand-kingston","7":"product_cat-cartes-memoire","8":"product_tag-adaptateur-sd","9":"product_tag-classe-10","10":"product_tag-u3","11":"product_tag-uhs-i","12":"product_tag-video-4k","14":"first","15":"instock","16":"featured","17":"shipping-taxable","18":"purchasable","19":"product-type-simple"},"_links":{"self":[{"href":"https:\/\/hteck.fr\/fr\/wp-json\/wp\/v2\/product\/12728","targetHints":{"allow":["GET"]}}],"collection":[{"href":"https:\/\/hteck.fr\/fr\/wp-json\/wp\/v2\/product"}],"about":[{"href":"https:\/\/hteck.fr\/fr\/wp-json\/wp\/v2\/types\/product"}],"replies":[{"embeddable":true,"href":"https:\/\/hteck.fr\/fr\/wp-json\/wp\/v2\/comments?post=12728"}],"version-history":[{"count":0,"href":"https:\/\/hteck.fr\/fr\/wp-json\/wp\/v2\/product\/12728\/revisions"}],"wp:featuredmedia":[{"embeddable":true,"href":"https:\/\/hteck.fr\/fr\/wp-json\/wp\/v2\/media\/12110"}],"wp:attachment":[{"href":"https:\/\/hteck.fr\/fr\/wp-json\/wp\/v2\/media?parent=12728"}],"wp:term":[{"taxonomy":"product_brand","embeddable":true,"href":"https:\/\/hteck.fr\/fr\/wp-json\/wp\/v2\/product_brand?post=12728"},{"taxonomy":"product_cat","embeddable":true,"href":"https:\/\/hteck.fr\/fr\/wp-json\/wp\/v2\/product_cat?post=12728"},{"taxonomy":"product_tag","embeddable":true,"href":"https:\/\/hteck.fr\/fr\/wp-json\/wp\/v2\/product_tag?post=12728"}],"curies":[{"name":"wp","href":"https:\/\/api.w.org\/{rel}","templated":true}]}}