{"id":12726,"date":"2025-03-26T12:11:43","date_gmt":"2025-03-26T12:11:43","guid":{"rendered":"https:\/\/hteck.fr\/product\/carte-sdxc-kingston-256-go-uhs-i-classe-10-100-mo-s-canvas-select-plus\/"},"modified":"2025-03-26T12:11:43","modified_gmt":"2025-03-26T12:11:43","slug":"carte-sdxc-kingston-256-go-uhs-i-classe-10-100-mo-s-canvas-select-plus","status":"publish","type":"product","link":"https:\/\/hteck.fr\/fr\/produit\/carte-sdxc-kingston-256-go-uhs-i-classe-10-100-mo-s-canvas-select-plus\/","title":{"rendered":"Carte SDXC Kingston 256 Go UHS-I classe 10 100 Mo\/s Canvas Select Plus"},"content":{"rendered":"<p>Les cartes SD Canvas Select Plus sont con\u00e7ues pour offrir performance, rapidit\u00e9 et durabilit\u00e9, sp\u00e9cifiquement pour les charges de travail \u00e0 haute densit\u00e9 telles que le transfert et le d\u00e9veloppement de photos haute r\u00e9solution ou la capture et l&rsquo;\u00e9dition de vid\u00e9os HD. Elles peuvent atteindre des vitesses UHS-I de classe 10 allant jusqu&rsquo;\u00e0 100 Mo\/s1 pour un stockage facile et des transferts plus rapides. Elles pr\u00e9sentent une interface UHS-I capable d&rsquo;enregistrer des vid\u00e9os Full HD et 4K Ultra HD de qualit\u00e9 cin\u00e9matographique. Les cartes SD Canvas Select Plus sont con\u00e7ues pour fonctionner dans les environnements et conditions les plus difficiles, vous permettant ainsi d&#8217;emporter votre carte en sachant que vos fichiers, photos et vid\u00e9os sont prot\u00e9g\u00e9s. Disponibles en plusieurs capacit\u00e9s jusqu&rsquo;\u00e0 512 Go2 avec une garantie \u00e0 vie.    <\/p>\n<p>Sp\u00e9cifications :<\/p>\n<p>-Capacit\u00e9 : 32 Go, 64 Go, 128 Go, 256 Go, 512 Go.<br \/>\n-Performance : 100 Mo\/s en lecture, classe de vitesse UHS-I, U1, V10 (32 Go &#8211; 64 Go) &#8211; 100\/85 Mo\/s en lecture\/\u00e9criture, classe de vitesse UHS-I, U3, V30 (128 Go &#8211; 512 Go)<br \/>\n-Dimensions : 24 x 32 x 2,1 mm<br \/>\n-Format : FAT32 (32 Go), exFAT (64 Go-512 Go).<br \/>\n-Temp\u00e9rature de fonctionnement : -25\u00b0C ~ 85\u00b0C.<br \/>\n-Temp\u00e9rature de stockage : -40\u00b0C ~ 85\u00b0C.<br \/>\n-Tension : 3,3V.<\/p>\n","protected":false},"excerpt":{"rendered":"<p>Les cartes SD Canvas Select Plus sont con\u00e7ues pour offrir performance, rapidit\u00e9 et durabilit\u00e9, sp\u00e9cifiquement pour les charges de travail \u00e0 haute densit\u00e9 telles que le transfert et le d\u00e9veloppement de photos haute r\u00e9solution ou la capture et l&rsquo;\u00e9dition de vid\u00e9os HD. Elles peuvent atteindre des vitesses UHS-I de classe 10 allant jusqu&rsquo;\u00e0 100 Mo\/s1 pour un stockage facile et des transferts plus rapides. Elles pr\u00e9sentent une interface UHS-I capable d&rsquo;enregistrer des vid\u00e9os Full HD et 4K Ultra HD de qualit\u00e9 cin\u00e9matographique. Les cartes SD Canvas Select Plus sont con\u00e7ues pour fonctionner dans les environnements et conditions les plus difficiles, vous permettant ainsi d&#8217;emporter votre carte en sachant que vos fichiers, photos et vid\u00e9os sont prot\u00e9g\u00e9s. Disponibles en plusieurs capacit\u00e9s jusqu&rsquo;\u00e0 512 Go2 avec une garantie \u00e0 vie.    <\/p>\n","protected":false},"featured_media":12106,"comment_status":"open","ping_status":"closed","template":"","meta":[],"product_brand":[189],"product_cat":[244],"product_tag":[700,701],"class_list":{"0":"post-12726","1":"product","2":"type-product","3":"status-publish","4":"has-post-thumbnail","6":"product_brand-kingston","7":"product_cat-cartes-memoire","8":"product_tag-classe-10","9":"product_tag-uhs-i","11":"first","12":"instock","13":"shipping-taxable","14":"purchasable","15":"product-type-simple"},"_links":{"self":[{"href":"https:\/\/hteck.fr\/fr\/wp-json\/wp\/v2\/product\/12726","targetHints":{"allow":["GET"]}}],"collection":[{"href":"https:\/\/hteck.fr\/fr\/wp-json\/wp\/v2\/product"}],"about":[{"href":"https:\/\/hteck.fr\/fr\/wp-json\/wp\/v2\/types\/product"}],"replies":[{"embeddable":true,"href":"https:\/\/hteck.fr\/fr\/wp-json\/wp\/v2\/comments?post=12726"}],"version-history":[{"count":0,"href":"https:\/\/hteck.fr\/fr\/wp-json\/wp\/v2\/product\/12726\/revisions"}],"wp:featuredmedia":[{"embeddable":true,"href":"https:\/\/hteck.fr\/fr\/wp-json\/wp\/v2\/media\/12106"}],"wp:attachment":[{"href":"https:\/\/hteck.fr\/fr\/wp-json\/wp\/v2\/media?parent=12726"}],"wp:term":[{"taxonomy":"product_brand","embeddable":true,"href":"https:\/\/hteck.fr\/fr\/wp-json\/wp\/v2\/product_brand?post=12726"},{"taxonomy":"product_cat","embeddable":true,"href":"https:\/\/hteck.fr\/fr\/wp-json\/wp\/v2\/product_cat?post=12726"},{"taxonomy":"product_tag","embeddable":true,"href":"https:\/\/hteck.fr\/fr\/wp-json\/wp\/v2\/product_tag?post=12726"}],"curies":[{"name":"wp","href":"https:\/\/api.w.org\/{rel}","templated":true}]}}