{"id":12719,"date":"2025-03-26T12:27:03","date_gmt":"2025-03-26T12:27:03","guid":{"rendered":"https:\/\/hteck.fr\/product\/carte-micro-sdxc-kingston-64-go-classe-10-100-mo-s-canvas-select-plus-adaptateur-sd\/"},"modified":"2025-03-26T12:27:03","modified_gmt":"2025-03-26T12:27:03","slug":"carte-micro-sdxc-kingston-64-go-classe-10-100-mo-s-canvas-select-plus-adaptateur-sd","status":"publish","type":"product","link":"https:\/\/hteck.fr\/fr\/produit\/carte-micro-sdxc-kingston-64-go-classe-10-100-mo-s-canvas-select-plus-adaptateur-sd\/","title":{"rendered":"Carte micro SDXC Kingston 64 Go classe 10 100 Mo\/s canvas select plus + adaptateur SD"},"content":{"rendered":"<p>Les cartes microSD Kingston Canvas Select Plus sont compatibles avec les appareils Android et sont con\u00e7ues pour des performances de niveau A1. Elles offrent une vitesse et une capacit\u00e9 accrues pour un chargement plus rapide des applications et pour la capture d&rsquo;images et de vid\u00e9os dans de multiples capacit\u00e9s allant jusqu&rsquo;\u00e0 512 Go.  Excellentes en termes de performances, de vitesse et de durabilit\u00e9, les cartes microSD Canvas Select Plus sont con\u00e7ues pour une fiabilit\u00e9 \u00e9lev\u00e9e lors de la prise de photos et du tournage, ainsi que pour l&rsquo;\u00e9dition de vid\u00e9os haute d\u00e9finition. Les cartes Kingston Canvas ont fait l&rsquo;objet de tests approfondis dans les environnements et conditions les plus difficiles, vous pouvez donc les transporter avec la certitude que vos photos, vid\u00e9os et fichiers sont prot\u00e9g\u00e9s. Disponibles avec une garantie \u00e0 vie.  <\/p>\n<p>Sp\u00e9cifications :<\/p>\n<p>-Capacit\u00e9 : 16 Go, 32 Go, 64 Go, 128 Go, 256 Go, 512 Go.<br \/>\n-Performance : 100 Mo\/s en lecture (16 Go-128 Go), 100\/85 Mo\/s en lecture\/\u00e9criture (256 Go-512 Go)<br \/>\n-Dimensions : 11 mm x 15 mm x 1 mm (microSD), 24 mm x 32 mm x 2,1 mm (avec adaptateur SD)<br \/>\n-Format : FAT32 (16 Go-32 Go), exFAT (64 Go-512 Go)<br \/>\n-Temp\u00e9rature de fonctionnement : -25\u00b0C ~ 85\u00b0C<br \/>\n-Temp\u00e9rature de stockage : -40\u00b0C ~ 85\u00b0C -Tension<br \/>\n : 3,3V<\/p>\n","protected":false},"excerpt":{"rendered":"<p>Les cartes SD Canvas Select Plus sont con\u00e7ues pour offrir performance, rapidit\u00e9 et durabilit\u00e9, sp\u00e9cifiquement pour les charges de travail \u00e0 haute densit\u00e9 telles que le transfert et le d\u00e9veloppement de photos haute r\u00e9solution ou la capture et l&rsquo;\u00e9dition de vid\u00e9os HD. Elles peuvent atteindre des vitesses UHS-I de classe 10 allant jusqu&rsquo;\u00e0 100 Mo\/s1 pour un stockage facile et des transferts plus rapides. Elles pr\u00e9sentent une interface UHS-I capable d&rsquo;enregistrer des vid\u00e9os Full HD et 4K Ultra HD de qualit\u00e9 cin\u00e9matographique. Les cartes SD Canvas Select Plus sont con\u00e7ues pour fonctionner dans les environnements et conditions les plus difficiles, vous permettant ainsi d&#8217;emporter votre carte en sachant que vos fichiers, photos et vid\u00e9os sont prot\u00e9g\u00e9s. Disponibles en plusieurs capacit\u00e9s jusqu&rsquo;\u00e0 512 Go2 avec une garantie \u00e0 vie.    <\/p>\n","protected":false},"featured_media":12108,"comment_status":"open","ping_status":"closed","template":"","meta":[],"product_brand":[189],"product_cat":[244],"product_tag":[702,700],"class_list":{"0":"post-12719","1":"product","2":"type-product","3":"status-publish","4":"has-post-thumbnail","6":"product_brand-kingston","7":"product_cat-cartes-memoire","8":"product_tag-adaptateur-sd","9":"product_tag-classe-10","11":"first","12":"instock","13":"featured","14":"shipping-taxable","15":"purchasable","16":"product-type-simple"},"_links":{"self":[{"href":"https:\/\/hteck.fr\/fr\/wp-json\/wp\/v2\/product\/12719","targetHints":{"allow":["GET"]}}],"collection":[{"href":"https:\/\/hteck.fr\/fr\/wp-json\/wp\/v2\/product"}],"about":[{"href":"https:\/\/hteck.fr\/fr\/wp-json\/wp\/v2\/types\/product"}],"replies":[{"embeddable":true,"href":"https:\/\/hteck.fr\/fr\/wp-json\/wp\/v2\/comments?post=12719"}],"version-history":[{"count":0,"href":"https:\/\/hteck.fr\/fr\/wp-json\/wp\/v2\/product\/12719\/revisions"}],"wp:featuredmedia":[{"embeddable":true,"href":"https:\/\/hteck.fr\/fr\/wp-json\/wp\/v2\/media\/12108"}],"wp:attachment":[{"href":"https:\/\/hteck.fr\/fr\/wp-json\/wp\/v2\/media?parent=12719"}],"wp:term":[{"taxonomy":"product_brand","embeddable":true,"href":"https:\/\/hteck.fr\/fr\/wp-json\/wp\/v2\/product_brand?post=12719"},{"taxonomy":"product_cat","embeddable":true,"href":"https:\/\/hteck.fr\/fr\/wp-json\/wp\/v2\/product_cat?post=12719"},{"taxonomy":"product_tag","embeddable":true,"href":"https:\/\/hteck.fr\/fr\/wp-json\/wp\/v2\/product_tag?post=12719"}],"curies":[{"name":"wp","href":"https:\/\/api.w.org\/{rel}","templated":true}]}}