{"id":12717,"date":"2025-05-01T10:27:41","date_gmt":"2025-05-01T10:27:41","guid":{"rendered":"https:\/\/hteck.fr\/product\/chargeur-de-voyage-samsung-usb-c-25w-ta800ewe-blanc-en-vrac\/"},"modified":"2025-12-22T11:15:58","modified_gmt":"2025-12-22T11:15:58","slug":"chargeur-de-voyage-samsung-usb-c-25w-ta800ewe-blanc-en-vrac","status":"publish","type":"product","link":"https:\/\/hteck.fr\/fr\/produit\/chargeur-de-voyage-samsung-usb-c-25w-ta800ewe-blanc-en-vrac\/","title":{"rendered":"Chargeur de voyage Samsung USB-c 25W TA800EWE, Blanc (en vrac)"},"content":{"rendered":"<p>Chargeur secteur de voyage Samsung avec sortie USB-C et puissance maximale de 25W.<br \/>\nGr\u00e2ce \u00e0 la charge super rapide, il peut charger rapidement votre appareil afin que vous ne perdiez pas de temps.<br \/>\nIl dispose d&rsquo;une distribution du courant et de la tension de charge Power delivery, qui vous permet de toujours s\u00e9lectionner le courant et la tension de charge les plus adapt\u00e9s directement \u00e0 votre appareil.<br \/>\nLe chargeur ne convient pas seulement aux t\u00e9l\u00e9phones et accessoires Samsung, il peut charger les t\u00e9l\u00e9phones de toutes les marques, ou d&rsquo;autres accessoires qui prennent en charge la charge \u00e0 partir du port USB.<br \/>\nIl est \u00e9quip\u00e9 d&rsquo;une protection avanc\u00e9e \u00e0 plusieurs niveaux contre la surcharge, le court-circuit, la surchauffe et l&rsquo;inversion de polarit\u00e9.<br \/>\nPropri\u00e9t\u00e9s<br \/>\n&#8211; Puissance maximale 25W<br \/>\n&#8211; Sortie USB-C<br \/>\n&#8211; courant et tension de charge 5V \/ 3A ou 9V \/ 2,77<br \/>\n&#8211; Entr\u00e9e 100V-240V<br \/>\n&#8211; Chargement super rapide<br \/>\n&#8211; PowerDelivery (PD)<br \/>\n&#8211; Protection contre la surcharge, le court-circuit, la surchauffe et l&rsquo;inversion de polarit\u00e9.<\/p>\n","protected":false},"excerpt":{"rendered":"<p>Chargeur de voyage Samsung<\/p>\n","protected":false},"featured_media":12142,"comment_status":"open","ping_status":"closed","template":"","meta":[],"product_brand":[124],"product_cat":[243],"product_tag":[],"class_list":{"0":"post-12717","1":"product","2":"type-product","3":"status-publish","4":"has-post-thumbnail","6":"product_brand-samsung","7":"product_cat-chargers-fr","9":"first","10":"instock","11":"shipping-taxable","12":"purchasable","13":"product-type-simple"},"_links":{"self":[{"href":"https:\/\/hteck.fr\/fr\/wp-json\/wp\/v2\/product\/12717","targetHints":{"allow":["GET"]}}],"collection":[{"href":"https:\/\/hteck.fr\/fr\/wp-json\/wp\/v2\/product"}],"about":[{"href":"https:\/\/hteck.fr\/fr\/wp-json\/wp\/v2\/types\/product"}],"replies":[{"embeddable":true,"href":"https:\/\/hteck.fr\/fr\/wp-json\/wp\/v2\/comments?post=12717"}],"version-history":[{"count":1,"href":"https:\/\/hteck.fr\/fr\/wp-json\/wp\/v2\/product\/12717\/revisions"}],"predecessor-version":[{"id":13870,"href":"https:\/\/hteck.fr\/fr\/wp-json\/wp\/v2\/product\/12717\/revisions\/13870"}],"wp:featuredmedia":[{"embeddable":true,"href":"https:\/\/hteck.fr\/fr\/wp-json\/wp\/v2\/media\/12142"}],"wp:attachment":[{"href":"https:\/\/hteck.fr\/fr\/wp-json\/wp\/v2\/media?parent=12717"}],"wp:term":[{"taxonomy":"product_brand","embeddable":true,"href":"https:\/\/hteck.fr\/fr\/wp-json\/wp\/v2\/product_brand?post=12717"},{"taxonomy":"product_cat","embeddable":true,"href":"https:\/\/hteck.fr\/fr\/wp-json\/wp\/v2\/product_cat?post=12717"},{"taxonomy":"product_tag","embeddable":true,"href":"https:\/\/hteck.fr\/fr\/wp-json\/wp\/v2\/product_tag?post=12717"}],"curies":[{"name":"wp","href":"https:\/\/api.w.org\/{rel}","templated":true}]}}