{"id":12712,"date":"2025-04-02T04:56:10","date_gmt":"2025-04-02T04:56:10","guid":{"rendered":"https:\/\/hteck.fr\/product\/cartouche-dencre-generique-hp-10-noire-remplace-c4844a\/"},"modified":"2025-04-02T04:56:10","modified_gmt":"2025-04-02T04:56:10","slug":"cartouche-dencre-generique-hp-10-noire-remplace-c4844a","status":"publish","type":"product","link":"https:\/\/hteck.fr\/fr\/produit\/cartouche-dencre-generique-hp-10-noire-remplace-c4844a\/","title":{"rendered":"Cartouche d&rsquo;encre g\u00e9n\u00e9rique HP 10 noire &#8211; remplace C4844A"},"content":{"rendered":"<p><strong>Compatibilit\u00e9 :<br \/>\n<\/strong><br \/>\nBusiness InkJet 1000 ; Business InkJet 1100 ; Business InkJet 1100d ; Business InkJet 1100DTN ; Business InkJet 1200 ; Business InkJet 1200d ; Business InkJet 1200dn ; Business InkJet 1200dtn ; Business InkJet 1200dtw ; Business InkJet 2000 ; Business InkJet 2000cn ; Business InkJet 2200 ; Business InkJet 2230 ; Business InkJet 2250 ; Business InkJet 2250tn ; Business InkJet 2280 ; Business InkJet 2280tn ; Business InkJet 2300 ; Business InkJet 2300dtn ; Business InkJet 2300n ; Business InkJet 2500c ; Business InkJet 2500cm ; Business InkJet 2600 ; Business InkJet 2600dn ; Business InkJet 2800 ; Business InkJet 2800dt ; Business InkJet 2800dtn ; Business InkJet 3000 ; Business InkJet 3000DTN ; Business InkJet 3000N ; Color Inkjet CP 1700 ; DesignJet 100 ; DesignJet 100+ ; DesignJet 110 ; DesignJet 110+ ; DesignJet 500 ; DesignJet 70 ; DesignJet 800 ; DesignJet 800ps ; DesignJet 815mfp ; DesignJet 820mfp ; DesignJet ColorPro CAD ; DesignJet ColorPro GA ; DeskJet 2000C ; DeskJet 2500C ; Officejet 9100 series ; OfficeJet 9110 ; OfficeJet 9120 ; OfficeJet 9130 ; OfficeJet Pro K850 ; OfficeJet Pro K850DN.<\/p>\n","protected":false},"excerpt":{"rendered":"<p>Cartouche d&rsquo;encre g\u00e9n\u00e9rique HP 10 (C4844AE) de haute qualit\u00e9.<\/p>\n","protected":false},"featured_media":12124,"comment_status":"open","ping_status":"closed","template":"","meta":[],"product_brand":[190],"product_cat":[246],"product_tag":[],"class_list":{"0":"post-12712","1":"product","2":"type-product","3":"status-publish","4":"has-post-thumbnail","6":"product_brand-hp","7":"product_cat-consommables","9":"first","10":"instock","11":"shipping-taxable","12":"purchasable","13":"product-type-simple"},"_links":{"self":[{"href":"https:\/\/hteck.fr\/fr\/wp-json\/wp\/v2\/product\/12712","targetHints":{"allow":["GET"]}}],"collection":[{"href":"https:\/\/hteck.fr\/fr\/wp-json\/wp\/v2\/product"}],"about":[{"href":"https:\/\/hteck.fr\/fr\/wp-json\/wp\/v2\/types\/product"}],"replies":[{"embeddable":true,"href":"https:\/\/hteck.fr\/fr\/wp-json\/wp\/v2\/comments?post=12712"}],"version-history":[{"count":0,"href":"https:\/\/hteck.fr\/fr\/wp-json\/wp\/v2\/product\/12712\/revisions"}],"wp:featuredmedia":[{"embeddable":true,"href":"https:\/\/hteck.fr\/fr\/wp-json\/wp\/v2\/media\/12124"}],"wp:attachment":[{"href":"https:\/\/hteck.fr\/fr\/wp-json\/wp\/v2\/media?parent=12712"}],"wp:term":[{"taxonomy":"product_brand","embeddable":true,"href":"https:\/\/hteck.fr\/fr\/wp-json\/wp\/v2\/product_brand?post=12712"},{"taxonomy":"product_cat","embeddable":true,"href":"https:\/\/hteck.fr\/fr\/wp-json\/wp\/v2\/product_cat?post=12712"},{"taxonomy":"product_tag","embeddable":true,"href":"https:\/\/hteck.fr\/fr\/wp-json\/wp\/v2\/product_tag?post=12712"}],"curies":[{"name":"wp","href":"https:\/\/api.w.org\/{rel}","templated":true}]}}