{"id":12711,"date":"2025-05-01T10:52:10","date_gmt":"2025-05-01T10:52:10","guid":{"rendered":"https:\/\/hteck.fr\/product\/adaptateur-secteur-samsung-25w-ep-t2510nwegeu-sans-cable-blanc\/"},"modified":"2025-12-22T11:15:55","modified_gmt":"2025-12-22T11:15:55","slug":"adaptateur-secteur-samsung-25w-ep-t2510nwegeu-sans-cable-blanc","status":"publish","type":"product","link":"https:\/\/hteck.fr\/fr\/produit\/adaptateur-secteur-samsung-25w-ep-t2510nwegeu-sans-cable-blanc\/","title":{"rendered":"Adaptateur secteur Samsung 25W EP-T2510NWEGEU (sans c\u00e2ble), Blanc"},"content":{"rendered":"<p>Gr\u00e2ce \u00e0 la technologie GaN \u00e9prouv\u00e9e, l&rsquo;adaptateur de 25 watts est compact et facile \u00e0 transporter. Avec la norme de charge PD 3.0, vous pouvez trouver l&rsquo;adaptateur de produit compatible &#8211; m\u00eame d&rsquo;autres fabricants &#8211; vous pouvez \u00e9galement voir la version \u00e9nerg\u00e9tique, mais vous pouvez aussi utiliser le produit avec la nouvelle technologie. En plus de la nouvelle limite de puissance, vous pouvez utiliser l&rsquo;adaptateur dans le bloc-batterie &#8211; il est \u00e9nerg\u00e9tiquement efficace, en raison d&rsquo;une consommation en veille de seulement \u2264 5 mW.<br \/>\nAdaptateur de charge rapide compact pour recharger les appareils compatibles via USB Type-C<br \/>\nPrend en charge la charge ultra-rapide jusqu&rsquo;\u00e0 25 watts<br \/>\nCompatible \u00e9galement avec les smartphones ou tablettes d&rsquo;autres fabricants  <\/p>\n","protected":false},"excerpt":{"rendered":"<p>Gr\u00e2ce \u00e0 la technologie GaN \u00e9prouv\u00e9e, l&rsquo;adaptateur de 25 watts est compact et facile \u00e0 transporter. Avec la norme de<\/p>\n","protected":false},"featured_media":12145,"comment_status":"open","ping_status":"closed","template":"","meta":[],"product_brand":[124],"product_cat":[243],"product_tag":[],"class_list":{"0":"post-12711","1":"product","2":"type-product","3":"status-publish","4":"has-post-thumbnail","6":"product_brand-samsung","7":"product_cat-chargers-fr","9":"first","10":"instock","11":"shipping-taxable","12":"purchasable","13":"product-type-simple"},"_links":{"self":[{"href":"https:\/\/hteck.fr\/fr\/wp-json\/wp\/v2\/product\/12711","targetHints":{"allow":["GET"]}}],"collection":[{"href":"https:\/\/hteck.fr\/fr\/wp-json\/wp\/v2\/product"}],"about":[{"href":"https:\/\/hteck.fr\/fr\/wp-json\/wp\/v2\/types\/product"}],"replies":[{"embeddable":true,"href":"https:\/\/hteck.fr\/fr\/wp-json\/wp\/v2\/comments?post=12711"}],"version-history":[{"count":1,"href":"https:\/\/hteck.fr\/fr\/wp-json\/wp\/v2\/product\/12711\/revisions"}],"predecessor-version":[{"id":13865,"href":"https:\/\/hteck.fr\/fr\/wp-json\/wp\/v2\/product\/12711\/revisions\/13865"}],"wp:featuredmedia":[{"embeddable":true,"href":"https:\/\/hteck.fr\/fr\/wp-json\/wp\/v2\/media\/12145"}],"wp:attachment":[{"href":"https:\/\/hteck.fr\/fr\/wp-json\/wp\/v2\/media?parent=12711"}],"wp:term":[{"taxonomy":"product_brand","embeddable":true,"href":"https:\/\/hteck.fr\/fr\/wp-json\/wp\/v2\/product_brand?post=12711"},{"taxonomy":"product_cat","embeddable":true,"href":"https:\/\/hteck.fr\/fr\/wp-json\/wp\/v2\/product_cat?post=12711"},{"taxonomy":"product_tag","embeddable":true,"href":"https:\/\/hteck.fr\/fr\/wp-json\/wp\/v2\/product_tag?post=12711"}],"curies":[{"name":"wp","href":"https:\/\/api.w.org\/{rel}","templated":true}]}}