{"id":12710,"date":"2025-05-01T10:47:33","date_gmt":"2025-05-01T10:47:33","guid":{"rendered":"https:\/\/hteck.fr\/product\/chargeur-de-voyage-samsung-usb-ep-ta200ewe-blanc-en-vrac\/"},"modified":"2025-12-22T11:15:57","modified_gmt":"2025-12-22T11:15:57","slug":"chargeur-de-voyage-samsung-usb-ep-ta200ewe-blanc-en-vrac","status":"publish","type":"product","link":"https:\/\/hteck.fr\/fr\/produit\/chargeur-de-voyage-samsung-usb-ep-ta200ewe-blanc-en-vrac\/","title":{"rendered":"Chargeur de voyage Samsung USB EP-TA200EWE, Blanc (en vrac)"},"content":{"rendered":"<p>Chargeur secteur de voyage Samsung avec sortie USB-C et puissance maximale de 25W.<br \/>\nGr\u00e2ce \u00e0 la technologie de charge super rapide, il peut recharger rapidement votre appareil, vous permettant ainsi de ne pas perdre de temps.<br \/>\nIl dispose d&rsquo;une r\u00e9partition du courant et de la tension de charge Power Delivery, ce qui vous permet de toujours s\u00e9lectionner le courant et la tension de charge les plus appropri\u00e9s pour votre appareil.<br \/>\nLe chargeur est non seulement compatible avec les t\u00e9l\u00e9phones et accessoires Samsung, mais il peut \u00e9galement recharger les t\u00e9l\u00e9phones de toutes marques, ainsi que d&rsquo;autres accessoires prenant en charge la charge via le port USB.<br \/>\nIl est \u00e9quip\u00e9 d&rsquo;une protection avanc\u00e9e \u00e0 plusieurs niveaux contre la surcharge, les courts-circuits, la surchauffe et l&rsquo;inversion de polarit\u00e9.<\/p>\n","protected":false},"excerpt":{"rendered":"<p>Chargeur de voyage Samsung<\/p>\n","protected":false},"featured_media":12143,"comment_status":"open","ping_status":"closed","template":"","meta":[],"product_brand":[124],"product_cat":[243],"product_tag":[],"class_list":{"0":"post-12710","1":"product","2":"type-product","3":"status-publish","4":"has-post-thumbnail","6":"product_brand-samsung","7":"product_cat-chargers-fr","9":"first","10":"instock","11":"shipping-taxable","12":"purchasable","13":"product-type-simple"},"_links":{"self":[{"href":"https:\/\/hteck.fr\/fr\/wp-json\/wp\/v2\/product\/12710","targetHints":{"allow":["GET"]}}],"collection":[{"href":"https:\/\/hteck.fr\/fr\/wp-json\/wp\/v2\/product"}],"about":[{"href":"https:\/\/hteck.fr\/fr\/wp-json\/wp\/v2\/types\/product"}],"replies":[{"embeddable":true,"href":"https:\/\/hteck.fr\/fr\/wp-json\/wp\/v2\/comments?post=12710"}],"version-history":[{"count":1,"href":"https:\/\/hteck.fr\/fr\/wp-json\/wp\/v2\/product\/12710\/revisions"}],"predecessor-version":[{"id":13868,"href":"https:\/\/hteck.fr\/fr\/wp-json\/wp\/v2\/product\/12710\/revisions\/13868"}],"wp:featuredmedia":[{"embeddable":true,"href":"https:\/\/hteck.fr\/fr\/wp-json\/wp\/v2\/media\/12143"}],"wp:attachment":[{"href":"https:\/\/hteck.fr\/fr\/wp-json\/wp\/v2\/media?parent=12710"}],"wp:term":[{"taxonomy":"product_brand","embeddable":true,"href":"https:\/\/hteck.fr\/fr\/wp-json\/wp\/v2\/product_brand?post=12710"},{"taxonomy":"product_cat","embeddable":true,"href":"https:\/\/hteck.fr\/fr\/wp-json\/wp\/v2\/product_cat?post=12710"},{"taxonomy":"product_tag","embeddable":true,"href":"https:\/\/hteck.fr\/fr\/wp-json\/wp\/v2\/product_tag?post=12710"}],"curies":[{"name":"wp","href":"https:\/\/api.w.org\/{rel}","templated":true}]}}