{"id":12708,"date":"2025-05-01T11:24:30","date_gmt":"2025-05-01T11:24:30","guid":{"rendered":"https:\/\/hteck.fr\/product\/chargeur-rapide-samsung-ep-t1510xbe-15w-noir\/"},"modified":"2025-12-22T11:15:55","modified_gmt":"2025-12-22T11:15:55","slug":"chargeur-rapide-samsung-ep-t1510xbe-15w-noir","status":"publish","type":"product","link":"https:\/\/hteck.fr\/fr\/produit\/chargeur-rapide-samsung-ep-t1510xbe-15w-noir\/","title":{"rendered":"Chargeur rapide Samsung EP-T1510XBE 15W, noir"},"content":{"rendered":"<p>Le chargeur de voyage original Samsung est une solution pratique si vous souhaitez recharger rapidement vos appareils. Ce chargeur mural prend en charge la charge rapide jusqu&rsquo;\u00e0 15W et est compatible avec les smartphones ou tablettes \u00e9quip\u00e9s de USB-C. Vos appareils sont prot\u00e9g\u00e9s contre les surintensit\u00e9s, les courts-circuits et les temp\u00e9ratures \u00e9lev\u00e9es pendant la charge, vous pouvez donc \u00eatre serein quant \u00e0 la charge m\u00eame dans des situations d&rsquo;alimentation instables.  <\/p>\n<p>Caract\u00e9ristiques :<br \/>\n\u2022 Adaptateur de charge rapide USB-C original de Samsung<br \/>\n\u2022 Prend en charge la charge rapide jusqu&rsquo;\u00e0 15W<br \/>\n\u2022 Compatible avec les smartphones ou tablettes \u00e9quip\u00e9s de USB-C<br \/>\n\u2022 C\u00e2ble USB-C vers USB-C inclus pour la charge et la synchronisation<br \/>\n\u2022 Protection contre les surintensit\u00e9s, les courts-circuits et la surchauffe<br \/>\n\u2022 Chargeur de voyage compact et l\u00e9ger<\/p>\n<p>Sp\u00e9cifications :<br \/>\n\u2022 Interface de sortie : Type C<br \/>\n\u2022 Tension d&rsquo;entr\u00e9e : 100 &#8211; 240V<br \/>\n\u2022 Tension de sortie (charge normale) : 5V<br \/>\n\u2022 Tension de sortie (charge rapide) : 9V<br \/>\n\u2022 Courant de sortie (charge normale) : 2A<br \/>\n\u2022 Courant de sortie (charge rapide) : 1,67A<br \/>\n\u2022 Puissance de sortie maximale : 15W<br \/>\n\u2022 Dimensions : 37 x 22,5 x 55mm<br \/>\n\u2022 Longueur du c\u00e2ble : 1m<br \/>\n\u2022 Poids : 38,5g<br \/>\n\u2022 Avec prise EU standard<\/p>\n<p>Le package comprend :<br \/>\n\u2022 Adaptateur secteur Samsung USB-C<br \/>\n\u2022 C\u00e2ble Samsung USB-C vers USB-C<br \/>\n\u2022 Guide de d\u00e9marrage rapide<\/p>\n","protected":false},"excerpt":{"rendered":"<p>Le chargeur de voyage original Samsung est une solution pratique si vous souhaitez recharger rapidement vos appareils. Ce chargeur mural<\/p>\n","protected":false},"featured_media":12155,"comment_status":"open","ping_status":"closed","template":"","meta":[],"product_brand":[124],"product_cat":[243],"product_tag":[],"class_list":{"0":"post-12708","1":"product","2":"type-product","3":"status-publish","4":"has-post-thumbnail","6":"product_brand-samsung","7":"product_cat-chargers-fr","9":"first","10":"instock","11":"shipping-taxable","12":"purchasable","13":"product-type-simple"},"_links":{"self":[{"href":"https:\/\/hteck.fr\/fr\/wp-json\/wp\/v2\/product\/12708","targetHints":{"allow":["GET"]}}],"collection":[{"href":"https:\/\/hteck.fr\/fr\/wp-json\/wp\/v2\/product"}],"about":[{"href":"https:\/\/hteck.fr\/fr\/wp-json\/wp\/v2\/types\/product"}],"replies":[{"embeddable":true,"href":"https:\/\/hteck.fr\/fr\/wp-json\/wp\/v2\/comments?post=12708"}],"version-history":[{"count":1,"href":"https:\/\/hteck.fr\/fr\/wp-json\/wp\/v2\/product\/12708\/revisions"}],"predecessor-version":[{"id":13864,"href":"https:\/\/hteck.fr\/fr\/wp-json\/wp\/v2\/product\/12708\/revisions\/13864"}],"wp:featuredmedia":[{"embeddable":true,"href":"https:\/\/hteck.fr\/fr\/wp-json\/wp\/v2\/media\/12155"}],"wp:attachment":[{"href":"https:\/\/hteck.fr\/fr\/wp-json\/wp\/v2\/media?parent=12708"}],"wp:term":[{"taxonomy":"product_brand","embeddable":true,"href":"https:\/\/hteck.fr\/fr\/wp-json\/wp\/v2\/product_brand?post=12708"},{"taxonomy":"product_cat","embeddable":true,"href":"https:\/\/hteck.fr\/fr\/wp-json\/wp\/v2\/product_cat?post=12708"},{"taxonomy":"product_tag","embeddable":true,"href":"https:\/\/hteck.fr\/fr\/wp-json\/wp\/v2\/product_tag?post=12708"}],"curies":[{"name":"wp","href":"https:\/\/api.w.org\/{rel}","templated":true}]}}