{"id":12707,"date":"2025-05-01T11:15:50","date_gmt":"2025-05-01T11:15:50","guid":{"rendered":"https:\/\/hteck.fr\/product\/adaptateur-dalimentation-samsung-25w-ep-t2510nbegeu-sans-cable-noir\/"},"modified":"2025-12-22T11:15:55","modified_gmt":"2025-12-22T11:15:55","slug":"adaptateur-dalimentation-samsung-25w-ep-t2510nbegeu-sans-cable-noir","status":"publish","type":"product","link":"https:\/\/hteck.fr\/fr\/produit\/adaptateur-dalimentation-samsung-25w-ep-t2510nbegeu-sans-cable-noir\/","title":{"rendered":"Adaptateur d&rsquo;alimentation Samsung 25W EP-T2510NBEGEU (sans c\u00e2ble), noir"},"content":{"rendered":"<p>Gr\u00e2ce \u00e0 la technologie GaN utilis\u00e9e, l&rsquo;adaptateur de charge rapide de 25 watts est tr\u00e8s compact et facile \u00e0 transporter. Avec la norme de charge PD 3.0, l&rsquo;adaptateur de charge rapide peut rapidement alimenter en \u00e9nergie les appareils compatibles &#8211; y compris ceux d&rsquo;autres fabricants &#8211; mais il peut \u00e9galement \u00eatre utilis\u00e9 pour des appareils sans technologie de charge rapide. Et si votre appareil n&rsquo;a pas besoin de nouvelle alimentation, vous pouvez laisser l&rsquo;adaptateur de charge dans la prise &#8211; il est \u00e9conome en \u00e9nergie, gr\u00e2ce \u00e0 une faible consommation en veille de seulement \u2264 5 mW.<br \/>\nAdaptateur de charge rapide compact pour charger les appareils compatibles via USB Type-C<br \/>\nPrend en charge la charge ultra-rapide jusqu&rsquo;\u00e0 25 watts<br \/>\n\u00c9galement compatible avec les smartphones ou tablettes d&rsquo;autres fabricants<br \/>\n\u00c9conome en \u00e9nergie, gr\u00e2ce \u00e0 une faible consommation en veille<br \/>\nUniversellement applicable  <\/p>\n","protected":false},"excerpt":{"rendered":"<p>Gr\u00e2ce \u00e0 la technologie GaN utilis\u00e9e, l&rsquo;adaptateur de charge rapide de 25 watts est tr\u00e8s compact et facile \u00e0 transporter.<\/p>\n","protected":false},"featured_media":12154,"comment_status":"open","ping_status":"closed","template":"","meta":[],"product_brand":[124],"product_cat":[243],"product_tag":[],"class_list":{"0":"post-12707","1":"product","2":"type-product","3":"status-publish","4":"has-post-thumbnail","6":"product_brand-samsung","7":"product_cat-chargers-fr","9":"first","10":"instock","11":"shipping-taxable","12":"purchasable","13":"product-type-simple"},"_links":{"self":[{"href":"https:\/\/hteck.fr\/fr\/wp-json\/wp\/v2\/product\/12707","targetHints":{"allow":["GET"]}}],"collection":[{"href":"https:\/\/hteck.fr\/fr\/wp-json\/wp\/v2\/product"}],"about":[{"href":"https:\/\/hteck.fr\/fr\/wp-json\/wp\/v2\/types\/product"}],"replies":[{"embeddable":true,"href":"https:\/\/hteck.fr\/fr\/wp-json\/wp\/v2\/comments?post=12707"}],"version-history":[{"count":1,"href":"https:\/\/hteck.fr\/fr\/wp-json\/wp\/v2\/product\/12707\/revisions"}],"predecessor-version":[{"id":13866,"href":"https:\/\/hteck.fr\/fr\/wp-json\/wp\/v2\/product\/12707\/revisions\/13866"}],"wp:featuredmedia":[{"embeddable":true,"href":"https:\/\/hteck.fr\/fr\/wp-json\/wp\/v2\/media\/12154"}],"wp:attachment":[{"href":"https:\/\/hteck.fr\/fr\/wp-json\/wp\/v2\/media?parent=12707"}],"wp:term":[{"taxonomy":"product_brand","embeddable":true,"href":"https:\/\/hteck.fr\/fr\/wp-json\/wp\/v2\/product_brand?post=12707"},{"taxonomy":"product_cat","embeddable":true,"href":"https:\/\/hteck.fr\/fr\/wp-json\/wp\/v2\/product_cat?post=12707"},{"taxonomy":"product_tag","embeddable":true,"href":"https:\/\/hteck.fr\/fr\/wp-json\/wp\/v2\/product_tag?post=12707"}],"curies":[{"name":"wp","href":"https:\/\/api.w.org\/{rel}","templated":true}]}}