{"id":12706,"date":"2025-05-01T11:10:09","date_gmt":"2025-05-01T11:10:09","guid":{"rendered":"https:\/\/hteck.fr\/product\/adaptateur-de-voyage-samsung-15w-sans-cable-ep-t1510nwe-blanc\/"},"modified":"2025-12-22T11:15:53","modified_gmt":"2025-12-22T11:15:53","slug":"adaptateur-de-voyage-samsung-15w-sans-cable-ep-t1510nwe-blanc","status":"publish","type":"product","link":"https:\/\/hteck.fr\/fr\/produit\/adaptateur-de-voyage-samsung-15w-sans-cable-ep-t1510nwe-blanc\/","title":{"rendered":"Adaptateur de voyage Samsung 15W sans c\u00e2ble EP-T1510NWE, blanc"},"content":{"rendered":"<p>Rechargez vos appareils de mani\u00e8re simple et rapide mais surtout efficace.<br \/>\nExploitez toute la puissance de la charge rapide 15W sur tous vos appareils \u00e9lectroniques, en utilisant un seul c\u00e2ble compatible USB-C.<br \/>\nProt\u00e9gez vos appareils contre les surintensit\u00e9s, les courts-circuits et les d\u00e9faillances dues aux temp\u00e9ratures \u00e9lev\u00e9es.<br \/>\nRechargez en toute s\u00e9curit\u00e9, m\u00eame dans des environnements \u00e9lectriques instables et sans vous soucier du bruit et de la perte de puissance.<br \/>\nTirez le meilleur parti de l&rsquo;extraordinaire flexibilit\u00e9 des ports USB-C avec la nouvelle norme Power Delivery (PD).<br \/>\nVous pourrez utiliser tous les diff\u00e9rents types de c\u00e2bles compatibles avec vos appareils, et gr\u00e2ce \u00e0 la pr\u00e9sence du port USB Type C aux deux extr\u00e9mit\u00e9s, vous n&rsquo;aurez plus \u00e0 vous soucier du sens dans lequel les connecter. De plus, il n&rsquo;est pas n\u00e9cessaire de changer l&rsquo;adaptateur que vous utilisez \u00e0 la maison.<\/p>\n<p>Sp\u00e9cifications :<br \/>\n&#8211; Interface de sortie : Type C<br \/>\n&#8211; Tension d&rsquo;entr\u00e9e : 100 &#8211; 240V<br \/>\n&#8211; Tension de sortie (charge normale) : 5V<br \/>\n&#8211; Tension de sortie (charge rapide) : 9V<br \/>\n&#8211; Courant de sortie (charge normale) : 2A<br \/>\n&#8211; Courant de sortie (charge rapide) : 1,67A<br \/>\n&#8211; Puissance de sortie maximale : 15W<br \/>\n&#8211; Dimensions : 37 x 22,5 x 55mm<\/p>\n","protected":false},"excerpt":{"rendered":"<p>Rechargez vos appareils de mani\u00e8re simple et rapide mais surtout efficace. Exploitez toute la puissance de la charge rapide 15W<\/p>\n","protected":false},"featured_media":12151,"comment_status":"open","ping_status":"closed","template":"","meta":[],"product_brand":[124],"product_cat":[243],"product_tag":[],"class_list":{"0":"post-12706","1":"product","2":"type-product","3":"status-publish","4":"has-post-thumbnail","6":"product_brand-samsung","7":"product_cat-chargers-fr","9":"first","10":"instock","11":"shipping-taxable","12":"purchasable","13":"product-type-simple"},"_links":{"self":[{"href":"https:\/\/hteck.fr\/fr\/wp-json\/wp\/v2\/product\/12706","targetHints":{"allow":["GET"]}}],"collection":[{"href":"https:\/\/hteck.fr\/fr\/wp-json\/wp\/v2\/product"}],"about":[{"href":"https:\/\/hteck.fr\/fr\/wp-json\/wp\/v2\/types\/product"}],"replies":[{"embeddable":true,"href":"https:\/\/hteck.fr\/fr\/wp-json\/wp\/v2\/comments?post=12706"}],"version-history":[{"count":1,"href":"https:\/\/hteck.fr\/fr\/wp-json\/wp\/v2\/product\/12706\/revisions"}],"predecessor-version":[{"id":13858,"href":"https:\/\/hteck.fr\/fr\/wp-json\/wp\/v2\/product\/12706\/revisions\/13858"}],"wp:featuredmedia":[{"embeddable":true,"href":"https:\/\/hteck.fr\/fr\/wp-json\/wp\/v2\/media\/12151"}],"wp:attachment":[{"href":"https:\/\/hteck.fr\/fr\/wp-json\/wp\/v2\/media?parent=12706"}],"wp:term":[{"taxonomy":"product_brand","embeddable":true,"href":"https:\/\/hteck.fr\/fr\/wp-json\/wp\/v2\/product_brand?post=12706"},{"taxonomy":"product_cat","embeddable":true,"href":"https:\/\/hteck.fr\/fr\/wp-json\/wp\/v2\/product_cat?post=12706"},{"taxonomy":"product_tag","embeddable":true,"href":"https:\/\/hteck.fr\/fr\/wp-json\/wp\/v2\/product_tag?post=12706"}],"curies":[{"name":"wp","href":"https:\/\/api.w.org\/{rel}","templated":true}]}}