{"id":12705,"date":"2025-05-01T11:00:56","date_gmt":"2025-05-01T11:00:56","guid":{"rendered":"https:\/\/hteck.fr\/product\/adaptateur-de-voyage-samsung-15w-sans-cable-ep-t1510nbe-noir\/"},"modified":"2025-12-22T11:15:54","modified_gmt":"2025-12-22T11:15:54","slug":"adaptateur-de-voyage-samsung-15w-sans-cable-ep-t1510nbe-noir","status":"publish","type":"product","link":"https:\/\/hteck.fr\/fr\/produit\/adaptateur-de-voyage-samsung-15w-sans-cable-ep-t1510nbe-noir\/","title":{"rendered":"Adaptateur de voyage Samsung 15W sans c\u00e2ble EP-T1510NBE, noir"},"content":{"rendered":"<ul class=\"--descriptionList\" data-v-9b9b97e6=\"\" data-v-568bc53c=\"\">\n<li class=\"--descriptionList__item --body\" data-v-9b9b97e6=\"\" data-v-568bc53c=\"\">Adaptateur de charge rapide pour charger les appareils compatibles via USB Type-C. Prend en charge la charge rapide jusqu&rsquo;\u00e0 15 watts. \u00c9galement compatible avec les smartphones ou tablettes d&rsquo;autres fabricants. Avec 100-240 V, peut \u00eatre utilis\u00e9 \u00e0 l&rsquo;\u00e9tranger avec un adaptateur de prise optionnel. C\u00e2ble non inclus.<\/li>\n<li class=\"--descriptionList__item --body\" data-v-9b9b97e6=\"\" data-v-568bc53c=\"\">Sp\u00e9cifications :<br \/>\n&#8211; Interface de sortie : Type C<br \/>\n&#8211; Tension d&rsquo;entr\u00e9e : 100 &#8211; 240V<br \/>\n&#8211; Tension de sortie (charge normale) : 5V<br \/>\n&#8211; Tension de sortie (charge rapide) : 9V<br \/>\n&#8211; Courant de sortie (charge normale) : 2A<br \/>\n&#8211; Courant de sortie (charge rapide) : 1,67A<br \/>\n&#8211; Puissance de sortie maximale : 15W<br \/>\n&#8211; Dimensions : 37 x 22,5 x 55mm<\/li>\n<\/ul>\n","protected":false},"excerpt":{"rendered":"<p>Adaptateur de charge rapide pour charger les appareils compatibles via USB Type-C. Prend en charge la charge rapide jusqu&rsquo;\u00e0 15<\/p>\n","protected":false},"featured_media":12150,"comment_status":"open","ping_status":"closed","template":"","meta":[],"product_brand":[124],"product_cat":[243],"product_tag":[],"class_list":{"0":"post-12705","1":"product","2":"type-product","3":"status-publish","4":"has-post-thumbnail","6":"product_brand-samsung","7":"product_cat-chargers-fr","9":"first","10":"instock","11":"shipping-taxable","12":"purchasable","13":"product-type-simple"},"_links":{"self":[{"href":"https:\/\/hteck.fr\/fr\/wp-json\/wp\/v2\/product\/12705","targetHints":{"allow":["GET"]}}],"collection":[{"href":"https:\/\/hteck.fr\/fr\/wp-json\/wp\/v2\/product"}],"about":[{"href":"https:\/\/hteck.fr\/fr\/wp-json\/wp\/v2\/types\/product"}],"replies":[{"embeddable":true,"href":"https:\/\/hteck.fr\/fr\/wp-json\/wp\/v2\/comments?post=12705"}],"version-history":[{"count":1,"href":"https:\/\/hteck.fr\/fr\/wp-json\/wp\/v2\/product\/12705\/revisions"}],"predecessor-version":[{"id":13860,"href":"https:\/\/hteck.fr\/fr\/wp-json\/wp\/v2\/product\/12705\/revisions\/13860"}],"wp:featuredmedia":[{"embeddable":true,"href":"https:\/\/hteck.fr\/fr\/wp-json\/wp\/v2\/media\/12150"}],"wp:attachment":[{"href":"https:\/\/hteck.fr\/fr\/wp-json\/wp\/v2\/media?parent=12705"}],"wp:term":[{"taxonomy":"product_brand","embeddable":true,"href":"https:\/\/hteck.fr\/fr\/wp-json\/wp\/v2\/product_brand?post=12705"},{"taxonomy":"product_cat","embeddable":true,"href":"https:\/\/hteck.fr\/fr\/wp-json\/wp\/v2\/product_cat?post=12705"},{"taxonomy":"product_tag","embeddable":true,"href":"https:\/\/hteck.fr\/fr\/wp-json\/wp\/v2\/product_tag?post=12705"}],"curies":[{"name":"wp","href":"https:\/\/api.w.org\/{rel}","templated":true}]}}