{"id":12699,"date":"2025-05-01T11:47:58","date_gmt":"2025-05-01T11:47:58","guid":{"rendered":"https:\/\/hteck.fr\/product\/chargeur-magsafe-dapple-pour-iphone-12-mhxh3zm-a-blanc\/"},"modified":"2025-05-01T11:47:58","modified_gmt":"2025-05-01T11:47:58","slug":"chargeur-magsafe-dapple-pour-iphone-12-mhxh3zm-a-blanc","status":"publish","type":"product","link":"https:\/\/hteck.fr\/fr\/produit\/chargeur-magsafe-dapple-pour-iphone-12-mhxh3zm-a-blanc\/","title":{"rendered":"Chargeur MagSafe d&rsquo;Apple pour iPhone 12 MHXH3ZM\/a, Blanc"},"content":{"rendered":"<p>Le chargeur sans fil MagSafe est un accessoire remarquable pour les nouveaux smartphones iPhone.<br \/>\nLe chargeur utilise une technologie o\u00f9 ses aimants attirent l&rsquo;iPhone 12 et les mod\u00e8les ult\u00e9rieurs, assurant ainsi que le t\u00e9l\u00e9phone soit charg\u00e9 dans la position id\u00e9ale.<br \/>\nPar cons\u00e9quent, vous pouvez charger sans fil vos nouveaux smartphones iPhone avec une puissance allant jusqu&rsquo;\u00e0 15W gr\u00e2ce \u00e0 cette technologie !<br \/>\nDe plus, le chargeur est \u00e9galement compatible avec la norme Qi, vous permettant ainsi de l&rsquo;utiliser pour charger d&rsquo;autres appareils, y compris les anciens iPhones, les Apple AirPods ou les t\u00e9l\u00e9phones d&rsquo;autres marques.<br \/>\nCependant, la fonction d&rsquo;alignement magn\u00e9tique n&rsquo;est disponible que pour l&rsquo;iPhone 12 et les mod\u00e8les ult\u00e9rieurs.<\/p>\n<p>Sp\u00e9cifications :<br \/>\n&#8211; Chargement sans fil jusqu&rsquo;\u00e0 15W<br \/>\n&#8211; Technologie MagSafe<br \/>\n&#8211; Compatible avec la norme Qi pour charger d&rsquo;autres appareils<br \/>\n&#8211; C\u00e2ble USB-C int\u00e9gr\u00e9 (1m)<\/p>\n","protected":false},"excerpt":{"rendered":"<p>Compatible avec les appareils Apple : iPhone, iPad, iPod<\/p>\n","protected":false},"featured_media":12172,"comment_status":"open","ping_status":"closed","template":"","meta":[],"product_brand":[123],"product_cat":[243],"product_tag":[],"class_list":{"0":"post-12699","1":"product","2":"type-product","3":"status-publish","4":"has-post-thumbnail","6":"product_brand-apple","7":"product_cat-chargers-fr","9":"first","10":"instock","11":"shipping-taxable","12":"purchasable","13":"product-type-simple"},"_links":{"self":[{"href":"https:\/\/hteck.fr\/fr\/wp-json\/wp\/v2\/product\/12699","targetHints":{"allow":["GET"]}}],"collection":[{"href":"https:\/\/hteck.fr\/fr\/wp-json\/wp\/v2\/product"}],"about":[{"href":"https:\/\/hteck.fr\/fr\/wp-json\/wp\/v2\/types\/product"}],"replies":[{"embeddable":true,"href":"https:\/\/hteck.fr\/fr\/wp-json\/wp\/v2\/comments?post=12699"}],"version-history":[{"count":0,"href":"https:\/\/hteck.fr\/fr\/wp-json\/wp\/v2\/product\/12699\/revisions"}],"wp:featuredmedia":[{"embeddable":true,"href":"https:\/\/hteck.fr\/fr\/wp-json\/wp\/v2\/media\/12172"}],"wp:attachment":[{"href":"https:\/\/hteck.fr\/fr\/wp-json\/wp\/v2\/media?parent=12699"}],"wp:term":[{"taxonomy":"product_brand","embeddable":true,"href":"https:\/\/hteck.fr\/fr\/wp-json\/wp\/v2\/product_brand?post=12699"},{"taxonomy":"product_cat","embeddable":true,"href":"https:\/\/hteck.fr\/fr\/wp-json\/wp\/v2\/product_cat?post=12699"},{"taxonomy":"product_tag","embeddable":true,"href":"https:\/\/hteck.fr\/fr\/wp-json\/wp\/v2\/product_tag?post=12699"}],"curies":[{"name":"wp","href":"https:\/\/api.w.org\/{rel}","templated":true}]}}