{"id":12696,"date":"2025-05-01T11:28:13","date_gmt":"2025-05-01T11:28:13","guid":{"rendered":"https:\/\/hteck.fr\/product\/chargeur-de-voyage-samsung-usb-c-45w-ep-t4511nbe-noir\/"},"modified":"2025-12-22T11:15:54","modified_gmt":"2025-12-22T11:15:54","slug":"chargeur-de-voyage-samsung-usb-c-45w-ep-t4511nbe-noir","status":"publish","type":"product","link":"https:\/\/hteck.fr\/fr\/produit\/chargeur-de-voyage-samsung-usb-c-45w-ep-t4511nbe-noir\/","title":{"rendered":"Chargeur de voyage Samsung USB-c 45W EP-T4511NBE noir"},"content":{"rendered":"<p>Compact, l\u00e9ger et facile \u00e0 transporter partout, le Samsung EP-T4511NB est un chargeur secteur rapide pour smartphones \u00e9quip\u00e9s d&rsquo;un port USB-C. Avec une puissance maximale de 45W, il recharge votre appareil rapidement. De plus, avec ce chargeur d&rsquo;origine, vous pouvez \u00eatre assur\u00e9 de sa conformit\u00e9 et de son fonctionnement correct. Il prot\u00e8ge l&rsquo;appareil contre la surcharge et les temp\u00e9ratures \u00e9lev\u00e9es, tant lors de la recharge de votre t\u00e9l\u00e9phone que lors de l&rsquo;\u00e9change de donn\u00e9es entre le t\u00e9l\u00e9phone et un ordinateur.    <\/p>\n","protected":false},"excerpt":{"rendered":"<p>Compact, l\u00e9ger et facile \u00e0 transporter partout, le Samsung EP-T4511NB est un chargeur secteur rapide pour smartphones \u00e9quip\u00e9s d&rsquo;un port<\/p>\n","protected":false},"featured_media":12157,"comment_status":"open","ping_status":"closed","template":"","meta":[],"product_brand":[124],"product_cat":[243],"product_tag":[],"class_list":{"0":"post-12696","1":"product","2":"type-product","3":"status-publish","4":"has-post-thumbnail","6":"product_brand-samsung","7":"product_cat-chargers-fr","9":"first","10":"instock","11":"shipping-taxable","12":"purchasable","13":"product-type-simple"},"_links":{"self":[{"href":"https:\/\/hteck.fr\/fr\/wp-json\/wp\/v2\/product\/12696","targetHints":{"allow":["GET"]}}],"collection":[{"href":"https:\/\/hteck.fr\/fr\/wp-json\/wp\/v2\/product"}],"about":[{"href":"https:\/\/hteck.fr\/fr\/wp-json\/wp\/v2\/types\/product"}],"replies":[{"embeddable":true,"href":"https:\/\/hteck.fr\/fr\/wp-json\/wp\/v2\/comments?post=12696"}],"version-history":[{"count":1,"href":"https:\/\/hteck.fr\/fr\/wp-json\/wp\/v2\/product\/12696\/revisions"}],"predecessor-version":[{"id":13862,"href":"https:\/\/hteck.fr\/fr\/wp-json\/wp\/v2\/product\/12696\/revisions\/13862"}],"wp:featuredmedia":[{"embeddable":true,"href":"https:\/\/hteck.fr\/fr\/wp-json\/wp\/v2\/media\/12157"}],"wp:attachment":[{"href":"https:\/\/hteck.fr\/fr\/wp-json\/wp\/v2\/media?parent=12696"}],"wp:term":[{"taxonomy":"product_brand","embeddable":true,"href":"https:\/\/hteck.fr\/fr\/wp-json\/wp\/v2\/product_brand?post=12696"},{"taxonomy":"product_cat","embeddable":true,"href":"https:\/\/hteck.fr\/fr\/wp-json\/wp\/v2\/product_cat?post=12696"},{"taxonomy":"product_tag","embeddable":true,"href":"https:\/\/hteck.fr\/fr\/wp-json\/wp\/v2\/product_tag?post=12696"}],"curies":[{"name":"wp","href":"https:\/\/api.w.org\/{rel}","templated":true}]}}