{"id":12694,"date":"2025-05-01T12:32:46","date_gmt":"2025-05-01T12:32:46","guid":{"rendered":"https:\/\/hteck.fr\/product\/samsung-watch6-classic-47-mm-bt-noir-montre-intelligente-r960nzkaeue-noir\/"},"modified":"2025-05-01T12:32:46","modified_gmt":"2025-05-01T12:32:46","slug":"samsung-watch6-classic-47-mm-bt-noir-montre-intelligente-r960nzkaeue-noir","status":"publish","type":"product","link":"https:\/\/hteck.fr\/fr\/produit\/samsung-watch6-classic-47-mm-bt-noir-montre-intelligente-r960nzkaeue-noir\/","title":{"rendered":"Samsung Watch6 classic, 47 mm, BT, noir &#8211; montre intelligente R960NZKAEUE noir"},"content":{"rendered":"<ul>\n<li>Syst\u00e8me d&rsquo;exploitation : Wear OS propuls\u00e9 par Samsung<\/li>\n<li>Processeur : Exynos W930 (Dual-c\u0153ur, 5nm), 1,4 GHz<\/li>\n<li>\u00c9cran : 1,47&Prime;, 480&#215;480, 327 PPP, AMOLED toujours actif<\/li>\n<li>RAM : 2 Go<\/li>\n<li>M\u00e9moire interne : 16 Go<\/li>\n<li>Durabilit\u00e9 de l&rsquo;\u00e9cran : 24 GPA \/ verre saphir 8 Mohs<\/li>\n<li>Durabilit\u00e9 du bo\u00eetier : 5ATM + IP68 + MIL-STD-810H<\/li>\n<li>Connectivit\u00e9 : BT 5.2, Wi-Fi, NFC, GPS<\/li>\n<li>Capteurs : Moniteur de pouls (photopl\u00e9thysmographe 8PD), \u00e9lectrocardiographe (ECG), BIA<\/li>\n<li>acc\u00e9l\u00e9rom\u00e8tre (32g), gyroscope, barom\u00e8tre, capteur de luminosit\u00e9, boussole<\/li>\n<li>Contr\u00f4le : 2 boutons, anneau rotatif<\/li>\n<li>Batterie : 425 mAh, recharge sans fil rapide<\/li>\n<li>Autres : microphone, haut-parleur, vibration<\/li>\n<li>largeur du bracelet 20 mm<\/li>\n<li>Dimensions : 46,5 x 46,5 x 10,9 mm<\/li>\n<li>Poids : 59 g<\/li>\n<li>Couleurs : noir, argent<\/li>\n<\/ul>\n","protected":false},"excerpt":{"rendered":"<p>Syst\u00e8me d&rsquo;exploitation : Wear OS propuls\u00e9 par Samsung Processeur : Exynos W930 (Dual-c\u0153ur, 5nm), 1,4 GHz \u00c9cran : 1,47&Prime;, 480&#215;480,<\/p>\n","protected":false},"featured_media":12190,"comment_status":"open","ping_status":"closed","template":"","meta":[],"product_brand":[124],"product_cat":[270],"product_tag":[],"class_list":{"0":"post-12694","1":"product","2":"type-product","3":"status-publish","4":"has-post-thumbnail","6":"product_brand-samsung","7":"product_cat-appareils-portables","9":"first","10":"instock","11":"shipping-taxable","12":"purchasable","13":"product-type-simple"},"_links":{"self":[{"href":"https:\/\/hteck.fr\/fr\/wp-json\/wp\/v2\/product\/12694","targetHints":{"allow":["GET"]}}],"collection":[{"href":"https:\/\/hteck.fr\/fr\/wp-json\/wp\/v2\/product"}],"about":[{"href":"https:\/\/hteck.fr\/fr\/wp-json\/wp\/v2\/types\/product"}],"replies":[{"embeddable":true,"href":"https:\/\/hteck.fr\/fr\/wp-json\/wp\/v2\/comments?post=12694"}],"version-history":[{"count":0,"href":"https:\/\/hteck.fr\/fr\/wp-json\/wp\/v2\/product\/12694\/revisions"}],"wp:featuredmedia":[{"embeddable":true,"href":"https:\/\/hteck.fr\/fr\/wp-json\/wp\/v2\/media\/12190"}],"wp:attachment":[{"href":"https:\/\/hteck.fr\/fr\/wp-json\/wp\/v2\/media?parent=12694"}],"wp:term":[{"taxonomy":"product_brand","embeddable":true,"href":"https:\/\/hteck.fr\/fr\/wp-json\/wp\/v2\/product_brand?post=12694"},{"taxonomy":"product_cat","embeddable":true,"href":"https:\/\/hteck.fr\/fr\/wp-json\/wp\/v2\/product_cat?post=12694"},{"taxonomy":"product_tag","embeddable":true,"href":"https:\/\/hteck.fr\/fr\/wp-json\/wp\/v2\/product_tag?post=12694"}],"curies":[{"name":"wp","href":"https:\/\/api.w.org\/{rel}","templated":true}]}}