{"id":12693,"date":"2025-05-01T12:23:37","date_gmt":"2025-05-01T12:23:37","guid":{"rendered":"https:\/\/hteck.fr\/product\/bracelet-en-cuir-samsung-galaxy-watch-4-4-classic-m-l-et-shr89lregeu-rouge\/"},"modified":"2025-05-01T12:23:37","modified_gmt":"2025-05-01T12:23:37","slug":"bracelet-en-cuir-samsung-galaxy-watch-4-4-classic-m-l-et-shr89lregeu-rouge","status":"publish","type":"product","link":"https:\/\/hteck.fr\/fr\/produit\/bracelet-en-cuir-samsung-galaxy-watch-4-4-classic-m-l-et-shr89lregeu-rouge\/","title":{"rendered":"Bracelet en cuir Samsung Galaxy Watch 4\/4 Classic m\/l ET-SHR89LREGEU Rouge"},"content":{"rendered":"<p><strong>Description du produit :<\/strong><\/p>\n<p>Bracelet de remplacement Samsung d&rsquo;origine pour votre montre connect\u00e9e Samsung, fabriqu\u00e9 \u00e0 partir d&rsquo;une combinaison de cuir v\u00e9ritable et de silicone \u00e0 l&rsquo;int\u00e9rieur.<br \/>\nLe bracelet en cuir hybride exhale une qualit\u00e9 premium en utilisant un cuir ext\u00e9rieur r\u00e9sistant \u00e0 la transpiration et un mat\u00e9riau fluoro\u00e9lastom\u00e8re \u00e0 l&rsquo;int\u00e9rieur.<br \/>\nLe design aux \u00e9l\u00e9ments esth\u00e9tiques avanc\u00e9s conf\u00e8re ensuite au bracelet un aspect \u00e0 la fois classique et sportif, s&rsquo;adaptant \u00e0 tous vos besoins.<br \/>\nLe bracelet en cuir hybride a \u00e9t\u00e9 con\u00e7u pour maintenir la montre fermement et de mani\u00e8re stable \u00e0 votre poignet, ce qui am\u00e9liore sa capacit\u00e9 \u00e0 mesurer et \u00e0 fournir des donn\u00e9es plus pr\u00e9cises.<\/p>\n<p>Caract\u00e9ristiques<br \/>\n&#8211; Bracelet en cuir hybride de qualit\u00e9 sup\u00e9rieure<br \/>\n&#8211; Pour les poignets d&rsquo;une circonf\u00e9rence de 145-205 mm<br \/>\n&#8211; Fabriqu\u00e9 en cuir de haute qualit\u00e9 avec coutures<br \/>\n&#8211; Int\u00e9rieur en fluoro\u00e9lastom\u00e8re r\u00e9sistant \u00e0 la transpiration<br \/>\n&#8211; Boucle en m\u00e9tal<br \/>\n&#8211; Fermeture s\u00e9curis\u00e9e<br \/>\n&#8211; Largeur du bracelet pour fixation 20mm<\/p>\n","protected":false},"excerpt":{"rendered":"<p>Description du produit : Bracelet de remplacement Samsung d&rsquo;origine pour votre montre connect\u00e9e Samsung, fabriqu\u00e9 \u00e0 partir d&rsquo;une combinaison de<\/p>\n","protected":false},"featured_media":12182,"comment_status":"open","ping_status":"closed","template":"","meta":[],"product_brand":[124],"product_cat":[270],"product_tag":[],"class_list":{"0":"post-12693","1":"product","2":"type-product","3":"status-publish","4":"has-post-thumbnail","6":"product_brand-samsung","7":"product_cat-appareils-portables","9":"first","10":"instock","11":"shipping-taxable","12":"purchasable","13":"product-type-simple"},"_links":{"self":[{"href":"https:\/\/hteck.fr\/fr\/wp-json\/wp\/v2\/product\/12693","targetHints":{"allow":["GET"]}}],"collection":[{"href":"https:\/\/hteck.fr\/fr\/wp-json\/wp\/v2\/product"}],"about":[{"href":"https:\/\/hteck.fr\/fr\/wp-json\/wp\/v2\/types\/product"}],"replies":[{"embeddable":true,"href":"https:\/\/hteck.fr\/fr\/wp-json\/wp\/v2\/comments?post=12693"}],"version-history":[{"count":0,"href":"https:\/\/hteck.fr\/fr\/wp-json\/wp\/v2\/product\/12693\/revisions"}],"wp:featuredmedia":[{"embeddable":true,"href":"https:\/\/hteck.fr\/fr\/wp-json\/wp\/v2\/media\/12182"}],"wp:attachment":[{"href":"https:\/\/hteck.fr\/fr\/wp-json\/wp\/v2\/media?parent=12693"}],"wp:term":[{"taxonomy":"product_brand","embeddable":true,"href":"https:\/\/hteck.fr\/fr\/wp-json\/wp\/v2\/product_brand?post=12693"},{"taxonomy":"product_cat","embeddable":true,"href":"https:\/\/hteck.fr\/fr\/wp-json\/wp\/v2\/product_cat?post=12693"},{"taxonomy":"product_tag","embeddable":true,"href":"https:\/\/hteck.fr\/fr\/wp-json\/wp\/v2\/product_tag?post=12693"}],"curies":[{"name":"wp","href":"https:\/\/api.w.org\/{rel}","templated":true}]}}