{"id":12632,"date":"2025-03-13T11:44:19","date_gmt":"2025-03-13T11:44:19","guid":{"rendered":"https:\/\/hteck.fr\/product\/samsung-galaxy-s25-ultra-5g-256-go-titanium-whitesilver-ue-nouveau\/"},"modified":"2025-12-22T11:16:12","modified_gmt":"2025-12-22T11:16:12","slug":"samsung-galaxy-s25-ultra-5g-256-go-titanium-whitesilver-ue-nouveau","status":"publish","type":"product","link":"https:\/\/hteck.fr\/fr\/produit\/samsung-galaxy-s25-ultra-5g-256-go-titanium-whitesilver-ue-nouveau\/","title":{"rendered":"Samsung galaxy S25 ultra 5G 256 Go titanium whitesilver &#8211; UE &#8211; nouveau"},"content":{"rendered":"<p>Nous vous pr\u00e9sentons le Samsung Galaxy S25 Ultra 5G dans une exquise finition Titanium Whitesilver, l&rsquo;apog\u00e9e du design sophistiqu\u00e9 et de la technologie de pointe. Con\u00e7u pour les passionn\u00e9s de technologie et les adeptes du style, ce smartphone phare offre une capacit\u00e9 de stockage colossale de 256 Go, garantissant un espace amplement suffisant pour toutes vos applications, photos et fichiers. <\/p>\n<p>Le S25 Ultra arbore un \u00e9cran Dynamic AMOLED \u00e9poustouflant, offrant une clart\u00e9 et des couleurs vibrantes in\u00e9gal\u00e9es, transformant chaque activit\u00e9, de la navigation \u00e0 la diffusion en continu, en un d\u00e9lice visuel. Propuls\u00e9 par un processeur avanc\u00e9 et dot\u00e9 de la capacit\u00e9 5G, cet appareil promet des performances et une connectivit\u00e9 ultrarapides, vous assurant de rester \u00e0 l&rsquo;avant-garde dans le monde num\u00e9rique effr\u00e9n\u00e9 d&rsquo;aujourd&rsquo;hui. <\/p>\n<p>Capturez votre monde avec une pr\u00e9cision stup\u00e9fiante gr\u00e2ce au syst\u00e8me de cam\u00e9ra multi-objectifs \u00e0 la pointe de la technologie, con\u00e7u pour produire des photos et des vid\u00e9os de qualit\u00e9 professionnelle dans n&rsquo;importe quel environnement. La technologie de cam\u00e9ra innovante stimule votre cr\u00e9ativit\u00e9 avec des fonctionnalit\u00e9s telles que le Mode Nuit et le Zoom Optique 10x. <\/p>\n<p>\u00c9labor\u00e9 pour l&rsquo;efficacit\u00e9, le Samsung Galaxy S25 Ultra est \u00e9quip\u00e9 d&rsquo;une batterie longue dur\u00e9e et de fonctionnalit\u00e9s intelligentes d&rsquo;\u00e9conomie d&rsquo;\u00e9nergie, vous offrant la libert\u00e9 de rester connect\u00e9 toute la journ\u00e9e.<\/p>\n<p>Con\u00e7u exclusivement pour le march\u00e9 europ\u00e9en, ce tout nouveau combin\u00e9 incarne l&rsquo;\u00e9l\u00e9gance et la puissance, en faisant un incontournable pour ceux qui souhaitent exp\u00e9rimenter l&rsquo;avenir de la technologie mobile. \u00c9levez votre exp\u00e9rience mobile avec le Samsung Galaxy S25 Ultra 5G \u2013 l\u00e0 o\u00f9 le style rencontre la performance. <\/p>\n","protected":false},"excerpt":{"rendered":"<p>Nous vous pr\u00e9sentons le Samsung Galaxy S25 Ultra 5G dans une exquise finition Titanium Whitesilver, l&rsquo;apog\u00e9e du design sophistiqu\u00e9 et<\/p>\n","protected":false},"featured_media":12028,"comment_status":"open","ping_status":"closed","template":"","meta":[],"product_brand":[124],"product_cat":[260,258,251],"product_tag":[],"class_list":{"0":"post-12632","1":"product","2":"type-product","3":"status-publish","4":"has-post-thumbnail","6":"product_brand-samsung","7":"product_cat-galaxy-s-fr","8":"product_cat-samsung-fr","9":"product_cat-telephone-mobile","11":"first","12":"instock","13":"shipping-taxable","14":"purchasable","15":"product-type-simple"},"_links":{"self":[{"href":"https:\/\/hteck.fr\/fr\/wp-json\/wp\/v2\/product\/12632","targetHints":{"allow":["GET"]}}],"collection":[{"href":"https:\/\/hteck.fr\/fr\/wp-json\/wp\/v2\/product"}],"about":[{"href":"https:\/\/hteck.fr\/fr\/wp-json\/wp\/v2\/types\/product"}],"replies":[{"embeddable":true,"href":"https:\/\/hteck.fr\/fr\/wp-json\/wp\/v2\/comments?post=12632"}],"version-history":[{"count":1,"href":"https:\/\/hteck.fr\/fr\/wp-json\/wp\/v2\/product\/12632\/revisions"}],"predecessor-version":[{"id":12776,"href":"https:\/\/hteck.fr\/fr\/wp-json\/wp\/v2\/product\/12632\/revisions\/12776"}],"wp:featuredmedia":[{"embeddable":true,"href":"https:\/\/hteck.fr\/fr\/wp-json\/wp\/v2\/media\/12028"}],"wp:attachment":[{"href":"https:\/\/hteck.fr\/fr\/wp-json\/wp\/v2\/media?parent=12632"}],"wp:term":[{"taxonomy":"product_brand","embeddable":true,"href":"https:\/\/hteck.fr\/fr\/wp-json\/wp\/v2\/product_brand?post=12632"},{"taxonomy":"product_cat","embeddable":true,"href":"https:\/\/hteck.fr\/fr\/wp-json\/wp\/v2\/product_cat?post=12632"},{"taxonomy":"product_tag","embeddable":true,"href":"https:\/\/hteck.fr\/fr\/wp-json\/wp\/v2\/product_tag?post=12632"}],"curies":[{"name":"wp","href":"https:\/\/api.w.org\/{rel}","templated":true}]}}