{"id":12623,"date":"2025-03-13T11:44:19","date_gmt":"2025-03-13T11:44:19","guid":{"rendered":"https:\/\/hteck.fr\/product\/samsung-galaxy-s25-ultra-5g-512-go-titane-gris-ue-nouveau\/"},"modified":"2025-12-22T11:16:13","modified_gmt":"2025-12-22T11:16:13","slug":"samsung-galaxy-s25-ultra-5g-512-go-titane-gris-ue-nouveau","status":"publish","type":"product","link":"https:\/\/hteck.fr\/fr\/produit\/samsung-galaxy-s25-ultra-5g-512-go-titane-gris-ue-nouveau\/","title":{"rendered":"Samsung galaxy S25 ultra 5G 512 Go Titane gris &#8211; UE &#8211; nouveau"},"content":{"rendered":"<p>Faites l&rsquo;exp\u00e9rience d&rsquo;une innovation sans pr\u00e9c\u00e9dent avec le Samsung Galaxy S25 Ultra 5G, un v\u00e9ritable chef-d&rsquo;\u0153uvre de technologie et de design. Ce smartphone haut de gamme, dans sa teinte \u00e9l\u00e9gante de titane gris, est con\u00e7u \u00e0 la perfection, alliant style et substance pour l&rsquo;utilisateur moderne. Dot\u00e9 d&rsquo;une capacit\u00e9 de stockage robuste de 256 Go, vous disposerez d&rsquo;un espace amplement suffisant pour toutes vos applications, photographies et vid\u00e9os.  <\/p>\n<p>La connectivit\u00e9 5G de pointe du S25 Ultra garantit des vitesses Internet ultrarapides, vous permettant de diffuser, naviguer et t\u00e9l\u00e9charger avec une efficacit\u00e9 optimale. D\u00e9lectez-vous de la brillance de l&rsquo;\u00e9cran Dynamic AMOLED 2X expansif, offrant des couleurs vives et des contrastes saisissants pour une exp\u00e9rience visuelle immersive. <\/p>\n<p>Capturez les moments de la vie avec une pr\u00e9cision exquise gr\u00e2ce au syst\u00e8me de quadruple cam\u00e9ra am\u00e9lior\u00e9, con\u00e7u pour exceller dans toutes les conditions d&rsquo;\u00e9clairage. Propuls\u00e9 par la derni\u00e8re technologie de traitement, ce smartphone assure un multit\u00e2che fluide et des performances optimales. <\/p>\n<p>Parfait pour les passionn\u00e9s de technologie et les professionnels, le Samsung Galaxy S25 Ultra 5G est con\u00e7u pour l&rsquo;excellence, offrant fiabilit\u00e9 et innovation \u00e0 chaque point de contact. Vendu neuf et pr\u00eat \u00e0 l&#8217;emploi dans l&rsquo;UE, cet appareil incarne l&rsquo;avenir de la communication mobile et du divertissement. \u00c9levez votre exp\u00e9rience num\u00e9rique avec le Samsung Galaxy S25 Ultra 5G d\u00e8s aujourd&rsquo;hui.  <\/p>\n","protected":false},"excerpt":{"rendered":"<p>Faites l&rsquo;exp\u00e9rience d&rsquo;une innovation sans pr\u00e9c\u00e9dent avec le Samsung Galaxy S25 Ultra 5G, un v\u00e9ritable chef-d&rsquo;\u0153uvre de technologie et de<\/p>\n","protected":false},"featured_media":12027,"comment_status":"open","ping_status":"closed","template":"","meta":[],"product_brand":[124],"product_cat":[260,258,251],"product_tag":[],"class_list":{"0":"post-12623","1":"product","2":"type-product","3":"status-publish","4":"has-post-thumbnail","6":"product_brand-samsung","7":"product_cat-galaxy-s-fr","8":"product_cat-samsung-fr","9":"product_cat-telephone-mobile","11":"first","12":"instock","13":"shipping-taxable","14":"purchasable","15":"product-type-simple"},"_links":{"self":[{"href":"https:\/\/hteck.fr\/fr\/wp-json\/wp\/v2\/product\/12623","targetHints":{"allow":["GET"]}}],"collection":[{"href":"https:\/\/hteck.fr\/fr\/wp-json\/wp\/v2\/product"}],"about":[{"href":"https:\/\/hteck.fr\/fr\/wp-json\/wp\/v2\/types\/product"}],"replies":[{"embeddable":true,"href":"https:\/\/hteck.fr\/fr\/wp-json\/wp\/v2\/comments?post=12623"}],"version-history":[{"count":1,"href":"https:\/\/hteck.fr\/fr\/wp-json\/wp\/v2\/product\/12623\/revisions"}],"predecessor-version":[{"id":12777,"href":"https:\/\/hteck.fr\/fr\/wp-json\/wp\/v2\/product\/12623\/revisions\/12777"}],"wp:featuredmedia":[{"embeddable":true,"href":"https:\/\/hteck.fr\/fr\/wp-json\/wp\/v2\/media\/12027"}],"wp:attachment":[{"href":"https:\/\/hteck.fr\/fr\/wp-json\/wp\/v2\/media?parent=12623"}],"wp:term":[{"taxonomy":"product_brand","embeddable":true,"href":"https:\/\/hteck.fr\/fr\/wp-json\/wp\/v2\/product_brand?post=12623"},{"taxonomy":"product_cat","embeddable":true,"href":"https:\/\/hteck.fr\/fr\/wp-json\/wp\/v2\/product_cat?post=12623"},{"taxonomy":"product_tag","embeddable":true,"href":"https:\/\/hteck.fr\/fr\/wp-json\/wp\/v2\/product_tag?post=12623"}],"curies":[{"name":"wp","href":"https:\/\/api.w.org\/{rel}","templated":true}]}}