{"id":12604,"date":"2025-03-12T17:58:03","date_gmt":"2025-03-12T17:58:03","guid":{"rendered":"https:\/\/hteck.fr\/product\/iphone-16-256-go-myeg3zd-a-rose-neuf\/"},"modified":"2025-12-22T11:16:18","modified_gmt":"2025-12-22T11:16:18","slug":"iphone-16-256-go-myeg3zd-a-rose-neuf","status":"publish","type":"product","link":"https:\/\/hteck.fr\/fr\/produit\/iphone-16-256-go-myeg3zd-a-rose-neuf\/","title":{"rendered":"iPhone 16 256 Go MYEG3ZD\/a Rose &#8211; neuf"},"content":{"rendered":"\t\t<div data-elementor-type=\"wp-post\" data-elementor-id=\"12604\" class=\"elementor elementor-12604 elementor-10757\">\n\t\t\t\t<div class=\"wd-negative-gap elementor-element elementor-element-6913f81 e-flex e-con-boxed e-con e-parent\" data-id=\"6913f81\" data-element_type=\"container\" data-e-type=\"container\">\n\t\t\t\t\t<div class=\"e-con-inner\">\n\t\t\t\t<div class=\"elementor-element elementor-element-78821ad elementor-widget elementor-widget-wd_text_block\" data-id=\"78821ad\" data-element_type=\"widget\" data-e-type=\"widget\" data-widget_type=\"wd_text_block.default\">\n\t\t\t\t<div class=\"elementor-widget-container\">\n\t\t\t\t\t\t\t<div class=\"wd-text-block reset-last-child text-left\">\n\t\t\t\n\t\t\t<h3><strong>iPhone 16 256 Go Rose - <\/strong>MYEG3ZD\/a<\/h3><p>L'<strong>iPhone 16<\/strong> offre des performances de pointe avec un design \u00e9l\u00e9gant et moderne. Que vous capturiez des moments, diffusiez des m\u00e9dias ou restiez connect\u00e9, cet appareil propose l'\u00e9quilibre parfait entre innovation et facilit\u00e9 d'utilisation. <\/p><h4>Caract\u00e9ristiques principales :<\/h4><ul><li><strong>\u00c9cran Super Retina XDR de 6,2 pouces<\/strong> : Couleurs vibrantes et contraste \u00e9lev\u00e9 pour une exp\u00e9rience visuelle immersive.<\/li><li><strong>Puce A18 Bionic<\/strong> : Performances ultrarapides et efficacit\u00e9 \u00e9nerg\u00e9tique, id\u00e9ales pour le multit\u00e2che et les applications exigeantes.<\/li><li><strong>Syst\u00e8me de double cam\u00e9ra 48 MP<\/strong> : Capturez des photos et des vid\u00e9os \u00e9poustouflantes avec des performances am\u00e9lior\u00e9es en basse lumi\u00e8re et des fonctionnalit\u00e9s photographiques avanc\u00e9es.<\/li><li><strong>Connectivit\u00e9 5G ultra-rapide<\/strong> : T\u00e9l\u00e9chargez, diffusez et naviguez \u00e0 des vitesses incroyables.<\/li><li><strong>Autonomie am\u00e9lior\u00e9e<\/strong> : Optimis\u00e9e pour une utilisation toute la journ\u00e9e avec une seule charge.<\/li><li><strong>Capacit\u00e9 de stockage \u00e0 partir de 128 Go<\/strong> : Espace amplement suffisant pour vos photos, vid\u00e9os et applications.<\/li><li><strong>iOS 18<\/strong> : Profitez des derni\u00e8res fonctionnalit\u00e9s et am\u00e9liorations avec le syst\u00e8me d'exploitation le plus avanc\u00e9 d'Apple \u00e0 ce jour.<\/li><\/ul><p>L'<strong>iPhone 16<\/strong> est le choix id\u00e9al pour les utilisateurs recherchant un smartphone performant et facile \u00e0 utiliser, excellent dans les t\u00e2ches quotidiennes.<\/p>\n\t\t\t\t\t<\/div>\n\t\t\t\t\t\t<\/div>\n\t\t\t\t<\/div>\n\t\t\t\t\t<\/div>\n\t\t\t\t<\/div>\n\t\t\t\t<\/div>\n\t\t","protected":false},"excerpt":{"rendered":"<p>\u00c9cran Super Retina XDR de 6,2 pouces, \u00e9quip\u00e9 de la puce A18 Bionic pour des performances rapides et efficaces. Syst\u00e8me de double cam\u00e9ra 48 MP, connectivit\u00e9 5G ultra-rapide et autonomie am\u00e9lior\u00e9e. Un choix parfait pour une utilisation quotidienne avec des capacit\u00e9s photographiques impressionnantes.  <\/p>\n","protected":false},"featured_media":11998,"comment_status":"open","ping_status":"closed","template":"","meta":[],"product_brand":[123],"product_cat":[252,256,251],"product_tag":[],"class_list":{"0":"post-12604","1":"product","2":"type-product","3":"status-publish","4":"has-post-thumbnail","6":"product_brand-apple","7":"product_cat-apple-fr","8":"product_cat-i-phone-fr","9":"product_cat-telephone-mobile","11":"first","12":"instock","13":"featured","14":"shipping-taxable","15":"purchasable","16":"product-type-simple"},"_links":{"self":[{"href":"https:\/\/hteck.fr\/fr\/wp-json\/wp\/v2\/product\/12604","targetHints":{"allow":["GET"]}}],"collection":[{"href":"https:\/\/hteck.fr\/fr\/wp-json\/wp\/v2\/product"}],"about":[{"href":"https:\/\/hteck.fr\/fr\/wp-json\/wp\/v2\/types\/product"}],"replies":[{"embeddable":true,"href":"https:\/\/hteck.fr\/fr\/wp-json\/wp\/v2\/comments?post=12604"}],"version-history":[{"count":2,"href":"https:\/\/hteck.fr\/fr\/wp-json\/wp\/v2\/product\/12604\/revisions"}],"predecessor-version":[{"id":13894,"href":"https:\/\/hteck.fr\/fr\/wp-json\/wp\/v2\/product\/12604\/revisions\/13894"}],"wp:featuredmedia":[{"embeddable":true,"href":"https:\/\/hteck.fr\/fr\/wp-json\/wp\/v2\/media\/11998"}],"wp:attachment":[{"href":"https:\/\/hteck.fr\/fr\/wp-json\/wp\/v2\/media?parent=12604"}],"wp:term":[{"taxonomy":"product_brand","embeddable":true,"href":"https:\/\/hteck.fr\/fr\/wp-json\/wp\/v2\/product_brand?post=12604"},{"taxonomy":"product_cat","embeddable":true,"href":"https:\/\/hteck.fr\/fr\/wp-json\/wp\/v2\/product_cat?post=12604"},{"taxonomy":"product_tag","embeddable":true,"href":"https:\/\/hteck.fr\/fr\/wp-json\/wp\/v2\/product_tag?post=12604"}],"curies":[{"name":"wp","href":"https:\/\/api.w.org\/{rel}","templated":true}]}}