{"id":12603,"date":"2025-03-12T17:58:03","date_gmt":"2025-03-12T17:58:03","guid":{"rendered":"https:\/\/hteck.fr\/product\/iphone-16-plus-128-go-mxvu3zd-a-noir-tout-neuf\/"},"modified":"2025-12-22T11:16:16","modified_gmt":"2025-12-22T11:16:16","slug":"iphone-16-plus-128-go-mxvu3zd-a-noir-tout-neuf","status":"publish","type":"product","link":"https:\/\/hteck.fr\/fr\/produit\/iphone-16-plus-128-go-mxvu3zd-a-noir-tout-neuf\/","title":{"rendered":"iPhone 16 plus 128 Go MXVU3ZD\/a noir &#8211; Tout neuf"},"content":{"rendered":"<h3><strong>Apple iPhone 16 plus 128 Go noir &#8211; <\/strong>MXVU3ZD\/a<\/h3>\n<p>Profitez d&rsquo;un \u00e9cran plus grand et d&rsquo;une autonomie prolong\u00e9e avec l&rsquo;<strong>iPhone 16 Plus<\/strong>. Con\u00e7u pour les utilisateurs d\u00e9sirant un espace d&rsquo;affichage accru sans compromettre les performances. <\/p>\n<h4>Caract\u00e9ristiques principales :<\/h4>\n<ul>\n<li><strong>\u00c9cran Super Retina XDR de 6,7 pouces<\/strong> : B\u00e9n\u00e9ficiez d&rsquo;un \u00e9cran plus grand et immersif, id\u00e9al pour le multim\u00e9dia, la productivit\u00e9 et le jeu.<\/li>\n<li><strong>Puce A18 Bionic<\/strong> : La m\u00eame puce puissante que le mod\u00e8le standard, optimis\u00e9e pour un \u00e9cran plus grand.<\/li>\n<li><strong>Syst\u00e8me de double cam\u00e9ra 48 MP<\/strong> : Capturez des photos nettes et \u00e9clatantes avec des performances am\u00e9lior\u00e9es en basse lumi\u00e8re et un zoom optique.<\/li>\n<li><strong>Autonomie prolong\u00e9e<\/strong> : Une batterie plus grande pour une utilisation sur une journ\u00e9e enti\u00e8re, m\u00eame en cas d&rsquo;usage intensif.<\/li>\n<li><strong>5G et Wi-Fi 6E<\/strong> : Connectivit\u00e9 rapide pour tous vos besoins num\u00e9riques.<\/li>\n<li><strong>Stockage \u00e0 partir de 128 Go<\/strong> : Ample espace pour vos photos, vid\u00e9os et applications.<\/li>\n<\/ul>\n<p>L&rsquo;<strong>iPhone 16 Plus<\/strong> est parfait pour ceux qui d\u00e9sirent un \u00e9cran plus grand et une autonomie prolong\u00e9e, sans compromettre la puissance.<\/p>\n","protected":false},"excerpt":{"rendered":"<p>Grand \u00e9cran Super Retina XDR de 6,7 pouces, propuls\u00e9 par la puce A18 Bionic. Double cam\u00e9ra de 48 MP, autonomie prolong\u00e9e et stockage \u00e0 partir de 128 Go. Parfait pour ceux qui souhaitent un \u00e9cran plus grand et une autonomie prolong\u00e9e sans compromettre la puissance.  <\/p>\n","protected":false},"featured_media":12007,"comment_status":"open","ping_status":"closed","template":"","meta":[],"product_brand":[123],"product_cat":[252,256,251],"product_tag":[],"class_list":{"0":"post-12603","1":"product","2":"type-product","3":"status-publish","4":"has-post-thumbnail","6":"product_brand-apple","7":"product_cat-apple-fr","8":"product_cat-i-phone-fr","9":"product_cat-telephone-mobile","11":"first","12":"instock","13":"featured","14":"shipping-taxable","15":"purchasable","16":"product-type-simple"},"_links":{"self":[{"href":"https:\/\/hteck.fr\/fr\/wp-json\/wp\/v2\/product\/12603","targetHints":{"allow":["GET"]}}],"collection":[{"href":"https:\/\/hteck.fr\/fr\/wp-json\/wp\/v2\/product"}],"about":[{"href":"https:\/\/hteck.fr\/fr\/wp-json\/wp\/v2\/types\/product"}],"replies":[{"embeddable":true,"href":"https:\/\/hteck.fr\/fr\/wp-json\/wp\/v2\/comments?post=12603"}],"version-history":[{"count":1,"href":"https:\/\/hteck.fr\/fr\/wp-json\/wp\/v2\/product\/12603\/revisions"}],"predecessor-version":[{"id":13888,"href":"https:\/\/hteck.fr\/fr\/wp-json\/wp\/v2\/product\/12603\/revisions\/13888"}],"wp:featuredmedia":[{"embeddable":true,"href":"https:\/\/hteck.fr\/fr\/wp-json\/wp\/v2\/media\/12007"}],"wp:attachment":[{"href":"https:\/\/hteck.fr\/fr\/wp-json\/wp\/v2\/media?parent=12603"}],"wp:term":[{"taxonomy":"product_brand","embeddable":true,"href":"https:\/\/hteck.fr\/fr\/wp-json\/wp\/v2\/product_brand?post=12603"},{"taxonomy":"product_cat","embeddable":true,"href":"https:\/\/hteck.fr\/fr\/wp-json\/wp\/v2\/product_cat?post=12603"},{"taxonomy":"product_tag","embeddable":true,"href":"https:\/\/hteck.fr\/fr\/wp-json\/wp\/v2\/product_tag?post=12603"}],"curies":[{"name":"wp","href":"https:\/\/api.w.org\/{rel}","templated":true}]}}