{"id":12599,"date":"2025-03-11T07:43:54","date_gmt":"2025-03-11T07:43:54","guid":{"rendered":"https:\/\/hteck.fr\/product\/iphone-16-pro-512-go-titane-noir-mynm3zd-a-tout-neuf\/"},"modified":"2025-06-23T17:09:33","modified_gmt":"2025-06-23T17:09:33","slug":"iphone-16-pro-512-go-titane-noir-mynm3zd-a-tout-neuf","status":"publish","type":"product","link":"https:\/\/hteck.fr\/fr\/produit\/iphone-16-pro-512-go-titane-noir-mynm3zd-a-tout-neuf\/","title":{"rendered":"iPhone 16 pro 512 Go titane noir MYNM3ZD\/a &#8211; Tout neuf"},"content":{"rendered":"\t\t<div data-elementor-type=\"wp-post\" data-elementor-id=\"12599\" class=\"elementor elementor-12599 elementor-10710\">\n\t\t\t\t<div class=\"wd-negative-gap elementor-element elementor-element-8c3c2c7 e-flex e-con-boxed e-con e-parent\" data-id=\"8c3c2c7\" data-element_type=\"container\" data-e-type=\"container\">\n\t\t\t\t\t<div class=\"e-con-inner\">\n\t\t<div class=\"elementor-element elementor-element-d0a7da0 e-con-full e-flex e-con e-child\" data-id=\"d0a7da0\" data-element_type=\"container\" data-e-type=\"container\">\n\t\t\t\t<div class=\"elementor-element elementor-element-fea3614 wd-width-100 elementor-widget elementor-widget-wd_title\" data-id=\"fea3614\" data-element_type=\"widget\" data-e-type=\"widget\" data-widget_type=\"wd_title.default\">\n\t\t\t\t<div class=\"elementor-widget-container\">\n\t\t\t\t\t\t\t<div class=\"title-wrapper wd-set-mb reset-last-child wd-title-color-default wd-title-style-default wd-title-size-small text-left\">\n\n\t\t\t\n\t\t\t<div class=\"liner-continer\">\n\t\t\t\t<h4 class=\"woodmart-title-container title wd-fontsize-m\">iPhone 16 pro 512 Go titane noir MYNM3ZD\/a - Tout neuf<\/h4> \n\t\t\t\t\t\t\t<\/div>\n\n\t\t\t\t\t<\/div>\n\t\t\t\t\t\t<\/div>\n\t\t\t\t<\/div>\n\t\t\t\t<div class=\"elementor-element elementor-element-ab13bf0 elementor-widget elementor-widget-wd_text_block\" data-id=\"ab13bf0\" data-element_type=\"widget\" data-e-type=\"widget\" data-widget_type=\"wd_text_block.default\">\n\t\t\t\t<div class=\"elementor-widget-container\">\n\t\t\t\t\t\t\t<div class=\"wd-text-block reset-last-child text-left\">\n\t\t\t\n\t\t\t<main id=\"page\" class=\"st-pusher \"><\/main><section id=\"wrapper\"><div class=\"main-content\"><div class=\"container\"><div class=\"row \"><div id=\"center-column\" class=\"center-column col-12\"><div class=\"center-wrapper\"><section><div class=\"main-product-bottom md-bottom\"><div class=\"product-tabs\"><div class=\"tab-content light-box-bg\"><div id=\"collapseDescription\" class=\"product-description-block tab-pane fade show active\"><div class=\"panel-content\"><div class=\"product-description typo\"><p>Nous avons l'honneur de vous pr\u00e9senter l'iPhone 16 Pro 512 Go en magnifique Titane Noir - mod\u00e8le MYNM3ZD\/A, l'incarnation m\u00eame de l'innovation et du luxe dans la technologie des smartphones. Cette toute nouvelle \u0153uvre d'art d'Apple allie des performances de pointe \u00e0 un design \u00e9l\u00e9gant et sophistiqu\u00e9, \u00e9tablissant de nouvelles normes en mati\u00e8re d'excellence mobile. <\/p><p>Con\u00e7u avec une finition en titane saisissante, l'iPhone 16 Pro exhale l'\u00e9l\u00e9gance tout en offrant une durabilit\u00e9 in\u00e9gal\u00e9e. Son \u00e9cran Super Retina XDR de 6,7 pouces offre une exp\u00e9rience visuelle immersive avec des couleurs \u00e9clatantes et des noirs profonds, donnant vie \u00e0 chaque image et vid\u00e9o. <\/p><p>\u00c9quip\u00e9 de la puissante puce A18 Bionic, l'iPhone 16 Pro garantit des performances fulgurantes, que vous soyez en train de multit\u00e2cher, de jouer ou d'exploiter tout le potentiel de la r\u00e9alit\u00e9 augment\u00e9e avanc\u00e9e. Capturez chaque instant dans des d\u00e9tails \u00e9poustouflants gr\u00e2ce au syst\u00e8me r\u00e9volutionnaire d'appareil photo \u00e0 triple objectif, dot\u00e9 de capacit\u00e9s am\u00e9lior\u00e9es en basse lumi\u00e8re et de fonctionnalit\u00e9s avanc\u00e9es de photographie computationnelle. <\/p><p>Avec une g\u00e9n\u00e9reuse capacit\u00e9 de stockage de 512 Go, vous disposerez d'un espace amplement suffisant pour stocker vos photos haute r\u00e9solution, vos vid\u00e9os 4K, vos applications et bien plus encore. De plus, profitez de la tranquillit\u00e9 d'esprit qu'offrent des fonctionnalit\u00e9s de s\u00e9curit\u00e9 de pointe et une autonomie optimis\u00e9e qui vous permet de rester connect\u00e9 plus longtemps. <\/p><p>Faites l'exp\u00e9rience de l'avenir de la technologie mobile avec l'iPhone 16 Pro 512 Go Titane Noir - l\u00e0 o\u00f9 la sophistication rencontre l'innovation. Effectuez une mise \u00e0 niveau d\u00e8s aujourd'hui et red\u00e9finissez votre exp\u00e9rience smartphone. <\/p><\/div><\/div><\/div><\/div><\/div><\/div><\/section><\/div><\/div><\/div><\/div><\/div><\/section>\n\t\t\t\t\t<\/div>\n\t\t\t\t\t\t<\/div>\n\t\t\t\t<\/div>\n\t\t\t\t<\/div>\n\t\t\t\t\t<\/div>\n\t\t\t\t<\/div>\n\t\t\t\t<\/div>\n\t\t","protected":false},"excerpt":{"rendered":"<p>Un appareil puissant dot\u00e9 d&rsquo;un \u00e9cran ProMotion de 6,3 pouces, de la puce A18 Pro Bionic et d&rsquo;un syst\u00e8me de triple cam\u00e9ra de 48 MP avec LiDAR. Design en titane, stockage \u00e0 partir de 256 Go et connectivit\u00e9 5G ultra-rapide. Id\u00e9al pour les utilisateurs recherchant des performances professionnelles et une photographie avanc\u00e9e.  <\/p>\n","protected":false},"featured_media":11978,"comment_status":"open","ping_status":"closed","template":"","meta":[],"product_brand":[123],"product_cat":[252,256,251],"product_tag":[],"class_list":{"0":"post-12599","1":"product","2":"type-product","3":"status-publish","4":"has-post-thumbnail","6":"product_brand-apple","7":"product_cat-apple-fr","8":"product_cat-i-phone-fr","9":"product_cat-telephone-mobile","11":"first","12":"instock","13":"featured","14":"shipping-taxable","15":"purchasable","16":"product-type-simple"},"_links":{"self":[{"href":"https:\/\/hteck.fr\/fr\/wp-json\/wp\/v2\/product\/12599","targetHints":{"allow":["GET"]}}],"collection":[{"href":"https:\/\/hteck.fr\/fr\/wp-json\/wp\/v2\/product"}],"about":[{"href":"https:\/\/hteck.fr\/fr\/wp-json\/wp\/v2\/types\/product"}],"replies":[{"embeddable":true,"href":"https:\/\/hteck.fr\/fr\/wp-json\/wp\/v2\/comments?post=12599"}],"version-history":[{"count":1,"href":"https:\/\/hteck.fr\/fr\/wp-json\/wp\/v2\/product\/12599\/revisions"}],"predecessor-version":[{"id":12600,"href":"https:\/\/hteck.fr\/fr\/wp-json\/wp\/v2\/product\/12599\/revisions\/12600"}],"wp:featuredmedia":[{"embeddable":true,"href":"https:\/\/hteck.fr\/fr\/wp-json\/wp\/v2\/media\/11978"}],"wp:attachment":[{"href":"https:\/\/hteck.fr\/fr\/wp-json\/wp\/v2\/media?parent=12599"}],"wp:term":[{"taxonomy":"product_brand","embeddable":true,"href":"https:\/\/hteck.fr\/fr\/wp-json\/wp\/v2\/product_brand?post=12599"},{"taxonomy":"product_cat","embeddable":true,"href":"https:\/\/hteck.fr\/fr\/wp-json\/wp\/v2\/product_cat?post=12599"},{"taxonomy":"product_tag","embeddable":true,"href":"https:\/\/hteck.fr\/fr\/wp-json\/wp\/v2\/product_tag?post=12599"}],"curies":[{"name":"wp","href":"https:\/\/api.w.org\/{rel}","templated":true}]}}