{"id":12597,"date":"2025-03-09T07:23:27","date_gmt":"2025-03-09T07:23:27","guid":{"rendered":"https:\/\/hteck.fr\/product\/iphone-16-pro-max-1tb-titanium-blanc-myx53zd-a-tout-neuf\/"},"modified":"2025-06-23T17:08:27","modified_gmt":"2025-06-23T17:08:27","slug":"iphone-16-pro-max-1tb-titanium-blanc-myx53zd-a-tout-neuf","status":"publish","type":"product","link":"https:\/\/hteck.fr\/fr\/produit\/iphone-16-pro-max-1tb-titanium-blanc-myx53zd-a-tout-neuf\/","title":{"rendered":"iPhone 16 pro Max 1TB Titanium blanc MYX53ZD\/a &#8211; Tout neuf"},"content":{"rendered":"\t\t<div data-elementor-type=\"wp-post\" data-elementor-id=\"12597\" class=\"elementor elementor-12597 elementor-10695\">\n\t\t\t\t<div class=\"wd-negative-gap elementor-element elementor-element-8c3c2c7 e-flex e-con-boxed e-con e-parent\" data-id=\"8c3c2c7\" data-element_type=\"container\" data-e-type=\"container\">\n\t\t\t\t\t<div class=\"e-con-inner\">\n\t\t<div class=\"elementor-element elementor-element-d0a7da0 e-con-full e-flex e-con e-child\" data-id=\"d0a7da0\" data-element_type=\"container\" data-e-type=\"container\">\n\t\t\t\t<div class=\"elementor-element elementor-element-fea3614 wd-width-100 elementor-widget elementor-widget-wd_title\" data-id=\"fea3614\" data-element_type=\"widget\" data-e-type=\"widget\" data-widget_type=\"wd_title.default\">\n\t\t\t\t<div class=\"elementor-widget-container\">\n\t\t\t\t\t\t\t<div class=\"title-wrapper wd-set-mb reset-last-child wd-title-color-default wd-title-style-default wd-title-size-small text-left\">\n\n\t\t\t\n\t\t\t<div class=\"liner-continer\">\n\t\t\t\t<h4 class=\"woodmart-title-container title wd-fontsize-m\"><strong>Description du produit : iPhone 16 pro Max 1TB Titanium blanc MYX53ZD\/a - Tout neuf<\/strong><\/h4> \n\t\t\t\t\t\t\t<\/div>\n\n\t\t\t\t\t<\/div>\n\t\t\t\t\t\t<\/div>\n\t\t\t\t<\/div>\n\t\t\t\t<div class=\"elementor-element elementor-element-ab13bf0 elementor-widget elementor-widget-wd_text_block\" data-id=\"ab13bf0\" data-element_type=\"widget\" data-e-type=\"widget\" data-widget_type=\"wd_text_block.default\">\n\t\t\t\t<div class=\"elementor-widget-container\">\n\t\t\t\t\t\t\t<div class=\"wd-text-block reset-last-child text-left\">\n\t\t\t\n\t\t\t<p>\u00c9levez votre exp\u00e9rience mobile avec l'iPhone 16 Pro Max, un chef-d'\u0153uvre d'innovation technologique et d'excellence en mati\u00e8re de conception. Envelopp\u00e9 dans une superbe finition Titanium blanc, cet appareil phare t\u00e9moigne d'un savoir-faire in\u00e9gal\u00e9 et d'une fonctionnalit\u00e9 \u00e0 la pointe de la technologie. <\/p><p><strong>Caract\u00e9ristiques principales :<\/strong><\/p><ul><li><p><strong>Design \u00e9poustouflant :<\/strong> L'ext\u00e9rieur \u00e9l\u00e9gant en Titanium blanc n'exsude pas seulement la sophistication, mais offre \u00e9galement une durabilit\u00e9 incroyable, garantissant que votre appareil reste un ajout intemporel \u00e0 votre arsenal technologique.<\/p><\/li><li><p><strong>Stockage massif :<\/strong> Avec une capacit\u00e9 de stockage colossale de 1 To, vous avez la libert\u00e9 de capturer chaque moment en haute d\u00e9finition, de stocker votre biblioth\u00e8que multim\u00e9dia enti\u00e8re et de t\u00e9l\u00e9charger les applications que vous aimez sans compromis.<\/p><\/li><li><p><strong>Syst\u00e8me de cam\u00e9ra r\u00e9volutionnaire :<\/strong> Capturez sans effort des photos et des vid\u00e9os de qualit\u00e9 professionnelle gr\u00e2ce au syst\u00e8me de cam\u00e9ra avanc\u00e9, dot\u00e9 d'un mode nuit am\u00e9lior\u00e9, d'un enregistrement vid\u00e9o 8K et d'un traitement d'image assist\u00e9 par IA pour des visuels \u00e9poustouflants dans toutes les conditions.<\/p><\/li><li><p><strong>Affichage \u00e9tonnant :<\/strong> Immergez-vous dans l'\u00e9cran Super Retina XDR vibrant de 6,9 pouces. Que vous diffusiez du contenu en streaming, jouiez ou naviguiez, faites l'exp\u00e9rience d'une clart\u00e9, d'une pr\u00e9cision des couleurs et d'une fluidit\u00e9 stup\u00e9fiantes qui red\u00e9finissent ce qui est possible sur un smartphone. <\/p><\/li><li><p><strong>Performance in\u00e9gal\u00e9e :<\/strong> Propuls\u00e9 par la derni\u00e8re puce A18 Bionic, l'iPhone 16 Pro Max offre des performances ultra-rapides et une efficacit\u00e9 \u00e9nerg\u00e9tique impressionnante, rendant le multit\u00e2che et les applications exigeantes un jeu d'enfant.<\/p><\/li><li><p><strong>Connectivit\u00e9 de nouvelle g\u00e9n\u00e9ration :<\/strong> \u00c9quip\u00e9 de la capacit\u00e9 5G, profitez de vitesses de t\u00e9l\u00e9chargement et de streaming ultra-rapides, assurant une connexion fluide o\u00f9 que vous alliez.<\/p><\/li><li><p><strong>S\u00e9curit\u00e9 renforc\u00e9e :<\/strong> Votre confidentialit\u00e9 est primordiale avec la technologie Face ID avanc\u00e9e et des fonctionnalit\u00e9s de s\u00e9curit\u00e9 renforc\u00e9es, gardant vos donn\u00e9es en s\u00e9curit\u00e9 et accessibles uniquement \u00e0 vous.<\/p><\/li><\/ul><p>L'iPhone 16 Pro Max 1TB Titanium blanc est plus qu'un simple smartphone ; c'est une passerelle vers des possibilit\u00e9s infinies. Que vous soyez un passionn\u00e9 de technologie, un aficionado de la photographie ou simplement quelqu'un qui appr\u00e9cie la qualit\u00e9 premium, cet appareil est con\u00e7u pour d\u00e9passer vos attentes \u00e0 chaque instant. D\u00e9couvrez l'avenir de la technologie mobile avec l'iPhone 16 Pro Max d\u00e8s aujourd'hui.  <\/p>\n\t\t\t\t\t<\/div>\n\t\t\t\t\t\t<\/div>\n\t\t\t\t<\/div>\n\t\t\t\t<\/div>\n\t\t\t\t\t<\/div>\n\t\t\t\t<\/div>\n\t\t\t\t<\/div>\n\t\t","protected":false},"excerpt":{"rendered":"<p>Un appareil puissant dot\u00e9 d&rsquo;un \u00e9cran ProMotion de 6,3 pouces, de la puce A18 Pro Bionic et d&rsquo;un syst\u00e8me de triple cam\u00e9ra de 48 MP avec LiDAR. Design en titane, stockage \u00e0 partir de 256 Go et connectivit\u00e9 5G ultra-rapide. Id\u00e9al pour les utilisateurs recherchant des performances professionnelles et une photographie avanc\u00e9e.  <\/p>\n","protected":false},"featured_media":12022,"comment_status":"open","ping_status":"closed","template":"","meta":[],"product_brand":[123],"product_cat":[252,256,251],"product_tag":[],"class_list":{"0":"post-12597","1":"product","2":"type-product","3":"status-publish","4":"has-post-thumbnail","6":"product_brand-apple","7":"product_cat-apple-fr","8":"product_cat-i-phone-fr","9":"product_cat-telephone-mobile","11":"first","12":"instock","13":"featured","14":"shipping-taxable","15":"product-type-simple"},"_links":{"self":[{"href":"https:\/\/hteck.fr\/fr\/wp-json\/wp\/v2\/product\/12597","targetHints":{"allow":["GET"]}}],"collection":[{"href":"https:\/\/hteck.fr\/fr\/wp-json\/wp\/v2\/product"}],"about":[{"href":"https:\/\/hteck.fr\/fr\/wp-json\/wp\/v2\/types\/product"}],"replies":[{"embeddable":true,"href":"https:\/\/hteck.fr\/fr\/wp-json\/wp\/v2\/comments?post=12597"}],"version-history":[{"count":1,"href":"https:\/\/hteck.fr\/fr\/wp-json\/wp\/v2\/product\/12597\/revisions"}],"predecessor-version":[{"id":12598,"href":"https:\/\/hteck.fr\/fr\/wp-json\/wp\/v2\/product\/12597\/revisions\/12598"}],"wp:featuredmedia":[{"embeddable":true,"href":"https:\/\/hteck.fr\/fr\/wp-json\/wp\/v2\/media\/12022"}],"wp:attachment":[{"href":"https:\/\/hteck.fr\/fr\/wp-json\/wp\/v2\/media?parent=12597"}],"wp:term":[{"taxonomy":"product_brand","embeddable":true,"href":"https:\/\/hteck.fr\/fr\/wp-json\/wp\/v2\/product_brand?post=12597"},{"taxonomy":"product_cat","embeddable":true,"href":"https:\/\/hteck.fr\/fr\/wp-json\/wp\/v2\/product_cat?post=12597"},{"taxonomy":"product_tag","embeddable":true,"href":"https:\/\/hteck.fr\/fr\/wp-json\/wp\/v2\/product_tag?post=12597"}],"curies":[{"name":"wp","href":"https:\/\/api.w.org\/{rel}","templated":true}]}}